{"id":738467,"date":"2025-08-27T23:50:41","date_gmt":"2025-08-27T20:50:41","guid":{"rendered":"https:\/\/roveyayinevi.com.tr\/index.php\/urun\/kafkas-halk-destanlari\/"},"modified":"2026-01-23T03:00:44","modified_gmt":"2026-01-23T00:00:44","slug":"kafkas-halk-destanlari","status":"publish","type":"product","link":"https:\/\/roveyayinevi.com.tr\/index.php\/urun\/kafkas-halk-destanlari\/","title":{"rendered":"Kafkas Halk Destanlar\u0131"},"content":{"rendered":"<p>G\u00fcne\u015f\u2019mi\u015f Satanay\u2019\u0131n atas\u0131, Ay\u2019m\u0131\u015f onu do\u011furan tatl\u0131 anas\u0131. Deniz Teyrisi ka\u00e7\u0131rm\u0131\u015f onu Ay\u2019dan, Su Jelmauz\u2019mu\u015f (su ejderiymi\u015f) onu Ay\u2019dan ka\u00e7\u0131ran\u0131n ad\u0131. Ay da G\u00fcne\u015f de onun i\u00e7in tutulmu\u015f, Onun i\u00e7in titreyip sars\u0131l\u0131rm\u0131\u015f, Ay da G\u00fcne\u015f de onun i\u00e7in esirgermi\u015f yerden \u0131\u015f\u0131\u011f\u0131n\u0131, A\u011f\u0131tlar\u0131na y\u0131ld\u0131zlar toplan\u0131rm\u0131\u015f. Ay ve G\u00fcne\u015f yery\u00fcz\u00fcne y\u00fcksek semalardan bakarlarm\u0131\u015f Satanay\u2019\u0131n yerini sorarlarm\u0131\u015f. H\u00e2li nicedir nerededir bulamazlarm\u0131\u015f, Jelmauz\u2019a sormaya yeltenemezlermi\u015f. Bir halk\u0131 tan\u0131mak, \u00f6rf ve adetlerini anlamakta o halk\u0131n folkloru, atalar\u0131ndan kalan efsaneleri, \u015fiirleri ve \u015fark\u0131lar\u0131 \u00f6nemli rol oynar. Kafkas folklor ara\u015ft\u0131rmalar\u0131 alan\u0131nda yapt\u0131\u011f\u0131 \u00e7al\u0131\u015fmalarla tan\u0131nan Tanzilia Hadjieva taraf\u0131ndan derlenen Kafkas Halk Destanlar\u0131, Kuzey Kafkasya\u2019da ya\u015fayan halklar\u0131n \u00f6rf\u00fcne, k\u00fclt\u00fcr\u00fcne ve manevi de\u011ferlerine \u0131\u015f\u0131k tutuyor. Eser, Kuzey Kafkasya halklar\u0131n\u0131 ve \u00f6zellikle Kara\u00e7ay-Malkar milletinin manevi de\u011ferlerini ayd\u0131nlat\u0131rken okuyucuyu da s\u00fcr\u00fckleyici ve karma\u015f\u0131k bir d\u00fcnyaya g\u00f6t\u00fcr\u00fcyor. Eserde cesur, kudretli ve onurlu olmak gibi hasletleri kendilerinde bar\u0131nd\u0131ran Nartlar, \u00f6rnek bir millet olarak an\u0131l\u0131yor. Destanlarda Nartlar\u0131n da k\u0131skan\u00e7l\u0131k ve a\u00e7 g\u00f6zl\u00fcl\u00fck gibi k\u00f6t\u00fc duygulara kap\u0131ld\u0131\u011f\u0131, bu hislerden dolay\u0131 masumiyetlerini yitirdikleri ve bu yitimin de aralar\u0131nda huzursuzluk tohumlar\u0131n\u0131n ye\u015fermesine sebep oldu\u011fu ele al\u0131n\u0131yor. Kadim zamanlar\u0131n ve efsanelerin b\u00fcy\u00fcl\u00fc ve gizemli d\u00fcnyas\u0131n\u0131n kap\u0131s\u0131n\u0131 aralayan elinizdeki bu eser ayn\u0131 zamanda Kafkas halklar\u0131 i\u00e7in de \u00f6z ele\u015ftiri ve ders niteli\u011finde mesajlar i\u00e7eriyor. Yazar Hakk\u0131nda: Tanzilia Hadjieva Aslen Kafkas k\u00f6kenli olup SSCB d\u00f6neminde Kazakistan\u2019da do\u011fdu. Kabardey-Balkar Cumhuriyeti Devlet \u00dcniversitesi Filoloji B\u00f6l\u00fcm\u00fcnden mezun olduktan sonra 1975 y\u0131l\u0131nda \u0130ML\u0130 RAN\u2019da (A.M. Gorky Institute of World Literature of the Russian Academy of Sciences) lisans\u00fcst\u00fc e\u011fitimine ba\u015flad\u0131. 1980 senesinde \u201c\u041f\u043e\u044d\u0442\u0438\u043a\u0430 \u043d\u0430\u0440\u0442\u0441\u043a\u043e\u0433\u043e \u044d\u043f\u043e\u0441\u0430 \u043a\u0430\u0440\u0430\u0447\u0430\u0435\u0432\u0446\u0435\u0432 \u0438 \u0431\u0430\u043b\u043a\u0430\u0440\u0446\u0435\u0432\u201d (Kara\u00e7ay ve Balkar Nart Destanlar\u0131n\u0131n Poetikas\u0131) ba\u015fl\u0131kl\u0131 tezi ile doktora derecesini ald\u0131. 1980\u20132004 seneleri aras\u0131nda Kara\u00e7ay\u2013Balkar Sosyal Bilimler Enstit\u00fcs\u00fc\u2019nde ara\u015ft\u0131rmac\u0131 olarak g\u00f6rev alm\u0131\u015ft\u0131r. Bu s\u00fcre\u00e7te Kara\u00e7ay ve Malkar halklar\u0131 folklorunu konu alan \u015fu \u00e7al\u0131\u015fmalar\u0131 derleyip yay\u0131mlam\u0131\u015ft\u0131r: Nartlar, Kara\u00e7ay-Malkarlar\u0131n Kahramanl\u0131k Destan\u0131 (Moskova 1994); Kara\u00e7ay-Malkar Masallar\u0131, Efsaneleri ve Destanlar\u0131 (2 cilt, Nal\u00e7ik 1998\u20132000) vd. 2005 senesinden beri Rusya Bilim Akademisi D\u00fcnya Edebiyat\u0131 Folklor B\u00f6l\u00fcm\u00fcnde ara\u015ft\u0131rma ba\u015fkan\u0131 olarak \u00e7al\u0131\u015fmaktad\u0131r. Tanzilia Hadjieva, Kara\u00e7ay-Malkar milletlerinin ve di\u011fer Kafkas milletlerinin folklorunun ara\u015ft\u0131r\u0131lmas\u0131 konusundaki katk\u0131lar\u0131ndan \u00f6t\u00fcr\u00fc Rusya Federasyonu dostluk ni\u015fan\u0131 alm\u0131\u015ft\u0131r. Malkar Edebiyat\u0131\u2019n\u0131n \u00f6nderlerinden Kaz\u0131m Me\u00e7iev\u2019in an\u0131s\u0131na 2010 senesinde d\u00fczenlenen 150. y\u0131l d\u00f6n\u00fcm\u00fcnde, Rusya Lermontov Komitesi\u2019nin hat\u0131ra madalyas\u0131 ile \u00f6d\u00fcllendirilmi\u015ftir. <\/p>\n","protected":false},"excerpt":{"rendered":"<p>G\u00fcne\u015f\u2019mi\u015f Satanay\u2019\u0131n atas\u0131, Ay\u2019m\u0131\u015f onu do\u011furan tatl\u0131 anas\u0131. Deniz Teyrisi ka\u00e7\u0131rm\u0131\u015f onu Ay\u2019dan, Su Jelmauz\u2019mu\u015f (su ejderiymi\u015f) onu Ay\u2019dan ka\u00e7\u0131ran\u0131n ad\u0131. Ay da G\u00fcne\u015f de onun<span class=\"excerpt-hellip\"> [\u2026]<\/span><\/p>\n","protected":false},"featured_media":0,"template":"","meta":{"_monsterinsights_skip_tracking":false,"_monsterinsights_sitenote_active":false,"_monsterinsights_sitenote_note":"","_monsterinsights_sitenote_category":0},"product_brand":[],"product_cat":[12291,13706],"product_tag":[],"class_list":{"0":"post-738467","1":"product","2":"type-product","3":"status-publish","5":"product_cat-edebiyat","6":"product_cat-efsane-destan-masal","7":"pa_cilt-ciltsiz","8":"pa_tur-kitap","9":"pa_yayinevi-vakifbank-kultur-yayinlari","10":"pa_yazar-anonim","12":"first","13":"instock","14":"sale","15":"shipping-taxable","16":"purchasable","17":"product-type-simple"},"_links":{"self":[{"href":"https:\/\/roveyayinevi.com.tr\/index.php\/wp-json\/wp\/v2\/product\/738467","targetHints":{"allow":["GET"]}}],"collection":[{"href":"https:\/\/roveyayinevi.com.tr\/index.php\/wp-json\/wp\/v2\/product"}],"about":[{"href":"https:\/\/roveyayinevi.com.tr\/index.php\/wp-json\/wp\/v2\/types\/product"}],"wp:attachment":[{"href":"https:\/\/roveyayinevi.com.tr\/index.php\/wp-json\/wp\/v2\/media?parent=738467"}],"wp:term":[{"taxonomy":"product_brand","embeddable":true,"href":"https:\/\/roveyayinevi.com.tr\/index.php\/wp-json\/wp\/v2\/product_brand?post=738467"},{"taxonomy":"product_cat","embeddable":true,"href":"https:\/\/roveyayinevi.com.tr\/index.php\/wp-json\/wp\/v2\/product_cat?post=738467"},{"taxonomy":"product_tag","embeddable":true,"href":"https:\/\/roveyayinevi.com.tr\/index.php\/wp-json\/wp\/v2\/product_tag?post=738467"}],"curies":[{"name":"wp","href":"https:\/\/api.w.org\/{rel}","templated":true}]}}