{"id":738461,"date":"2025-08-27T23:50:36","date_gmt":"2025-08-27T20:50:36","guid":{"rendered":"https:\/\/roveyayinevi.com.tr\/index.php\/urun\/elit-kuramlari-baglaminda-siyasal-elitlerin-donusumu\/"},"modified":"2026-03-31T10:33:05","modified_gmt":"2026-03-31T07:33:05","slug":"elit-kuramlari-baglaminda-siyasal-elitlerin-donusumu","status":"publish","type":"product","link":"https:\/\/roveyayinevi.com.tr\/index.php\/urun\/elit-kuramlari-baglaminda-siyasal-elitlerin-donusumu\/","title":{"rendered":"Elit Kuramlar\u0131 Ba\u011flam\u0131nda Siyasal Elitlerin D\u00f6n\u00fc\u015f\u00fcm\u00fc"},"content":{"rendered":"<p>\u0130\u00e7indekiler     1. EL\u0130TLER (KAVRAMSAL \u00c7ER\u00c7EVE) 2. EL\u0130T TEOR\u0130LER\u0130 (KAR\u015eILA\u015eTIRMALI YAKLA\u015eIM) 3. EL\u0130T D\u00d6N\u00dc\u015e\u00dcM\u00dc 4. SONU\u00c7 5. KAYNAK\u00c7A <\/p>\n","protected":false},"excerpt":{"rendered":"<p>\u0130\u00e7indekiler 1. EL\u0130TLER (KAVRAMSAL \u00c7ER\u00c7EVE) 2. EL\u0130T TEOR\u0130LER\u0130 (KAR\u015eILA\u015eTIRMALI YAKLA\u015eIM) 3. EL\u0130T D\u00d6N\u00dc\u015e\u00dcM\u00dc 4. SONU\u00c7 5. KAYNAK\u00c7A<\/p>\n","protected":false},"featured_media":0,"template":"","meta":{"_monsterinsights_skip_tracking":false,"_monsterinsights_sitenote_active":false,"_monsterinsights_sitenote_note":"","_monsterinsights_sitenote_category":0},"product_brand":[],"product_cat":[12835,12324],"product_tag":[],"class_list":{"0":"post-738461","1":"product","2":"type-product","3":"status-publish","5":"product_cat-genel-sosyoloji","6":"product_cat-sosyoloji","7":"pa_cilt-ciltsiz","8":"pa_tur-kitap","9":"pa_yayinevi-gazi-kitabevi","10":"pa_yazar-yakup-koseoglu","12":"first","13":"outofstock","14":"sale","15":"shipping-taxable","16":"purchasable","17":"product-type-simple"},"_links":{"self":[{"href":"https:\/\/roveyayinevi.com.tr\/index.php\/wp-json\/wp\/v2\/product\/738461","targetHints":{"allow":["GET"]}}],"collection":[{"href":"https:\/\/roveyayinevi.com.tr\/index.php\/wp-json\/wp\/v2\/product"}],"about":[{"href":"https:\/\/roveyayinevi.com.tr\/index.php\/wp-json\/wp\/v2\/types\/product"}],"wp:attachment":[{"href":"https:\/\/roveyayinevi.com.tr\/index.php\/wp-json\/wp\/v2\/media?parent=738461"}],"wp:term":[{"taxonomy":"product_brand","embeddable":true,"href":"https:\/\/roveyayinevi.com.tr\/index.php\/wp-json\/wp\/v2\/product_brand?post=738461"},{"taxonomy":"product_cat","embeddable":true,"href":"https:\/\/roveyayinevi.com.tr\/index.php\/wp-json\/wp\/v2\/product_cat?post=738461"},{"taxonomy":"product_tag","embeddable":true,"href":"https:\/\/roveyayinevi.com.tr\/index.php\/wp-json\/wp\/v2\/product_tag?post=738461"}],"curies":[{"name":"wp","href":"https:\/\/api.w.org\/{rel}","templated":true}]}}