{"id":738459,"date":"2025-08-27T23:50:35","date_gmt":"2025-08-27T20:50:35","guid":{"rendered":"https:\/\/roveyayinevi.com.tr\/index.php\/urun\/acil-durum-ve-afet-yonetiminde-multidisipliner-yaklasim-i\/"},"modified":"2026-04-16T02:48:42","modified_gmt":"2026-04-15T23:48:42","slug":"acil-durum-ve-afet-yonetiminde-multidisipliner-yaklasim-i","status":"publish","type":"product","link":"https:\/\/roveyayinevi.com.tr\/index.php\/urun\/acil-durum-ve-afet-yonetiminde-multidisipliner-yaklasim-i\/","title":{"rendered":"Acil Durum ve Afet Y\u00f6netiminde Multidisipliner Yakla\u015f\u0131m I"},"content":{"rendered":"<p>\u0130\u00e7indekiler   \u00b7         AFET Y\u00d6NET\u0130M\u0130NDE YAPAY ZEKA KULLANIMI   \u00b7         \u0130NSAN KAYNAKLI AFET T\u00dcR\u00dc OLARAK G\u00d6\u00c7 OLGUSUNA \u0130L\u0130\u015eK\u0130N L\u0130TERAT\u00dcR \u0130NCELEMES\u0130   \u00b7         ANDRAGOJ\u0130K \u0130LKELER ODA\u011eINDA AFET E\u011e\u0130T\u0130M\u0130 \u00dcZER\u0130NE B\u0130R DE\u011eERLEND\u0130RME   \u00b7         E\u011e\u0130T\u0130M B\u0130NALARININ AC\u0130L DURUMLAR A\u00c7ISINDAN DE\u011eERLEND\u0130R\u0130LMES\u0130 KONUSUNDA T\u00dcRK\u0130YE\u2019DE YAPILAN BAZI \u00c7ALI\u015eMALARIN \u0130NCELENMES\u0130   \u00b7         DO\u011eAL AFETLER\u0130N F\u0130NANSAL RAPORLAMAYA ETK\u0130S\u0130   \u00b7         UZAKTAN ALGILAMA VE CO\u011eRAFA B\u0130LG\u0130 S\u0130STEMLER\u0130 \u0130LE ORMAN YANGINI DE\u011e\u0130\u015e\u0130M ANAL\u0130Z\u0130: MU\u011eLA \u2013 MARMAR\u0130S \u00d6RNE\u011e\u0130 \u00b7         DEVLET HASTANES\u0130 SA\u011eLIK PERSONELLER\u0130N\u0130N DO\u011eA KAYNAKLI AFETLERE FARKINDALI\u011eININ DE\u011eERLEND\u0130R\u0130LMES\u0130   \u00b7         PANDEM\u0130 D\u00d6NEM\u0130NDE GER\u00c7EKLE\u015eEN AFETLER ve KAR\u015eILA\u015eILAN ZORLUKLAR   \u00b7         AFETLERE D\u0130REN\u00c7L\u0130 B\u0130R TOPLUM \u00c7ER\u00c7EVES\u0130NDE HAZIRLIK \u00c7ALI\u015eMALARI <\/p>\n","protected":false},"excerpt":{"rendered":"<p>\u0130\u00e7indekiler \u00b7 AFET Y\u00d6NET\u0130M\u0130NDE YAPAY ZEKA KULLANIMI \u00b7 \u0130NSAN KAYNAKLI AFET T\u00dcR\u00dc OLARAK G\u00d6\u00c7 OLGUSUNA \u0130L\u0130\u015eK\u0130N L\u0130TERAT\u00dcR \u0130NCELEMES\u0130 \u00b7 ANDRAGOJ\u0130K \u0130LKELER ODA\u011eINDA AFET E\u011e\u0130T\u0130M\u0130 \u00dcZER\u0130NE B\u0130R<span class=\"excerpt-hellip\"> [\u2026]<\/span><\/p>\n","protected":false},"featured_media":0,"template":"","meta":{"_monsterinsights_skip_tracking":false,"_monsterinsights_sitenote_active":false,"_monsterinsights_sitenote_note":"","_monsterinsights_sitenote_category":0},"product_brand":[],"product_cat":[12573,12566],"product_tag":[],"class_list":{"0":"post-738459","1":"product","2":"type-product","3":"status-publish","5":"product_cat-akademik-kitaplar","6":"product_cat-egitim","7":"pa_cilt-ciltsiz","8":"pa_tur-kitap","9":"pa_yayinevi-gazi-kitabevi","10":"pa_yazar-gazi-kitabevi-kolektif","12":"first","13":"instock","14":"sale","15":"shipping-taxable","16":"purchasable","17":"product-type-simple"},"_links":{"self":[{"href":"https:\/\/roveyayinevi.com.tr\/index.php\/wp-json\/wp\/v2\/product\/738459","targetHints":{"allow":["GET"]}}],"collection":[{"href":"https:\/\/roveyayinevi.com.tr\/index.php\/wp-json\/wp\/v2\/product"}],"about":[{"href":"https:\/\/roveyayinevi.com.tr\/index.php\/wp-json\/wp\/v2\/types\/product"}],"wp:attachment":[{"href":"https:\/\/roveyayinevi.com.tr\/index.php\/wp-json\/wp\/v2\/media?parent=738459"}],"wp:term":[{"taxonomy":"product_brand","embeddable":true,"href":"https:\/\/roveyayinevi.com.tr\/index.php\/wp-json\/wp\/v2\/product_brand?post=738459"},{"taxonomy":"product_cat","embeddable":true,"href":"https:\/\/roveyayinevi.com.tr\/index.php\/wp-json\/wp\/v2\/product_cat?post=738459"},{"taxonomy":"product_tag","embeddable":true,"href":"https:\/\/roveyayinevi.com.tr\/index.php\/wp-json\/wp\/v2\/product_tag?post=738459"}],"curies":[{"name":"wp","href":"https:\/\/api.w.org\/{rel}","templated":true}]}}