{"id":738458,"date":"2025-08-27T23:50:34","date_gmt":"2025-08-27T20:50:34","guid":{"rendered":"https:\/\/roveyayinevi.com.tr\/index.php\/urun\/nasilsin-psikolojik-check-up\/"},"modified":"2026-04-16T02:48:42","modified_gmt":"2026-04-15T23:48:42","slug":"nasilsin-psikolojik-check-up","status":"publish","type":"product","link":"https:\/\/roveyayinevi.com.tr\/index.php\/urun\/nasilsin-psikolojik-check-up\/","title":{"rendered":"Nas\u0131ls\u0131n ? Psikolojik Check-Up"},"content":{"rendered":"<p>B\u0130YOGRAF\u0130 Psikolog Dr. Mehmet \u015eakiro\u011flu: ODT\u00dc Psikoloji b\u00f6l\u00fcm\u00fcnden mezun oldu ve yine ODT\u00dc\u2019de Klinik Psikoloji y\u00fcksek lisans\u0131n\u0131 ve Klinik Doktoras\u0131n\u0131 tamamlad\u0131. Sekiz kitap, y\u00fczden fazla bilimsel makale yazd\u0131, onlarca uluslararas\u0131 kongrede \u00e7al\u0131\u015fmalar\u0131n\u0131 sundu. Teknoloji ba\u011f\u0131ml\u0131l\u0131\u011f\u0131, duygu d\u00fczenleme, travma tedavisi, \u00f6nlem alma davran\u0131\u015flar\u0131 ve krize m\u00fcdahale konular\u0131nda \u00e7al\u0131\u015fmalar\u0131n\u0131 s\u00fcrd\u00fcren yazar Ayd\u0131n Adnan Menderes \u00dcniversitesi Geli\u015fim Psikolojisi ABD Ba\u015fkan\u0131 olarak g\u00f6rev yapmaktad\u0131r.   ARKA KAPAK \u201cNas\u0131ls\u0131n?\u201d hayat\u0131n en \u00e7etrefilli sorular\u0131ndan biridir asl\u0131nda. Soru zor oldu\u011fu i\u00e7in de genelde tek bir kelimeyle ge\u00e7i\u015ftirilir: \u201c\u0130yiyim.\u201d Uykusuzum, k\u0131zg\u0131n\u0131m, a\u00e7\u0131m, mutsuzum gibi cevaplara s\u0131k rastlanmaz.   Pandemi, do\u011fal afetler, do\u011fal olmayan afetler, ki\u015fisel sorunlar\u0131n\u0131z, D\u00fcnyan\u0131n git gide k\u00f6t\u00fcle\u015fece\u011fine dair ta\u015f\u0131d\u0131\u011f\u0131n\u0131z sars\u0131lmaz inan\u00e7\u2026 T\u00fcm bu ya\u015fananlar sonras\u0131 kendinizi nas\u0131l hissetti\u011finizi hi\u00e7 d\u00fc\u015f\u00fcnd\u00fcn\u00fcz m\u00fc? Do\u00e7ent Doktor Mehmet \u015eakiro\u011flu, Nas\u0131ls\u0131n? kitab\u0131nda sizleri psikolojik bir check up\u2019a davet ediyor. Sizden tek bir \u015fey istiyor yazar: Kendinize \u201cNas\u0131ls\u0131n?\u201d diye sorman\u0131z\u0131. Bu kitapta hem kendinizi tan\u0131yacak, hem vermi\u015f oldu\u011funuz cevaplara uygun \u00e7\u00f6z\u00fcm \u00f6nerileriyle kar\u015f\u0131la\u015facaks\u0131n\u0131z. \u015eimdi kitab\u0131n sayfalar\u0131n\u0131 yava\u015f\u00e7a aralay\u0131n ama \u00f6nce\u2026   Bu kez sorma s\u0131ras\u0131 bizde. Peki sevgili okur\u2026 Sen nas\u0131ls\u0131n? <\/p>\n","protected":false},"excerpt":{"rendered":"<p>B\u0130YOGRAF\u0130 Psikolog Dr. Mehmet \u015eakiro\u011flu: ODT\u00dc Psikoloji b\u00f6l\u00fcm\u00fcnden mezun oldu ve yine ODT\u00dc\u2019de Klinik Psikoloji y\u00fcksek lisans\u0131n\u0131 ve Klinik Doktoras\u0131n\u0131 tamamlad\u0131. Sekiz kitap, y\u00fczden fazla bilimsel<span class=\"excerpt-hellip\"> [\u2026]<\/span><\/p>\n","protected":false},"featured_media":0,"template":"","meta":{"_monsterinsights_skip_tracking":false,"_monsterinsights_sitenote_active":false,"_monsterinsights_sitenote_note":"","_monsterinsights_sitenote_category":0},"product_brand":[],"product_cat":[12358,12357],"product_tag":[],"class_list":{"0":"post-738458","1":"product","2":"type-product","3":"status-publish","5":"product_cat-genel-psikoloji","6":"product_cat-psikoloji","7":"pa_cilt-ciltsiz","8":"pa_tur-kitap","9":"pa_yayinevi-sahi-kitap","10":"pa_yazar-mehmet-sakiroglu","12":"first","13":"instock","14":"sale","15":"shipping-taxable","16":"purchasable","17":"product-type-simple"},"_links":{"self":[{"href":"https:\/\/roveyayinevi.com.tr\/index.php\/wp-json\/wp\/v2\/product\/738458","targetHints":{"allow":["GET"]}}],"collection":[{"href":"https:\/\/roveyayinevi.com.tr\/index.php\/wp-json\/wp\/v2\/product"}],"about":[{"href":"https:\/\/roveyayinevi.com.tr\/index.php\/wp-json\/wp\/v2\/types\/product"}],"wp:attachment":[{"href":"https:\/\/roveyayinevi.com.tr\/index.php\/wp-json\/wp\/v2\/media?parent=738458"}],"wp:term":[{"taxonomy":"product_brand","embeddable":true,"href":"https:\/\/roveyayinevi.com.tr\/index.php\/wp-json\/wp\/v2\/product_brand?post=738458"},{"taxonomy":"product_cat","embeddable":true,"href":"https:\/\/roveyayinevi.com.tr\/index.php\/wp-json\/wp\/v2\/product_cat?post=738458"},{"taxonomy":"product_tag","embeddable":true,"href":"https:\/\/roveyayinevi.com.tr\/index.php\/wp-json\/wp\/v2\/product_tag?post=738458"}],"curies":[{"name":"wp","href":"https:\/\/api.w.org\/{rel}","templated":true}]}}