{"id":738457,"date":"2025-08-27T23:50:34","date_gmt":"2025-08-27T20:50:34","guid":{"rendered":"https:\/\/roveyayinevi.com.tr\/index.php\/urun\/emevi-devletinin-kurulusu\/"},"modified":"2026-04-16T02:48:41","modified_gmt":"2026-04-15T23:48:41","slug":"emevi-devletinin-kurulusu","status":"publish","type":"product","link":"https:\/\/roveyayinevi.com.tr\/index.php\/urun\/emevi-devletinin-kurulusu\/","title":{"rendered":"Emevi Devletinin Kurulu\u015fu"},"content":{"rendered":"<p>\u00c7evrili b\u00fcy\u00fck alan\u0131n hemen g\u00fcneyine bir saray yapt\u0131rd\u0131\u011f\u0131 s\u00f6ylenmektedir. (Bu saray\u0131n bulundu\u011fu yerde ge\u00e7 Osmanl\u0131 d\u00f6neminde in\u015fa edilmi\u015f olan g\u00fcm\u00fc\u015f\u00e7\u00fcler \u00e7ar\u015f\u0131s\u0131 bulunmaktad\u0131r.) Sadece tu\u011fla ve ah\u015faptan in\u015fa edilmi\u015f olan bu \u201csaray\u201d 670\u2019li y\u0131llarda buray\u0131 ziyaret eden Bizans el\u00e7isini fazla etkilememi\u015fti. \u201cTavan ku\u015flarla dolu,\u201d demi\u015fti, \u201cduvarlar da farelerle.\u201d Bilhassa \u0130sl\u00e2m Tarihi\u2019nin ilk d\u00f6nemlerine y\u00f6nelik uzmanl\u0131\u011f\u0131yla \u00f6ne \u00e7\u0131kan California Santa Barbara \u00dcniversitesi Profes\u00f6r\u00fc Amerikal\u0131 tarih\u00e7i R. Stephen Humphreys\u2019in bu \u00e7al\u0131\u015fmas\u0131, \u0130sl\u00e2m tarihi boyunca tart\u0131\u015fmal\u0131 bir fig\u00fcr olagelmi\u015f Mu\u00e2viye\u2019yi merkeze alarak Emev\u00ee Devleti\u2019nin kurulu\u015funu ele al\u0131yor. Yaln\u0131zca \u0130sl\u00e2m gelene\u011fi arac\u0131l\u0131\u011f\u0131yla aktar\u0131lan metinlerle s\u0131n\u0131rl\u0131 kalmay\u0131p eldeki t\u00fcm tarihsel materyali g\u00f6z \u00f6n\u00fcnde bulundurarak olu\u015fturdu\u011fu anlat\u0131m, s\u00f6z konusu d\u00f6nem ile ilgili genel bir perspektif sunuyor. Humphreys, \u0130sl\u00e2m tarihinin ilk hanedan devleti olan Emev\u00ee Devleti\u2019nin kurulu\u015fuyla birlikte artan fetihlerde \u0130sl\u00e2m\u2019\u0131n T\u00fcrkistan\u2019dan Fransa i\u00e7lerine, Anadolu\u2019dan Hindistan\u2019a yay\u0131lmas\u0131ndaki merkezi rol\u00fc ile Mu\u00e2viye\u2019nin ismi etraf\u0131nda \u00f6r\u00fclen birbirinden farkl\u0131 anlat\u0131lar aras\u0131nda m\u00fcmk\u00fcn bir tarihsel ger\u00e7ekli\u011fi in\u015fa etmeye \u00e7al\u0131\u015f\u0131yor. Yazar, bu in\u015fa esnas\u0131nda, d\u00fc\u015f\u00fcnceleri hakk\u0131nda \u00e7ok az \u015fey bildi\u011fimiz Mu\u00e2viye\u2019ye dair \u00e7arp\u0131c\u0131 bir biyografiyi de ustal\u0131kla ortaya koyuyor. Yazar Hakk\u0131nda: 11 A\u011fustos 1942\u2019de Amerika Birle\u015fik Devletleri\u2019nin Kansas eyaletinde d\u00fcnyaya geldi. 1964 y\u0131l\u0131nda Amherst College\u2019dan lisans, 1966\u2019da Michigan \u00dcniversitesi\u2019nden y\u00fcksek lisans derecesini alm\u0131\u015ft\u0131r. Doktoras\u0131n\u0131, yine ayn\u0131 \u00fcniversitede 1969 y\u0131l\u0131nda tamamlam\u0131\u015ft\u0131r. 1981-1990 y\u0131llar\u0131 aras\u0131nda Madison Wisconsin \u00dcniversitesi\u2019nde \u00f6\u011fretim \u00fcyesi olarak g\u00f6rev alm\u0131\u015ft\u0131r. Yazar\u0131n \u00f6nemli eserleri aras\u0131nda \u015funlar s\u0131ralanabilir: From Saladin to the Mongols: The Ayyubids of Damascus (Selahaddin\u2019den Mo\u011follara: \u015eam Eyy\u00fbb\u00eeleri), 1193-1260, (SUNY, 1977); Islamic History: A Framework for Inquiry (\u0130slam Tarih Metodolojisi: Bir Sosyal Tarih Uygulamas\u0131) (Princeton, 1991). <\/p>\n","protected":false},"excerpt":{"rendered":"<p>\u00c7evrili b\u00fcy\u00fck alan\u0131n hemen g\u00fcneyine bir saray yapt\u0131rd\u0131\u011f\u0131 s\u00f6ylenmektedir. (Bu saray\u0131n bulundu\u011fu yerde ge\u00e7 Osmanl\u0131 d\u00f6neminde in\u015fa edilmi\u015f olan g\u00fcm\u00fc\u015f\u00e7\u00fcler \u00e7ar\u015f\u0131s\u0131 bulunmaktad\u0131r.) Sadece tu\u011fla ve ah\u015faptan<span class=\"excerpt-hellip\"> [\u2026]<\/span><\/p>\n","protected":false},"featured_media":0,"template":"","meta":{"_monsterinsights_skip_tracking":false,"_monsterinsights_sitenote_active":false,"_monsterinsights_sitenote_note":"","_monsterinsights_sitenote_category":0},"product_brand":[],"product_cat":[12312,12304],"product_tag":[],"class_list":{"0":"post-738457","1":"product","2":"type-product","3":"status-publish","5":"product_cat-diger","6":"product_cat-tarih","7":"pa_cilt-ciltsiz","8":"pa_tur-kitap","9":"pa_yayinevi-vakifbank-kultur-yayinlari","10":"pa_yazar-r-stephen-humphreys","12":"first","13":"instock","14":"sale","15":"shipping-taxable","16":"purchasable","17":"product-type-simple"},"_links":{"self":[{"href":"https:\/\/roveyayinevi.com.tr\/index.php\/wp-json\/wp\/v2\/product\/738457","targetHints":{"allow":["GET"]}}],"collection":[{"href":"https:\/\/roveyayinevi.com.tr\/index.php\/wp-json\/wp\/v2\/product"}],"about":[{"href":"https:\/\/roveyayinevi.com.tr\/index.php\/wp-json\/wp\/v2\/types\/product"}],"wp:attachment":[{"href":"https:\/\/roveyayinevi.com.tr\/index.php\/wp-json\/wp\/v2\/media?parent=738457"}],"wp:term":[{"taxonomy":"product_brand","embeddable":true,"href":"https:\/\/roveyayinevi.com.tr\/index.php\/wp-json\/wp\/v2\/product_brand?post=738457"},{"taxonomy":"product_cat","embeddable":true,"href":"https:\/\/roveyayinevi.com.tr\/index.php\/wp-json\/wp\/v2\/product_cat?post=738457"},{"taxonomy":"product_tag","embeddable":true,"href":"https:\/\/roveyayinevi.com.tr\/index.php\/wp-json\/wp\/v2\/product_tag?post=738457"}],"curies":[{"name":"wp","href":"https:\/\/api.w.org\/{rel}","templated":true}]}}