{"id":738454,"date":"2025-08-27T23:50:31","date_gmt":"2025-08-27T20:50:31","guid":{"rendered":"https:\/\/roveyayinevi.com.tr\/index.php\/urun\/insanlar-2\/"},"modified":"2026-04-16T02:48:41","modified_gmt":"2026-04-15T23:48:41","slug":"insanlar-2","status":"publish","type":"product","link":"https:\/\/roveyayinevi.com.tr\/index.php\/urun\/insanlar-2\/","title":{"rendered":"\u0130nsanlar"},"content":{"rendered":"<p>\u201cBu sat\u0131rlar\u0131 okuyanlar\u0131n\u0131z\u0131n b\u00fcy\u00fck \u00e7o\u011funlu\u011funun, insanlar\u0131n bir mitten ibaret oldu\u011funa inand\u0131\u011f\u0131n\u0131 biliyorum ama ben size onlar\u0131n ger\u00e7ekten var olduklar\u0131n\u0131 bildirmek \u00fczere buraday\u0131m. Bilmeyenler i\u00e7in s\u00f6yleyeyim, insan dedi\u011fimiz \u015fey orta zek\u00e2l\u0131 ve iki ayakl\u0131 bir ya\u015fam formu; evrenin \u00e7ok \u0131ss\u0131z bir k\u00f6\u015fesinde yer alan k\u00fc\u00e7\u00fck ve sulu bir gezegende, b\u00fcy\u00fck \u00f6l\u00e7\u00fcde yan\u0131lsamalarla dolu bir varolu\u015f s\u00fcrd\u00fcr\u00fcyor.\u201d Ya\u011fmurlu bir ak\u015famda Profes\u00f6r Andrew Martin, \u00f6nce d\u00fcnyan\u0131n en b\u00fcy\u00fck matematik bilmecesini \u00e7\u00f6zmeyi ba\u015far\u0131yor, ard\u0131ndan s\u0131rra kadem bas\u0131yor. Nihayet bir yol kenar\u0131nda \u00e7\u0131r\u0131l\u00e7\u0131plak halde bulundu\u011funda, k\u0131yafetsizlikten daha ciddi bir meselesi oldu\u011fu ortaya \u00e7\u0131k\u0131yor: Andrew Martin art\u0131k insanlardan tiksiniyor; g\u00f6r\u00fcn\u00fc\u015flerinden de yiyip i\u00e7tiklerinden de bitmeyen \u015fiddet ve sava\u015f arzular\u0131ndan da&#8230; Yabanc\u0131 bir t\u00fcr aras\u0131nda kaybolmu\u015f hissediyor kendini. Sevgi ve aile kavramlar\u0131 onda \u015fa\u015f\u0131rt\u0131c\u0131 bir ilgi uyand\u0131rsa da t\u00fcm sakinlerinden nefret ediyor bu gezegenin. Newton hari\u00e7&#8230; Ama o da bir k\u00f6pek i\u015fte&#8230; Sahi, kim bu adam? Onun \u2013ya da herhangi birinin\u2013 insanl\u0131k hakk\u0131ndaki t\u00fcm fikrini de\u011fi\u015ftiren \u015fey ne olabilir? Son y\u0131llar\u0131n en \u00f6nemli romanc\u0131lar\u0131ndan Matt Haig, onca karma\u015f\u0131kl\u0131\u011f\u0131na ra\u011fmen hayat\u0131n i\u00e7indeki mutlulu\u011fa ve insan do\u011fas\u0131na dair al\u0131\u015f\u0131lmad\u0131k bir hik\u00e2ye sunuyor. \u0130nsanlar, ne\u015feli ve etkileyici bir \u00fcslupla \u201cbizi\u201d bize anlat\u0131yor.   EDGAR ALLAN POE \u00d6D\u00dcL\u00dc EN \u0130Y\u0130 ROMAN ADAYI GOODREADS OKUR \u00d6D\u00dcLLER\u0130 EN \u0130Y\u0130 B\u0130L\u0130MKURGU ADAYI IMPAC DUBLIN EDEB\u0130YAT \u00d6D\u00dcL\u00dc ADAYI <\/p>\n","protected":false},"excerpt":{"rendered":"<p>\u201cBu sat\u0131rlar\u0131 okuyanlar\u0131n\u0131z\u0131n b\u00fcy\u00fck \u00e7o\u011funlu\u011funun, insanlar\u0131n bir mitten ibaret oldu\u011funa inand\u0131\u011f\u0131n\u0131 biliyorum ama ben size onlar\u0131n ger\u00e7ekten var olduklar\u0131n\u0131 bildirmek \u00fczere buraday\u0131m. Bilmeyenler i\u00e7in s\u00f6yleyeyim, insan<span class=\"excerpt-hellip\"> [\u2026]<\/span><\/p>\n","protected":false},"featured_media":0,"template":"","meta":{"_monsterinsights_skip_tracking":false,"_monsterinsights_sitenote_active":false,"_monsterinsights_sitenote_note":"","_monsterinsights_sitenote_category":0},"product_brand":[],"product_cat":[12291,50487],"product_tag":[],"class_list":{"0":"post-738454","1":"product","2":"type-product","3":"status-publish","5":"product_cat-edebiyat","6":"product_cat-kurgu","7":"pa_cilt-ciltsiz","8":"pa_tur-kitap","9":"pa_yayinevi-domingo-yayinevi","10":"pa_yazar-matt-haig","12":"first","13":"instock","14":"sale","15":"shipping-taxable","16":"purchasable","17":"product-type-simple"},"_links":{"self":[{"href":"https:\/\/roveyayinevi.com.tr\/index.php\/wp-json\/wp\/v2\/product\/738454","targetHints":{"allow":["GET"]}}],"collection":[{"href":"https:\/\/roveyayinevi.com.tr\/index.php\/wp-json\/wp\/v2\/product"}],"about":[{"href":"https:\/\/roveyayinevi.com.tr\/index.php\/wp-json\/wp\/v2\/types\/product"}],"wp:attachment":[{"href":"https:\/\/roveyayinevi.com.tr\/index.php\/wp-json\/wp\/v2\/media?parent=738454"}],"wp:term":[{"taxonomy":"product_brand","embeddable":true,"href":"https:\/\/roveyayinevi.com.tr\/index.php\/wp-json\/wp\/v2\/product_brand?post=738454"},{"taxonomy":"product_cat","embeddable":true,"href":"https:\/\/roveyayinevi.com.tr\/index.php\/wp-json\/wp\/v2\/product_cat?post=738454"},{"taxonomy":"product_tag","embeddable":true,"href":"https:\/\/roveyayinevi.com.tr\/index.php\/wp-json\/wp\/v2\/product_tag?post=738454"}],"curies":[{"name":"wp","href":"https:\/\/api.w.org\/{rel}","templated":true}]}}