{"id":738451,"date":"2025-08-27T23:50:27","date_gmt":"2025-08-27T20:50:27","guid":{"rendered":"https:\/\/roveyayinevi.com.tr\/index.php\/urun\/konusmaktan-korkmuyorum\/"},"modified":"2026-04-12T02:53:34","modified_gmt":"2026-04-11T23:53:34","slug":"konusmaktan-korkmuyorum","status":"publish","type":"product","link":"https:\/\/roveyayinevi.com.tr\/index.php\/urun\/konusmaktan-korkmuyorum\/","title":{"rendered":"Konu\u015fmaktan Korkmuyorum"},"content":{"rendered":"<p>\u201cHer ne kadar &#8216;sahne korkusu&#8217;, &#8216;konu\u015fma kayg\u0131s\u0131&#8217; gibi kavramlardan s\u00f6z ediyor olsak da \u015fu bir ger\u00e7ek ki toplum \u00f6n\u00fcne \u00e7\u0131kmak herkesi heyecanland\u0131r\u0131r. Kimi insanlar i\u00e7in apartmandaki y\u00f6netim toplant\u0131s\u0131nda konu\u015fmak b\u00fcy\u00fck bir mesele iken, kimisi mikrofon g\u00f6rd\u00fc\u011f\u00fcnde gerilmeye ba\u015flar. Baz\u0131 insanlar sosyal ortamlar\u0131nda \u00e7ok rahat ve esprili olduklar\u0131 h\u00e2lde, konu bir i\u015f toplant\u0131s\u0131 ise adeta &#8216;dut yemi\u015f b\u00fclb\u00fcl&#8217; kesilirler. Baz\u0131 kimseler ise mecbur kalmad\u0131k\u00e7a hi\u00e7bir ortamda konu\u015fmak istemezler.   Bir de konu\u015fmak isteyip de konu\u015famayanlar var. Onlar i\u00e7in dikkatleri \u00fczerine \u00e7ekmek zorunda kalacaklar\u0131 her ortam azapt\u0131r. Hem \u00f6zel hissetmek isterler hem de b\u00f6yle durumlarda ne yapacaklar\u0131n\u0131 bilemezler.\u201d   Fulya Akbu\u011fa y\u0131llar\u0131n verdi\u011fi tecr\u00fcbe ve akademik birikimini yans\u0131tt\u0131\u011f\u0131 bu kitab\u0131nda her kesimden insan\u0131 konu\u015fmaktan korkmamaya davet ediyor\u2026<\/p>\n","protected":false},"excerpt":{"rendered":"<p>\u201cHer ne kadar &#8216;sahne korkusu&#8217;, &#8216;konu\u015fma kayg\u0131s\u0131&#8217; gibi kavramlardan s\u00f6z ediyor olsak da \u015fu bir ger\u00e7ek ki toplum \u00f6n\u00fcne \u00e7\u0131kmak herkesi heyecanland\u0131r\u0131r. Kimi insanlar i\u00e7in apartmandaki<span class=\"excerpt-hellip\"> [\u2026]<\/span><\/p>\n","protected":false},"featured_media":0,"template":"","meta":{"_monsterinsights_skip_tracking":false,"_monsterinsights_sitenote_active":false,"_monsterinsights_sitenote_note":"","_monsterinsights_sitenote_category":0},"product_brand":[],"product_cat":[12364,12376],"product_tag":[],"class_list":{"0":"post-738451","1":"product","2":"type-product","3":"status-publish","5":"product_cat-genel-konular","6":"product_cat-kisisel-gelisim","7":"pa_cilt-ciltsiz","8":"pa_tur-kitap","9":"pa_yayinevi-perseus","10":"pa_yazar-fulya-akbuga","12":"first","13":"instock","14":"sale","15":"shipping-taxable","16":"purchasable","17":"product-type-simple"},"_links":{"self":[{"href":"https:\/\/roveyayinevi.com.tr\/index.php\/wp-json\/wp\/v2\/product\/738451","targetHints":{"allow":["GET"]}}],"collection":[{"href":"https:\/\/roveyayinevi.com.tr\/index.php\/wp-json\/wp\/v2\/product"}],"about":[{"href":"https:\/\/roveyayinevi.com.tr\/index.php\/wp-json\/wp\/v2\/types\/product"}],"wp:attachment":[{"href":"https:\/\/roveyayinevi.com.tr\/index.php\/wp-json\/wp\/v2\/media?parent=738451"}],"wp:term":[{"taxonomy":"product_brand","embeddable":true,"href":"https:\/\/roveyayinevi.com.tr\/index.php\/wp-json\/wp\/v2\/product_brand?post=738451"},{"taxonomy":"product_cat","embeddable":true,"href":"https:\/\/roveyayinevi.com.tr\/index.php\/wp-json\/wp\/v2\/product_cat?post=738451"},{"taxonomy":"product_tag","embeddable":true,"href":"https:\/\/roveyayinevi.com.tr\/index.php\/wp-json\/wp\/v2\/product_tag?post=738451"}],"curies":[{"name":"wp","href":"https:\/\/api.w.org\/{rel}","templated":true}]}}