{"id":738450,"date":"2025-08-27T23:50:26","date_gmt":"2025-08-27T20:50:26","guid":{"rendered":"https:\/\/roveyayinevi.com.tr\/index.php\/urun\/ekinoks\/"},"modified":"2026-04-15T03:00:24","modified_gmt":"2026-04-15T00:00:24","slug":"ekinoks","status":"publish","type":"product","link":"https:\/\/roveyayinevi.com.tr\/index.php\/urun\/ekinoks\/","title":{"rendered":"Ekinoks"},"content":{"rendered":"<p>\u015eair diyor ya yirmilik, k\u0131rkl\u0131k ve altm\u0131\u015fl\u0131k beni ayn\u0131 eve t\u0131ksan, \u00fc\u00e7 yabanc\u0131 anla\u015famaz, k\u0131yameti kopar\u0131rd\u0131k. \u0130\u015fte \u00f6yle\u2026 Be\u015fikten mezara bir oyun, bir yolculuk bizimkisi. Ciddiye al\u0131nmas\u0131 gereken \u015feylerle dalga ge\u00e7ti\u011fimiz, l\u00fczumsuz \u015feyleri kafada \u00e7o\u011faltt\u0131\u011f\u0131m\u0131z\u2026 Ve \u00f6ylesine k\u0131sa ki!   \u00dc\u00e7 se\u00e7ene\u011fi vard\u0131. Birincisi k\u0131s\u0131rd\u00f6ng\u00fclere raz\u0131 olup susmak&#8230; \u0130kincisi kendini de i\u00e7ine koydu\u011fu rengi atm\u0131\u015f valizle o bilindik yola \u00e7\u0131kmak&#8230; O, \u00fc\u00e7\u00fcnc\u00fcs\u00fcn\u00fc tercih etti. Hayat\u0131n eline tutu\u015fturdu\u011fu pusulayla f\u0131rt\u0131nan\u0131n g\u00f6z\u00fcne do\u011fru yol ald\u0131. Ekinoksun girift algoritmas\u0131 i\u00e7 i\u00e7e ge\u00e7mi\u015f zaman, mek\u00e2n ve ruhlar\u0131 hikmetle dengelerken, kendimizi sanc\u0131l\u0131 bir do\u011fumun i\u00e7inde bulaca\u011f\u0131z. Metin&#8217;in hayat yolculu\u011funda s\u0131nan\u0131\u015flar\u0131n\u0131, mutluluklar\u0131n\u0131, \u015ferlerin hay\u0131rlara hay\u0131rlar\u0131n ise \u015ferlere vesile olu\u015funu ve s\u0131rlar\u0131n a\u00e7\u0131\u011fa \u00e7\u0131k\u0131\u015f\u0131n\u0131 okuyaca\u011f\u0131z. Bu hayat yolculu\u011funda kendinizden de bir \u015feyler bulaca\u011f\u0131n\u0131za eminiz.<\/p>\n","protected":false},"excerpt":{"rendered":"<p>\u015eair diyor ya yirmilik, k\u0131rkl\u0131k ve altm\u0131\u015fl\u0131k beni ayn\u0131 eve t\u0131ksan, \u00fc\u00e7 yabanc\u0131 anla\u015famaz, k\u0131yameti kopar\u0131rd\u0131k. \u0130\u015fte \u00f6yle\u2026 Be\u015fikten mezara bir oyun, bir yolculuk bizimkisi. Ciddiye<span class=\"excerpt-hellip\"> [\u2026]<\/span><\/p>\n","protected":false},"featured_media":0,"template":"","meta":{"_monsterinsights_skip_tracking":false,"_monsterinsights_sitenote_active":false,"_monsterinsights_sitenote_note":"","_monsterinsights_sitenote_category":0},"product_brand":[],"product_cat":[12291,12711],"product_tag":[],"class_list":{"0":"post-738450","1":"product","2":"type-product","3":"status-publish","5":"product_cat-edebiyat","6":"product_cat-roman-oyku","7":"pa_cilt-ciltsiz","8":"pa_tur-kitap","9":"pa_yayinevi-elpis-yayinlari","10":"pa_yazar-m-ferit-can","12":"first","13":"instock","14":"sale","15":"shipping-taxable","16":"purchasable","17":"product-type-simple"},"_links":{"self":[{"href":"https:\/\/roveyayinevi.com.tr\/index.php\/wp-json\/wp\/v2\/product\/738450","targetHints":{"allow":["GET"]}}],"collection":[{"href":"https:\/\/roveyayinevi.com.tr\/index.php\/wp-json\/wp\/v2\/product"}],"about":[{"href":"https:\/\/roveyayinevi.com.tr\/index.php\/wp-json\/wp\/v2\/types\/product"}],"wp:attachment":[{"href":"https:\/\/roveyayinevi.com.tr\/index.php\/wp-json\/wp\/v2\/media?parent=738450"}],"wp:term":[{"taxonomy":"product_brand","embeddable":true,"href":"https:\/\/roveyayinevi.com.tr\/index.php\/wp-json\/wp\/v2\/product_brand?post=738450"},{"taxonomy":"product_cat","embeddable":true,"href":"https:\/\/roveyayinevi.com.tr\/index.php\/wp-json\/wp\/v2\/product_cat?post=738450"},{"taxonomy":"product_tag","embeddable":true,"href":"https:\/\/roveyayinevi.com.tr\/index.php\/wp-json\/wp\/v2\/product_tag?post=738450"}],"curies":[{"name":"wp","href":"https:\/\/api.w.org\/{rel}","templated":true}]}}