{"id":738449,"date":"2025-08-27T23:50:25","date_gmt":"2025-08-27T20:50:25","guid":{"rendered":"https:\/\/roveyayinevi.com.tr\/index.php\/urun\/umut-cicegi\/"},"modified":"2026-04-16T02:48:41","modified_gmt":"2026-04-15T23:48:41","slug":"umut-cicegi","status":"publish","type":"product","link":"https:\/\/roveyayinevi.com.tr\/index.php\/urun\/umut-cicegi\/","title":{"rendered":"Umut \u00c7i\u00e7e\u011fi"},"content":{"rendered":"<p>MERHABA Merhaba yeni g\u00fcne G\u00fcm\u00fc\u015f \u0131\u015f\u0131lt\u0131lar\u0131yla yanan s\u0131n\u0131rs\u0131z g\u00fczel denize Nemli buseleriyle ok\u015fayan r\u00fczg\u00e2ra \u0130\u011fde a\u011fac\u0131n\u0131n muhte\u015fem kokusuna Ku\u015flara, b\u00f6ceklere, g\u00fclen y\u00fczlere Merhaba insana\u2026 Yalans\u0131z \u015feffaf hayata \u00c7ocuklara, sevgili \u00e7ocuklara Yar\u0131na umutla bakan gen\u00e7li\u011fe A\u015fk\u0131n k\u0131ymetini bilene G\u00f6n\u00fclden mutlulu\u011fa Ya\u015fad\u0131\u011f\u0131 yerde \u00e7\u00f6pleri b\u0131rakmayana \u00c7al\u0131\u015ft\u0131\u011f\u0131 i\u015fte hak yemeyene Sar\u0131 ba\u015fak tarlalar\u0131nca \u00dcreten k\u00f6yl\u00fcye Kar\u0131nca i\u015f\u00e7ilere \u00f6\u011fretmene Merhaba insana, \u0130nsan\u0131 insanca ya\u015fatanlara MERHABA DOSTLARA\u2026<\/p>\n","protected":false},"excerpt":{"rendered":"<p>MERHABA Merhaba yeni g\u00fcne G\u00fcm\u00fc\u015f \u0131\u015f\u0131lt\u0131lar\u0131yla yanan s\u0131n\u0131rs\u0131z g\u00fczel denize Nemli buseleriyle ok\u015fayan r\u00fczg\u00e2ra \u0130\u011fde a\u011fac\u0131n\u0131n muhte\u015fem kokusuna Ku\u015flara, b\u00f6ceklere, g\u00fclen y\u00fczlere Merhaba insana\u2026 Yalans\u0131z \u015feffaf<span class=\"excerpt-hellip\"> [\u2026]<\/span><\/p>\n","protected":false},"featured_media":0,"template":"","meta":{"_monsterinsights_skip_tracking":false,"_monsterinsights_sitenote_active":false,"_monsterinsights_sitenote_note":"","_monsterinsights_sitenote_category":0},"product_brand":[],"product_cat":[12291,12509],"product_tag":[],"class_list":{"0":"post-738449","1":"product","2":"type-product","3":"status-publish","5":"product_cat-edebiyat","6":"product_cat-siir","7":"pa_cilt-ciltsiz","8":"pa_tur-kitap","9":"pa_yayinevi-kuytu-yayinlari","10":"pa_yazar-aynur-sahin","12":"first","13":"instock","14":"sale","15":"shipping-taxable","16":"purchasable","17":"product-type-simple"},"_links":{"self":[{"href":"https:\/\/roveyayinevi.com.tr\/index.php\/wp-json\/wp\/v2\/product\/738449","targetHints":{"allow":["GET"]}}],"collection":[{"href":"https:\/\/roveyayinevi.com.tr\/index.php\/wp-json\/wp\/v2\/product"}],"about":[{"href":"https:\/\/roveyayinevi.com.tr\/index.php\/wp-json\/wp\/v2\/types\/product"}],"wp:attachment":[{"href":"https:\/\/roveyayinevi.com.tr\/index.php\/wp-json\/wp\/v2\/media?parent=738449"}],"wp:term":[{"taxonomy":"product_brand","embeddable":true,"href":"https:\/\/roveyayinevi.com.tr\/index.php\/wp-json\/wp\/v2\/product_brand?post=738449"},{"taxonomy":"product_cat","embeddable":true,"href":"https:\/\/roveyayinevi.com.tr\/index.php\/wp-json\/wp\/v2\/product_cat?post=738449"},{"taxonomy":"product_tag","embeddable":true,"href":"https:\/\/roveyayinevi.com.tr\/index.php\/wp-json\/wp\/v2\/product_tag?post=738449"}],"curies":[{"name":"wp","href":"https:\/\/api.w.org\/{rel}","templated":true}]}}