{"id":738447,"date":"2025-08-27T23:50:23","date_gmt":"2025-08-27T20:50:23","guid":{"rendered":"https:\/\/roveyayinevi.com.tr\/index.php\/urun\/anneannem-bir-film-yildizi\/"},"modified":"2026-04-16T02:48:41","modified_gmt":"2026-04-15T23:48:41","slug":"anneannem-bir-film-yildizi","status":"publish","type":"product","link":"https:\/\/roveyayinevi.com.tr\/index.php\/urun\/anneannem-bir-film-yildizi\/","title":{"rendered":"Anneannem Bir Film Y\u0131ld\u0131z\u0131"},"content":{"rendered":"<p>Bir film y\u0131ld\u0131z\u0131 olmak, \u00e7ok g\u00fczel olmak, anneanne olmak, hatta inzivaya \u00e7ekilmek; do\u011fay\u0131 korumak u\u011fruna sava\u015fmaya engel midir? Tabii ki hay\u0131r&#8230;\u0130ngiltere\u2019de hayatlar\u0131n\u0131 s\u00fcrd\u00fcren Defne ile Can\u2019\u0131n annesiyle babas\u0131, \u00e7evre bilim uzman\u0131d\u0131r ve bir y\u0131ll\u0131\u011f\u0131na Kuzey Kutbu\u2019na ara\u015ft\u0131rma yapmaya gideceklerdir. Bu s\u00fcre\u00e7te \u00e7ocuklar, T\u00fcrkiye\u2019de ya\u015fayan eski film y\u0131ld\u0131z\u0131 anneannelerinin yan\u0131na ta\u015f\u0131nmak zorundad\u0131rlar. Anneanneleri k\u00fc\u00e7\u00fck bir sahil kasabas\u0131na yerle\u015fmi\u015ftir.\u00c7ocuklar; anneanneleri, anneannelerinin ablas\u0131, yard\u0131mc\u0131s\u0131, k\u00f6pe\u011fi Zegay ve \u00f6rdekleri Golden ile k\u00fc\u00e7\u00fck bir ta\u015f evde ya\u015farlar. Ancak g\u00fcnleri san\u0131ld\u0131\u011f\u0131 gibi s\u0131k\u0131c\u0131 de\u011fil, tersine olduk\u00e7a hareketli ge\u00e7er. Do\u011fa harikas\u0131 kasaba halk plaj\u0131n\u0131n, otel yap\u0131larak tahrip edilmesine kar\u015f\u0131 \u00e7\u0131karlar. T\u00fcrl\u00fc t\u00fcrl\u00fc maceralar ya\u015farlar ve sonunda bir film galas\u0131na bile kat\u0131l\u0131rlar!<\/p>\n","protected":false},"excerpt":{"rendered":"<p>Bir film y\u0131ld\u0131z\u0131 olmak, \u00e7ok g\u00fczel olmak, anneanne olmak, hatta inzivaya \u00e7ekilmek; do\u011fay\u0131 korumak u\u011fruna sava\u015fmaya engel midir? Tabii ki hay\u0131r&#8230;\u0130ngiltere\u2019de hayatlar\u0131n\u0131 s\u00fcrd\u00fcren Defne ile Can\u2019\u0131n<span class=\"excerpt-hellip\"> [\u2026]<\/span><\/p>\n","protected":false},"featured_media":0,"template":"","meta":{"_monsterinsights_skip_tracking":false,"_monsterinsights_sitenote_active":false,"_monsterinsights_sitenote_note":"","_monsterinsights_sitenote_category":0},"product_brand":[],"product_cat":[12274,12284],"product_tag":[],"class_list":{"0":"post-738447","1":"product","2":"type-product","3":"status-publish","5":"product_cat-cocuk-ve-genclik-kitaplari","6":"product_cat-hikayeler","7":"pa_cilt-ciltsiz","8":"pa_tur-kitap","9":"pa_yayinevi-ithaki-yayinlari","10":"pa_yazar-pinar-gocer","12":"first","13":"instock","14":"sale","15":"shipping-taxable","16":"purchasable","17":"product-type-simple"},"_links":{"self":[{"href":"https:\/\/roveyayinevi.com.tr\/index.php\/wp-json\/wp\/v2\/product\/738447","targetHints":{"allow":["GET"]}}],"collection":[{"href":"https:\/\/roveyayinevi.com.tr\/index.php\/wp-json\/wp\/v2\/product"}],"about":[{"href":"https:\/\/roveyayinevi.com.tr\/index.php\/wp-json\/wp\/v2\/types\/product"}],"wp:attachment":[{"href":"https:\/\/roveyayinevi.com.tr\/index.php\/wp-json\/wp\/v2\/media?parent=738447"}],"wp:term":[{"taxonomy":"product_brand","embeddable":true,"href":"https:\/\/roveyayinevi.com.tr\/index.php\/wp-json\/wp\/v2\/product_brand?post=738447"},{"taxonomy":"product_cat","embeddable":true,"href":"https:\/\/roveyayinevi.com.tr\/index.php\/wp-json\/wp\/v2\/product_cat?post=738447"},{"taxonomy":"product_tag","embeddable":true,"href":"https:\/\/roveyayinevi.com.tr\/index.php\/wp-json\/wp\/v2\/product_tag?post=738447"}],"curies":[{"name":"wp","href":"https:\/\/api.w.org\/{rel}","templated":true}]}}