{"id":738445,"date":"2025-08-27T23:50:21","date_gmt":"2025-08-27T20:50:21","guid":{"rendered":"https:\/\/roveyayinevi.com.tr\/index.php\/urun\/atesin-vaadi\/"},"modified":"2026-04-16T02:48:41","modified_gmt":"2026-04-15T23:48:41","slug":"atesin-vaadi","status":"publish","type":"product","link":"https:\/\/roveyayinevi.com.tr\/index.php\/urun\/atesin-vaadi\/","title":{"rendered":"Ate\u015fin Vaadi"},"content":{"rendered":"<p>B\u0130R\u0130N\u0130N KADER\u0130NDE YIKMAK VAR, D\u0130\u011eER\u0130N\u0130NK\u0130NDE \u0130SE \u0130N\u015eA ETMEK.   Cat Fisa i\u015fkence dolu ge\u00e7mi\u015fini ard\u0131nda b\u0131rakm\u0131\u015ft\u0131 ve bir sirkte k\u00e2hinlik yaparak g\u00f6zler \u00f6n\u00fcnde saklan\u0131yordu. Tanr\u0131lar\u0131n ona bi\u00e7ti\u011fi kaderden ve tehlikelerden uzakta son derece mutluydu. Ta ki b\u00fcy\u00fcden yoksun g\u00fcneyden gelen sava\u015f lordu Griffin ortaya \u00e7\u0131k\u0131p da bildi\u011fi tek aileden onu zorla koparana kadar.   Beta Sinta olan Griffin, Cat\u2019in bir kralse\u00e7en oldu\u011funun fark\u0131ndayd\u0131. Yalanlar\u0131 do\u011frulardan ay\u0131rabilen bu kad\u0131n\u0131 yeni fethetti\u011fi \u00fclkesi i\u00e7in g\u00fc\u00e7l\u00fc bir silah olarak yan\u0131nda istiyordu. Ama \u00e7ok ge\u00e7meden, onu istemesinin tek nedeninin b\u00fcy\u00fcs\u00fc olmad\u0131\u011f\u0131n\u0131 fark edecekti. G\u00fc\u00e7, mevki, sadakat ve ba\u011fl\u0131l\u0131k vaatlerinin Cat\u2019i ikna etmesini ise sadece umabilirdi.   Cat kimsenin oyununda piyon olmamaya kararl\u0131yd\u0131, Griffin ise krall\u0131\u011f\u0131n\u0131 korumaya. Anla\u015fmazl\u0131klar\u0131 arkalar\u0131nda b\u0131rak\u0131p ufukta g\u00f6r\u00fcnen sava\u015fta s\u0131rt s\u0131rta verebilmeleri ise t\u00fcm diyar\u0131n kaderini belirleyecekti.   \u201c\u00dcst d\u00fczey bir romantik fantastik! Bu kitapta her \u015fey var: cesaretli ve ate\u015fli bir kad\u0131n, gizemli ve g\u00fc\u00e7l\u00fc bir erkek, kumpas ve aksiyon dolu epik bir hik\u00e2ye&#8230; Bu \u015fahane karakterlere \u00e2\u015f\u0131k olacaks\u0131n\u0131z. Bu kitap kesinlikle nefes kesici!\u201d \u2014Darynda Jones  \u201cBu kitab\u0131 Taht Oyunlar\u0131 hayranlar\u0131na verin. Politik oyunlara, ejderhalara ve maceraya bay\u0131lacaklar. Bouchet ilk kitab\u0131yla radar\u0131ma girdi, pe\u015findeyim.\u201d \u2014Booklist, starred review   \u201cRomantizm, b\u00fcy\u00fc, mitoloji ve sava\u015f i\u00e7eren destans\u0131 bir roman. Ate\u015fin Vaadi kesinlikle muhte\u015fem!\u201d \u2014The Romance Reviews   \u201cAte\u015fin Vaadi son y\u0131llarda okudu\u011fum en iyi kitaplardan biri\u2026 Her \u015feyin ayn\u0131 oldu\u011fu y\u0131\u011f\u0131n\u0131n i\u00e7inde yepyeni bir soluk. Fantastik bir krall\u0131\u011fa \u0131\u015f\u0131nlanmak istiyorsan\u0131z bu hik\u00e2yeyi ka\u00e7\u0131rmay\u0131n.\u201d \u2014Night Owl Reviews   \u201cMacera ve a\u015fk hik\u00e2yesinin muhte\u015fem bir kar\u0131\u015f\u0131m\u0131. Erkek karakteri de kad\u0131n karakteri de \u015fahane. Tanr\u0131lara, tanr\u0131\u00e7alara, b\u00fcy\u00fcye, kehanetlere ve ger\u00e7ek a\u015fk\u0131n g\u00fcc\u00fcne dair ka\u00e7\u0131r\u0131lmayacak bir kitap.\u201d \u2014Heroes &amp; Heartbreakers   \u201cRomans\u0131n i\u00e7inde b\u00f6ylesine bir fantastik d\u00fcnya bulmak zor. Detayl\u0131 d\u00fcnya in\u015fas\u0131 ve politik entrikalar, kitab\u0131n merkezindeki a\u015fk hik\u00e2yesini destekliyor.\u201d \u2014The Washington Post   \u201cAMAN TANRIM! Epeydir bu kadar heyecanlanmam\u0131\u015ft\u0131m\u2026 Ate\u015fin Vaadi\u2019ne bir \u015fans verin. S\u00f6z veriyorum sonras\u0131nda bana te\u015fekk\u00fcr edecek, her yerde bu muazzam seriyi \u00f6v\u00fcp duracaks\u0131n\u0131z. Tebrikler, Bayan Bouchet. Tebrikler.\u201d \u2014Romance Junkies   \u201cBouchet, Cat\u2019in sayg\u0131s\u0131z, utanga\u00e7 ama her nas\u0131lsa ne\u015feli bak\u0131\u015f a\u00e7\u0131s\u0131yla macera dolu bir hik\u00e2ye anlat\u0131yor. Yunan mitolojisi \u00fczerine ustaca in\u015fa edilmi\u015f bir d\u00fcnyada ge\u00e7en m\u00fckemmel bir fantastik romans.\u201d \u2014Kirkus <\/p>\n","protected":false},"excerpt":{"rendered":"<p>B\u0130R\u0130N\u0130N KADER\u0130NDE YIKMAK VAR, D\u0130\u011eER\u0130N\u0130NK\u0130NDE \u0130SE \u0130N\u015eA ETMEK. Cat Fisa i\u015fkence dolu ge\u00e7mi\u015fini ard\u0131nda b\u0131rakm\u0131\u015ft\u0131 ve bir sirkte k\u00e2hinlik yaparak g\u00f6zler \u00f6n\u00fcnde saklan\u0131yordu. Tanr\u0131lar\u0131n ona bi\u00e7ti\u011fi<span class=\"excerpt-hellip\"> [\u2026]<\/span><\/p>\n","protected":false},"featured_media":0,"template":"","meta":{"_monsterinsights_skip_tracking":false,"_monsterinsights_sitenote_active":false,"_monsterinsights_sitenote_note":"","_monsterinsights_sitenote_category":0},"product_brand":[],"product_cat":[12291,14777],"product_tag":[],"class_list":{"0":"post-738445","1":"product","2":"type-product","3":"status-publish","5":"product_cat-edebiyat","6":"product_cat-fantastik","7":"pa_cilt-ciltsiz","8":"pa_tur-kitap","9":"pa_yayinevi-yabanci-yayinevi","10":"pa_yazar-amanda-bouchet","12":"first","13":"instock","14":"sale","15":"shipping-taxable","16":"purchasable","17":"product-type-simple"},"_links":{"self":[{"href":"https:\/\/roveyayinevi.com.tr\/index.php\/wp-json\/wp\/v2\/product\/738445","targetHints":{"allow":["GET"]}}],"collection":[{"href":"https:\/\/roveyayinevi.com.tr\/index.php\/wp-json\/wp\/v2\/product"}],"about":[{"href":"https:\/\/roveyayinevi.com.tr\/index.php\/wp-json\/wp\/v2\/types\/product"}],"wp:attachment":[{"href":"https:\/\/roveyayinevi.com.tr\/index.php\/wp-json\/wp\/v2\/media?parent=738445"}],"wp:term":[{"taxonomy":"product_brand","embeddable":true,"href":"https:\/\/roveyayinevi.com.tr\/index.php\/wp-json\/wp\/v2\/product_brand?post=738445"},{"taxonomy":"product_cat","embeddable":true,"href":"https:\/\/roveyayinevi.com.tr\/index.php\/wp-json\/wp\/v2\/product_cat?post=738445"},{"taxonomy":"product_tag","embeddable":true,"href":"https:\/\/roveyayinevi.com.tr\/index.php\/wp-json\/wp\/v2\/product_tag?post=738445"}],"curies":[{"name":"wp","href":"https:\/\/api.w.org\/{rel}","templated":true}]}}