{"id":738444,"date":"2025-08-27T23:50:19","date_gmt":"2025-08-27T20:50:19","guid":{"rendered":"https:\/\/roveyayinevi.com.tr\/index.php\/urun\/efsan-kar-sercesi-2\/"},"modified":"2026-04-13T02:56:34","modified_gmt":"2026-04-12T23:56:34","slug":"efsan-kar-sercesi-2","status":"publish","type":"product","link":"https:\/\/roveyayinevi.com.tr\/index.php\/urun\/efsan-kar-sercesi-2\/","title":{"rendered":"Ef\u015fan &#8211; Kar Ser\u00e7esi 2"},"content":{"rendered":"<p>Ayn\u0131 ge\u00e7mi\u015ften yara alm\u0131\u015f iki gen\u00e7; Alaz ve Ef\u015fan.Alaz, her yan\u0131n\u0131 sarm\u0131\u015f yalanlardan kurtulmak i\u00e7in ya\u015fad\u0131\u011f\u0131 \u015fehri bir gecede terk etmeye karar verdi. Uzun zaman sonra hayat\u0131na anlam kazand\u0131ran ki\u015fiyi, a\u015fk\u0131 Nurbanu\u2019yu bulmu\u015ftu nas\u0131lsa. Ama a\u015fk her \u015feyi halledebilir miydi?&#8230;Ef\u015fan, babas\u0131n\u0131n y\u0131llar \u00f6nceki g\u00fcnah\u0131n\u0131 \u00fcstlenmi\u015f ve Alaz\u2019\u0131n pe\u015fine d\u00fc\u015fm\u00fc\u015ft\u00fc. Da\u011f\u0131lan par\u00e7alar\u0131 bir araya getirmek istiyordu. Kar\u015f\u0131s\u0131nda bulaca\u011f\u0131 ki\u015fi ise bir karde\u015ften daha fazlas\u0131 olacakt\u0131.Ef\u015fan\u2019\u0131n ge\u00e7mi\u015fi ve gelece\u011fi Alaz ile i\u00e7 i\u00e7e ge\u00e7erken, iki karde\u015fin kaderi birlikte yeniden yaz\u0131ld\u0131.Peki, yalanlarla ya\u015faman\u0131n tamiri m\u00fcmk\u00fcn m\u00fcyd\u00fc?ALAZ yand\u0131, k\u00fcl oldu.EF\u015eAN da\u011f\u0131tt\u0131, toz oldu.<\/p>\n","protected":false},"excerpt":{"rendered":"<p>Ayn\u0131 ge\u00e7mi\u015ften yara alm\u0131\u015f iki gen\u00e7; Alaz ve Ef\u015fan.Alaz, her yan\u0131n\u0131 sarm\u0131\u015f yalanlardan kurtulmak i\u00e7in ya\u015fad\u0131\u011f\u0131 \u015fehri bir gecede terk etmeye karar verdi. Uzun zaman sonra<span class=\"excerpt-hellip\"> [\u2026]<\/span><\/p>\n","protected":false},"featured_media":0,"template":"","meta":{"_monsterinsights_skip_tracking":false,"_monsterinsights_sitenote_active":false,"_monsterinsights_sitenote_note":"","_monsterinsights_sitenote_category":0},"product_brand":[],"product_cat":[12291,12711],"product_tag":[],"class_list":{"0":"post-738444","1":"product","2":"type-product","3":"status-publish","5":"product_cat-edebiyat","6":"product_cat-roman-oyku","7":"pa_cilt-ciltsiz","8":"pa_tur-kitap","9":"pa_yayinevi-muptela-yayinevi","10":"pa_yazar-omer-kaan-cetin","12":"first","13":"instock","14":"sale","15":"shipping-taxable","16":"purchasable","17":"product-type-simple"},"_links":{"self":[{"href":"https:\/\/roveyayinevi.com.tr\/index.php\/wp-json\/wp\/v2\/product\/738444","targetHints":{"allow":["GET"]}}],"collection":[{"href":"https:\/\/roveyayinevi.com.tr\/index.php\/wp-json\/wp\/v2\/product"}],"about":[{"href":"https:\/\/roveyayinevi.com.tr\/index.php\/wp-json\/wp\/v2\/types\/product"}],"wp:attachment":[{"href":"https:\/\/roveyayinevi.com.tr\/index.php\/wp-json\/wp\/v2\/media?parent=738444"}],"wp:term":[{"taxonomy":"product_brand","embeddable":true,"href":"https:\/\/roveyayinevi.com.tr\/index.php\/wp-json\/wp\/v2\/product_brand?post=738444"},{"taxonomy":"product_cat","embeddable":true,"href":"https:\/\/roveyayinevi.com.tr\/index.php\/wp-json\/wp\/v2\/product_cat?post=738444"},{"taxonomy":"product_tag","embeddable":true,"href":"https:\/\/roveyayinevi.com.tr\/index.php\/wp-json\/wp\/v2\/product_tag?post=738444"}],"curies":[{"name":"wp","href":"https:\/\/api.w.org\/{rel}","templated":true}]}}