{"id":738442,"date":"2025-08-27T23:50:17","date_gmt":"2025-08-27T20:50:17","guid":{"rendered":"https:\/\/roveyayinevi.com.tr\/index.php\/urun\/dinlenme-ve-rahatlama-yilim\/"},"modified":"2026-04-08T02:56:46","modified_gmt":"2026-04-07T23:56:46","slug":"dinlenme-ve-rahatlama-yilim","status":"publish","type":"product","link":"https:\/\/roveyayinevi.com.tr\/index.php\/urun\/dinlenme-ve-rahatlama-yilim\/","title":{"rendered":"Dinlenme ve Rahatlama Y\u0131l\u0131m"},"content":{"rendered":"<p>Paris Review, New Yorker gibi yay\u0131nlarda \u00f6yk\u00fcleri ve yaz\u0131lar\u0131yla yer alan, ilk roman\u0131 Eileen ile Hemingway Vakf\u0131\/Pen \u00d6d\u00fcl\u00fc\u2019n\u00fc kazanan, bir\u00e7ok eseriyle New York Times \u00e7oksatanlar listesine giren Ottessa Moshfegh\u2019in ikinci roman\u0131 Dinlenme ve Rahatlama Y\u0131l\u0131m, Time, The Guardian ve Washington Post taraf\u0131ndan yay\u0131mland\u0131\u011f\u0131 y\u0131l\u0131n en iyi kitaplar\u0131 aras\u0131nda say\u0131ld\u0131.   11 Eyl\u00fcl \u00f6ncesinde, 2000 y\u0131l\u0131nda zay\u0131f, g\u00fczel, e\u011fitimli gen\u00e7 bir kad\u0131n \u015f\u0131k bir sanat galerisinde kolay bir i\u015fte \u00e7al\u0131\u015f\u0131yor, kaybetti\u011fi anne babas\u0131ndan kalan miras sayesinde, zenginlik ve ihtimallerle dolu Manhattan\u2019da rahat i\u00e7inde ya\u015f\u0131yor. Fakat ald\u0131\u011f\u0131 ila\u00e7lara ra\u011fmen \u00f6yle mutsuz ki&#8230; Hayat\u0131 uykuda ge\u00e7iyor sanki. Y\u00fcre\u011findeki kara deli\u011fin sebebiyse ne D\u00fcnya Ticaret Merkezi\u2019nde \u00e7al\u0131\u015fan bankac\u0131 sevgilisi, ne sinir bozucu arkada\u015f\u0131 Reva ne de \u00f6ks\u00fczl\u00fc\u011f\u00fc. Peki, esas sorun ne sahiden?   Ottessa Moshfegh\u2019den Dinlenme ve Rahatlama Y\u0131l\u0131m yeni bin y\u0131l\u0131n ba\u015flang\u0131c\u0131nda aylak bir bunal\u0131m\u0131n, g\u00f6n\u00fcll\u00fc bir yaln\u0131zl\u0131\u011f\u0131n ac\u0131mas\u0131z, komik, dokunakl\u0131 roman\u0131.\u201cSivri dilli, komik, (Mona Awad, Sheila Heti, Emily Bront\u00eb gibilerin yazd\u0131\u011f\u0131 ya da b\u00fcy\u00fckannelerimiz Leydi Macbeth ve Medea\u2019ya benzer) sevimli olmayan kad\u0131n ba\u015fkarakterler ailesine karanl\u0131k bir katk\u0131.\u201d \u2013Margaret Atwood   \u201cMoshfegh, narsisist bir ki\u015fili\u011fin ama\u00e7s\u0131z i\u00e7 hayat\u0131n\u0131 ayn\u0131 anda hem kendinden nefret ederek hem de kendini ortaya koyarak anlat\u0131yor. Dinlenme ve Rahatlama Y\u0131l\u0131m, kentli bir kara komedi, hastal\u0131kl\u0131 bir itidale sahip paragraflarla dengelenen keskin g\u00f6zl\u00fc bir hiciv eseri olarak fazlas\u0131yla inand\u0131r\u0131c\u0131.\u201d \u2013Joyce Carol Oates  <\/p>\n","protected":false},"excerpt":{"rendered":"<p>Paris Review, New Yorker gibi yay\u0131nlarda \u00f6yk\u00fcleri ve yaz\u0131lar\u0131yla yer alan, ilk roman\u0131 Eileen ile Hemingway Vakf\u0131\/Pen \u00d6d\u00fcl\u00fc\u2019n\u00fc kazanan, bir\u00e7ok eseriyle New York Times \u00e7oksatanlar listesine<span class=\"excerpt-hellip\"> [\u2026]<\/span><\/p>\n","protected":false},"featured_media":0,"template":"","meta":{"_monsterinsights_skip_tracking":false,"_monsterinsights_sitenote_active":false,"_monsterinsights_sitenote_note":"","_monsterinsights_sitenote_category":0},"product_brand":[],"product_cat":[12291,12711],"product_tag":[],"class_list":{"0":"post-738442","1":"product","2":"type-product","3":"status-publish","5":"product_cat-edebiyat","6":"product_cat-roman-oyku","7":"pa_cilt-ciltsiz","8":"pa_tur-kitap","9":"pa_yayinevi-ithaki-yayinlari","10":"pa_yazar-ottessa-moshfegh","12":"first","13":"instock","14":"sale","15":"shipping-taxable","16":"purchasable","17":"product-type-simple"},"_links":{"self":[{"href":"https:\/\/roveyayinevi.com.tr\/index.php\/wp-json\/wp\/v2\/product\/738442","targetHints":{"allow":["GET"]}}],"collection":[{"href":"https:\/\/roveyayinevi.com.tr\/index.php\/wp-json\/wp\/v2\/product"}],"about":[{"href":"https:\/\/roveyayinevi.com.tr\/index.php\/wp-json\/wp\/v2\/types\/product"}],"wp:attachment":[{"href":"https:\/\/roveyayinevi.com.tr\/index.php\/wp-json\/wp\/v2\/media?parent=738442"}],"wp:term":[{"taxonomy":"product_brand","embeddable":true,"href":"https:\/\/roveyayinevi.com.tr\/index.php\/wp-json\/wp\/v2\/product_brand?post=738442"},{"taxonomy":"product_cat","embeddable":true,"href":"https:\/\/roveyayinevi.com.tr\/index.php\/wp-json\/wp\/v2\/product_cat?post=738442"},{"taxonomy":"product_tag","embeddable":true,"href":"https:\/\/roveyayinevi.com.tr\/index.php\/wp-json\/wp\/v2\/product_tag?post=738442"}],"curies":[{"name":"wp","href":"https:\/\/api.w.org\/{rel}","templated":true}]}}