{"id":738438,"date":"2025-08-27T23:50:12","date_gmt":"2025-08-27T20:50:12","guid":{"rendered":"https:\/\/roveyayinevi.com.tr\/index.php\/urun\/lilithin-dolu\/"},"modified":"2026-04-16T02:48:41","modified_gmt":"2026-04-15T23:48:41","slug":"lilithin-dolu","status":"publish","type":"product","link":"https:\/\/roveyayinevi.com.tr\/index.php\/urun\/lilithin-dolu\/","title":{"rendered":"Lilith\u2019in D\u00f6l\u00fc"},"content":{"rendered":"<p>Butler\u2019\u0131n zirve noktalar\u0131ndan biri.\u201d  \u2013Junot D\u00edaz\u201cAntilop ve Flurya\u2019y\u0131 yazarken bana en \u00e7ok \u00f6nerilen kitap Lilith\u2019in D\u00f6l\u00fc\u2019yd\u00fc.\u201d \u2013Margaret Atwood   \u201c\u0130NSANLIK KEND\u0130 KEND\u0130N\u0130 YOK ETME \u00c7ALI\u015eMASI SIRASINDA GEZEGEN\u0130 YA\u015eANAMAZ H\u00c2LE GET\u0130RM\u0130\u015eT\u0130.\u201d   Yaln\u0131zca kaleminin kuvveti de\u011fil ayn\u0131 zamanda muhalif duru\u015fu, \u0131rk ve cinsiyet e\u015fitsizli\u011fine kar\u015f\u0131 tepkisiyle de d\u00f6neminin en m\u00fchim fig\u00fcrlerinden biri olan tarihteki ilk kad\u0131n siyah bilimkurgu yazarlar\u0131ndan Octavia E. Butler, hem bilimkurguda hem de Afroamerikan edebiyat\u0131nda bir d\u00f6n\u00fcm noktas\u0131. Xenogenesis \u00dc\u00e7lemesi\u2019nin t\u00fcm kitaplar\u0131n\u0131 bir araya getiren Lilith\u2019in D\u00f6l\u00fc ise, siyasi tahakk\u00fcm, cinsel fark\u0131ndal\u0131k, mutasyon, \u00fcreme ve kad\u0131n-erkek ili\u015fkilerine dair tabular\u0131 y\u0131kan bir eser.   \u0130nsanl\u0131k son sava\u015f\u0131nda atom bombas\u0131yla D\u00fcnya\u2019y\u0131 t\u00fcketti\u011finde Lilith Iyapo, e\u015fini ve o\u011flunu kaybetmi\u015fti. Y\u00fczlerce y\u0131l sonra Lilith devasa bir uzay gemisinin derinliklerinde uyand\u0131. Gemiyi ise, insanl\u0131\u011f\u0131 yok olmaktan kurtarmak i\u00e7in tam zaman\u0131nda gelmi\u015f Oankaliler y\u00f6netiyordu.   D\u00fcnya hakk\u0131nda \u00f6\u011frenebilecekleri her \u015feyi \u00f6\u011frenmi\u015fler, hayatta kalanlar\u0131 y\u00fczy\u0131llar boyunca uykuda tutup incelemi\u015flerdi. Ama art\u0131k insanl\u0131\u011f\u0131 Lilith\u2019in \u00f6nderli\u011finde, Oankalilerin yard\u0131m\u0131yla iyile\u015fen D\u00fcnya\u2019ya geri g\u00f6t\u00fcrmenin vakti gelmi\u015fti.   Ancak gezegene insanlarla birlikte Oankaliler de yerle\u015fecekti. \u0130nsanlara gezegenin vah\u015fi do\u011fas\u0131nda hayatta kalmaya u\u011fra\u015f\u0131rken soylar\u0131n\u0131 s\u00fcrd\u00fcrebilmeleri i\u00e7in tek bir se\u00e7enek sunulmu\u015ftu: \u00c7ocuklar\u0131 insan olmayacakt\u0131. En az\u0131ndan tamamen.   Lilith\u2019in D\u00f6l\u00fc, kendi k\u0131yametinden ka\u00e7amayan insanl\u0131\u011fa bir umut \u0131\u015f\u0131\u011f\u0131. <\/p>\n","protected":false},"excerpt":{"rendered":"<p>Butler\u2019\u0131n zirve noktalar\u0131ndan biri.\u201d \u2013Junot D\u00edaz\u201cAntilop ve Flurya\u2019y\u0131 yazarken bana en \u00e7ok \u00f6nerilen kitap Lilith\u2019in D\u00f6l\u00fc\u2019yd\u00fc.\u201d \u2013Margaret Atwood \u201c\u0130NSANLIK KEND\u0130 KEND\u0130N\u0130 YOK ETME \u00c7ALI\u015eMASI SIRASINDA GEZEGEN\u0130<span class=\"excerpt-hellip\"> [\u2026]<\/span><\/p>\n","protected":false},"featured_media":0,"template":"","meta":{"_monsterinsights_skip_tracking":false,"_monsterinsights_sitenote_active":false,"_monsterinsights_sitenote_note":"","_monsterinsights_sitenote_category":0},"product_brand":[],"product_cat":[12540,12291],"product_tag":[],"class_list":{"0":"post-738438","1":"product","2":"type-product","3":"status-publish","5":"product_cat-bilim-kurgu","6":"product_cat-edebiyat","7":"pa_cilt-ciltsiz","8":"pa_tur-kitap","9":"pa_yayinevi-ithaki-yayinlari","10":"pa_yazar-octavia-e-butler","12":"first","13":"instock","14":"sale","15":"shipping-taxable","16":"purchasable","17":"product-type-simple"},"_links":{"self":[{"href":"https:\/\/roveyayinevi.com.tr\/index.php\/wp-json\/wp\/v2\/product\/738438","targetHints":{"allow":["GET"]}}],"collection":[{"href":"https:\/\/roveyayinevi.com.tr\/index.php\/wp-json\/wp\/v2\/product"}],"about":[{"href":"https:\/\/roveyayinevi.com.tr\/index.php\/wp-json\/wp\/v2\/types\/product"}],"wp:attachment":[{"href":"https:\/\/roveyayinevi.com.tr\/index.php\/wp-json\/wp\/v2\/media?parent=738438"}],"wp:term":[{"taxonomy":"product_brand","embeddable":true,"href":"https:\/\/roveyayinevi.com.tr\/index.php\/wp-json\/wp\/v2\/product_brand?post=738438"},{"taxonomy":"product_cat","embeddable":true,"href":"https:\/\/roveyayinevi.com.tr\/index.php\/wp-json\/wp\/v2\/product_cat?post=738438"},{"taxonomy":"product_tag","embeddable":true,"href":"https:\/\/roveyayinevi.com.tr\/index.php\/wp-json\/wp\/v2\/product_tag?post=738438"}],"curies":[{"name":"wp","href":"https:\/\/api.w.org\/{rel}","templated":true}]}}