{"id":738437,"date":"2025-08-27T23:50:11","date_gmt":"2025-08-27T20:50:11","guid":{"rendered":"https:\/\/roveyayinevi.com.tr\/index.php\/urun\/queer-temali-3-kitap-seti\/"},"modified":"2026-04-16T02:48:41","modified_gmt":"2026-04-15T23:48:41","slug":"queer-temali-3-kitap-seti","status":"publish","type":"product","link":"https:\/\/roveyayinevi.com.tr\/index.php\/urun\/queer-temali-3-kitap-seti\/","title":{"rendered":"Queer Temal\u0131 3 Kitap Seti"},"content":{"rendered":"<p>Setimiz, \u00dcmit Da\u011fc\u0131\u2019n\u0131n yazm\u0131\u015f oldu\u011fu \u201cO\u2019nu Affettim\u201d, \u201cBirli Ya\u015fam\u201d ve \u201c\u0130kili Ya\u015fam\u201d kitaplar\u0131ndan olu\u015fmaktad\u0131r.O\u2019nu Affettim:Siz hi\u00e7 sonsuzlukta sonsuzlu\u011fu Yaratan\u2019a k\u0131rg\u0131n olarak sonsuza kadar ya\u015fad\u0131n\u0131z m\u0131?\u0130mk\u00e2ns\u0131z ac\u0131lar insan zihninin kald\u0131ramayaca\u011f\u0131ndan sonsuz art\u0131 bir kadar b\u00fcy\u00fckt\u00fcr. Bizler, ya\u015fad\u0131\u011f\u0131m\u0131z bedenin \u00e7ekmemesi gereken s\u0131navlardan ge\u00e7iyoruz ve ebediyetle k\u0131yaslad\u0131\u011f\u0131m\u0131zda oras\u0131 i\u00e7in toz zerresi, buras\u0131 i\u00e7in u\u00e7suz bucaks\u0131z dertlerin i\u00e7inde sava\u015f\u0131yoruz.\u00dctopya evreninde ya\u015fayan bir avu\u00e7 insan, Distopya\u2019da ya\u015fayanlarla empati kurmaya \u00e7al\u0131\u015f\u0131yor ve onlara kendi ad\u0131ma te\u015fekk\u00fcr ediyorum. Bu \u2018\u00d6yk\u00fcle\u015ftirilmi\u015f Tiyatro Metni\u2019 onlar i\u00e7in yaz\u0131ld\u0131. Karma\u015fam\u0131z\u0131 asla ya\u015famay\u0131n.Anlat\u0131c\u0131 karakter tek bir ki\u015fi yahut bir\u00e7ok ki\u015fi, anlat\u0131lan hik\u00e2yedeki ki\u015fi kutsal bir varl\u0131k ya da bir insan, ya\u015fanm\u0131\u015fl\u0131klar bir can\u0131n \u00e7ekti\u011fi karma\u015fa veya canlar\u0131n hayatlar\u0131. Ne fark eder, hepsi de ayn\u0131 kelimelerin i\u00e7inde.Ay\u00e2sya\u2019n\u0131n dedi\u011fi gibi, \u201cEdebiyat karalamad\u0131r. Okurlar\u0131 iki \u00e7izgi aras\u0131nda y\u00fcr\u00fctmek de\u011fildir.\u201d Ben edebiyat\u00e7\u0131y\u0131m ve karalad\u0131m. Karalaman\u0131n i\u00e7inde kendi yolunu bulman\u0131z dile\u011fimle keyifli okumalar diliyorum.Birli Ya\u015fam:\u201cMutluluk ve \u00f6l\u00fcm, ayr\u0131lmayan iki karde\u015ftir.\u201dHayal ve umut ayn\u0131 yolun yolcusu de\u011fildir. Hayal ruhun, umut bedenin merhemidir. Ruhun korkusu bedenin umuduyla yap\u0131lan yolculuklar\u0131n sonuncusu Londra\u2019ya oldu. Bana g\u00f6re kahramanlar\u0131n hayatlar\u0131 parampar\u00e7a da\u011f\u0131ld\u0131. Size g\u00f6re a\u015fk\u0131 tatt\u0131. Kimilerine g\u00f6re de de\u011fersiz ki\u015filerin kahraman oldu\u011fu bir kitap&#8230;\u0130kili Ya\u015fam:Emek veren kabul ettiyse hakl\u0131 olan odur. Y\u0131llar\u0131n\u0131 verdi\u011fin ki\u015finin de\u011fi\u015fimini sa\u011flad\u0131\u011f\u0131n i\u00e7in onun \u00fcst\u00fcnde hak iddia edebilirsin, bu d\u00fc\u015f\u00fcncende de hakl\u0131s\u0131nd\u0131r. L\u00e2kin dengeleri korumak zorunday\u0131m. Ve ilklerini beraber ya\u015fad\u0131\u011f\u0131m ki\u015finin, bir ilkini ba\u015fkas\u0131yla ya\u015famas\u0131na izin verdiysem bu, kaybetmeme neden olabilir \u201c-ki\u2026\u201d, bu ki \u00e7ok \u00f6nemli, bu nedenle hem t\u0131rnak i\u00e7ine ald\u0131m hem de \u00f6n\u00fcne tire koydum.Burada biraz d\u00fc\u015f\u00fcn. Sa\u00e7ma sapan s\u0131ralanm\u0131\u015f c\u00fcmlelerin sonunda neler bulacaks\u0131n?\u201c\u00d6m\u00fcr\u201d, ya\u015fad\u0131\u011f\u0131m\u0131z hayata kabaca vermi\u015f oldu\u011fumuz bir isim. \u00d6m\u00fcr, kendimizi i\u00e7inde buldu\u011fumuz, onda da kendimizden bir par\u00e7a buldu\u011fumuz ya\u015fam\u0131n ikilili\u011fi tekle\u015ftirmesi, b\u00fct\u00fcnle\u015ftirmesidir. \u0130\u00e7sel bir bak\u0131\u015fla kendi \u00d6m\u00fcr\u2019\u00fcm\u00fcz\u00fc net olarak g\u00f6remeyebilir, beraberinde de anlayamayabiliriz. \u0130\u015fte Neslihan ve onun bak\u0131\u015f\u0131yla bu kitap, \u00d6m\u00fcr\u2019e d\u0131\u015fsal bak\u0131\u015f\u0131n somutla\u015ft\u0131r\u0131lm\u0131\u015f bir h\u00e2lidir.<\/p>\n","protected":false},"excerpt":{"rendered":"<p>Setimiz, \u00dcmit Da\u011fc\u0131\u2019n\u0131n yazm\u0131\u015f oldu\u011fu \u201cO\u2019nu Affettim\u201d, \u201cBirli Ya\u015fam\u201d ve \u201c\u0130kili Ya\u015fam\u201d kitaplar\u0131ndan olu\u015fmaktad\u0131r.O\u2019nu Affettim:Siz hi\u00e7 sonsuzlukta sonsuzlu\u011fu Yaratan\u2019a k\u0131rg\u0131n olarak sonsuza kadar ya\u015fad\u0131n\u0131z m\u0131?\u0130mk\u00e2ns\u0131z ac\u0131lar<span class=\"excerpt-hellip\"> [\u2026]<\/span><\/p>\n","protected":false},"featured_media":0,"template":"","meta":{"_monsterinsights_skip_tracking":false,"_monsterinsights_sitenote_active":false,"_monsterinsights_sitenote_note":"","_monsterinsights_sitenote_category":0},"product_brand":[],"product_cat":[12291,14777],"product_tag":[],"class_list":{"0":"post-738437","1":"product","2":"type-product","3":"status-publish","5":"product_cat-edebiyat","6":"product_cat-fantastik","7":"pa_cilt-set","8":"pa_tur-kitap","9":"pa_yayinevi-vaveyla-yayincilik","10":"pa_yazar-umit-dagci","12":"first","13":"instock","14":"sale","15":"shipping-taxable","16":"purchasable","17":"product-type-simple"},"_links":{"self":[{"href":"https:\/\/roveyayinevi.com.tr\/index.php\/wp-json\/wp\/v2\/product\/738437","targetHints":{"allow":["GET"]}}],"collection":[{"href":"https:\/\/roveyayinevi.com.tr\/index.php\/wp-json\/wp\/v2\/product"}],"about":[{"href":"https:\/\/roveyayinevi.com.tr\/index.php\/wp-json\/wp\/v2\/types\/product"}],"wp:attachment":[{"href":"https:\/\/roveyayinevi.com.tr\/index.php\/wp-json\/wp\/v2\/media?parent=738437"}],"wp:term":[{"taxonomy":"product_brand","embeddable":true,"href":"https:\/\/roveyayinevi.com.tr\/index.php\/wp-json\/wp\/v2\/product_brand?post=738437"},{"taxonomy":"product_cat","embeddable":true,"href":"https:\/\/roveyayinevi.com.tr\/index.php\/wp-json\/wp\/v2\/product_cat?post=738437"},{"taxonomy":"product_tag","embeddable":true,"href":"https:\/\/roveyayinevi.com.tr\/index.php\/wp-json\/wp\/v2\/product_tag?post=738437"}],"curies":[{"name":"wp","href":"https:\/\/api.w.org\/{rel}","templated":true}]}}