{"id":738434,"date":"2025-08-27T23:50:08","date_gmt":"2025-08-27T20:50:08","guid":{"rendered":"https:\/\/roveyayinevi.com.tr\/index.php\/urun\/hayvan-ciftligi-ve-okuma-rehberi\/"},"modified":"2026-04-16T02:48:41","modified_gmt":"2026-04-15T23:48:41","slug":"hayvan-ciftligi-ve-okuma-rehberi","status":"publish","type":"product","link":"https:\/\/roveyayinevi.com.tr\/index.php\/urun\/hayvan-ciftligi-ve-okuma-rehberi\/","title":{"rendered":"Hayvan \u00c7iftli\u011fi ve Okuma Rehberi"},"content":{"rendered":"<p>\u201cHayvan \u00c7iftli\u011fi, sosyal zaman\u0131n ruhuna uygun ve sembolik de\u011fere sahip bir kitapt\u0131r. Ayr\u0131ca toplumsal bilin\u00e7le birlikte ya\u015fama bilinci olu\u015fturmas\u0131 ve demokrasinin k\u00fclt\u00fcr haline gelmesi i\u00e7in okunmas\u0131 \u00e7ok faydal\u0131d\u0131r.\u201d Prof. Dr. Nevzat Tarhan \u201cHayvan \u00c7iftli\u011fi, \u00e7ocuklar\u0131n akl\u0131n\u0131 i\u015fleten ve manaya y\u00f6nlendiren, hi\u00e7bir \u015feyin bizim d\u00fc\u015f\u00fcnd\u00fc\u011f\u00fcm\u00fcz gibi olmad\u0131\u011f\u0131n\u0131 g\u00f6steren bir kitap. O y\u00fczden mutlaka okunmas\u0131 gereken eserlerdendir.\u201d Cem\u00e2lnur Sargut \u201cHayvan \u00c7iftli\u011fi, Orwell\u2019in gelece\u011fe dair yol i\u015faretlerindendir. Bu i\u015faretler ge\u00e7mi\u015fte aynen ya\u015fanm\u0131\u015f oldu\u011fu i\u00e7in \u00e7arp\u0131c\u0131d\u0131r. Kendi devrinde ya\u015fad\u0131\u011f\u0131, benim devrimde ya\u015fad\u0131\u011f\u0131m ve torunumun da kendi devrinde ya\u015fayaca\u011f\u0131 bir \u015feyi anlatt\u0131\u011f\u0131 i\u00e7in daha \u00e7ok kopya satar ve satmal\u0131 da!\u201d Prof. Dr. Sinan Canan \u201cBana g\u00f6re mesajlar\u0131 bir hik\u00e2ye \u00fczerinden vermek her zaman daha etkileyicidir. \u00c7\u00fcnk\u00fc hik\u00e2yeler her zaman daha \u00e7ok ilgi \u00e7eker ve daha \u00e7ok tutulur. Orwell, bu hik\u00e2yeyi Stalin\u2019in ismini vererek anlatsayd\u0131 bu kadar etkili olmayabilirdi.\u201d Kemal \u00d6zt\u00fcrk   Hayvan \u00c7iftli\u011fi, y\u0131llard\u0131r pop\u00fclerli\u011fini koruyan ve h\u00e2l\u00e2 \u00e7ok satanlarda yer alan kitaplardand\u0131r. Elinizdeki bu \u00e7eviriyi di\u011ferlerinden ay\u0131ran ise bir \u201cokuma rehberi\u201dyle birlikte yay\u0131mlanmas\u0131d\u0131r. Bu rehberde kitab\u0131n \u00f6zetini, \u00f6nemli kavramlar\u0131, romandaki karakterleri ve romanla ilgili tart\u0131\u015fma sorular\u0131n\u0131 bulacaks\u0131n\u0131z. Hemen ard\u0131ndan da \u00dcsk\u00fcdar \u00dcniversitesi hocalar\u0131yla yapt\u0131\u011f\u0131m\u0131z m\u00fclakatlardan haz\u0131rlanan yaz\u0131lar\u0131 okuyacaks\u0131n\u0131z. Nevzat Tarhan psikoloji, Cem\u00e2lnur Sargut tasavvuf, Sinan Canan n\u00f6robilim, Kemal \u00d6zt\u00fcrk ise siyasal ileti\u015fim penceresinden analiz ve de\u011ferlendirmeler yapt\u0131lar. <\/p>\n","protected":false},"excerpt":{"rendered":"<p>\u201cHayvan \u00c7iftli\u011fi, sosyal zaman\u0131n ruhuna uygun ve sembolik de\u011fere sahip bir kitapt\u0131r. Ayr\u0131ca toplumsal bilin\u00e7le birlikte ya\u015fama bilinci olu\u015fturmas\u0131 ve demokrasinin k\u00fclt\u00fcr haline gelmesi i\u00e7in okunmas\u0131<span class=\"excerpt-hellip\"> [\u2026]<\/span><\/p>\n","protected":false},"featured_media":0,"template":"","meta":{"_monsterinsights_skip_tracking":false,"_monsterinsights_sitenote_active":false,"_monsterinsights_sitenote_note":"","_monsterinsights_sitenote_category":0},"product_brand":[],"product_cat":[12291,12711],"product_tag":[],"class_list":{"0":"post-738434","1":"product","2":"type-product","3":"status-publish","5":"product_cat-edebiyat","6":"product_cat-roman-oyku","7":"pa_cilt-ciltsiz","8":"pa_tur-kitap","9":"pa_yayinevi-tuti-kitap","10":"pa_yazar-tuti-kitap-kolektif","12":"first","13":"instock","14":"sale","15":"shipping-taxable","16":"purchasable","17":"product-type-simple"},"_links":{"self":[{"href":"https:\/\/roveyayinevi.com.tr\/index.php\/wp-json\/wp\/v2\/product\/738434","targetHints":{"allow":["GET"]}}],"collection":[{"href":"https:\/\/roveyayinevi.com.tr\/index.php\/wp-json\/wp\/v2\/product"}],"about":[{"href":"https:\/\/roveyayinevi.com.tr\/index.php\/wp-json\/wp\/v2\/types\/product"}],"wp:attachment":[{"href":"https:\/\/roveyayinevi.com.tr\/index.php\/wp-json\/wp\/v2\/media?parent=738434"}],"wp:term":[{"taxonomy":"product_brand","embeddable":true,"href":"https:\/\/roveyayinevi.com.tr\/index.php\/wp-json\/wp\/v2\/product_brand?post=738434"},{"taxonomy":"product_cat","embeddable":true,"href":"https:\/\/roveyayinevi.com.tr\/index.php\/wp-json\/wp\/v2\/product_cat?post=738434"},{"taxonomy":"product_tag","embeddable":true,"href":"https:\/\/roveyayinevi.com.tr\/index.php\/wp-json\/wp\/v2\/product_tag?post=738434"}],"curies":[{"name":"wp","href":"https:\/\/api.w.org\/{rel}","templated":true}]}}