{"id":738433,"date":"2025-08-27T23:50:07","date_gmt":"2025-08-27T20:50:07","guid":{"rendered":"https:\/\/roveyayinevi.com.tr\/index.php\/urun\/konusmadan-anlamak\/"},"modified":"2026-04-12T02:53:34","modified_gmt":"2026-04-11T23:53:34","slug":"konusmadan-anlamak","status":"publish","type":"product","link":"https:\/\/roveyayinevi.com.tr\/index.php\/urun\/konusmadan-anlamak\/","title":{"rendered":"Konu\u015fmadan Anlamak"},"content":{"rendered":"<p>Y\u0131llard\u0131r beynin ve davran\u0131\u015flar\u0131n mekanizmas\u0131n\u0131 anlamaya ve anlatmaya \u00e7al\u0131\u015fan biri olarak, \u201cbeden\u201dden ayr\u0131 bir beyin d\u00fc\u015f\u00fcnemeyece\u011fimizi her zaman vurgulamaya gayret ettim. Beyinde ne olursa olsun, d\u0131\u015favurumu, bu d\u00fcnyadan ge\u00e7erken bize ev sahipli\u011fi yapan bedenimizdedir. Bir ba\u015fka deyi\u015fle beynimizde olup bitenleri anlaman\u0131n asl\u0131nda en kestirme yolu, bedenimizdeki yans\u0131malar\u0131n\u0131 dikkatlice izlemektir. Bu kitapta sevgili Mehmet \u00d6zdemir tam olarak bunu yap\u0131yor ve bizlere \u00e7ok i\u015fe yarar ipu\u00e7lar\u0131 veriyor. Umuyorum buradaki bilgiler \u201cdi\u011ferlerini manip\u00fcle etmek\u201d gibi ucuz kestirmelere de\u011fil, kendini ve di\u011fer insanlar\u0131 do\u011fru anlama yolunda ustal\u0131kla kulland\u0131\u011f\u0131m\u0131z ara\u00e7lara d\u00f6n\u00fc\u015fs\u00fcn. Zira beden dilinin g\u00fcc\u00fc tahminlerimizin \u00e7ok \u00f6tesindedir. Sinan Canan \u2013 Akademisyen, Yazar   Beden dili benim i\u00e7in \u00e7ok k\u0131ymetli verilere sahip olmam\u0131 sa\u011flayan bir ileti\u015fim y\u00f6ntemidir. Canland\u0131raca\u011f\u0131m karaktere haz\u0131rland\u0131\u011f\u0131mda; karakterin hislerini bulmaya \u00e7al\u0131\u015f\u0131p, duygular\u0131na ula\u015f\u0131p, oradan da davran\u0131\u015flar\u0131na, jestlerine, mimiklerine giden yollarda y\u00fcr\u00fcrken bulurum kendimi. Karakter sustu\u011fu vakit, beden dili konu\u015fur oyuncunun. As\u0131l o zaman seyirciyle ileti\u015fime gireriz ki benim i\u00e7in en zevkli taraf\u0131 da bu k\u0131sm\u0131d\u0131r oyunculu\u011fun.   Kendini tan\u0131ma, bilme, anlama ser\u00fcvenine \u00e7\u0131kmaya niyet etmi\u015f her insan\u0131n \u201cbeden dili\u201d ileti\u015fim y\u00f6ntemini \u00f6\u011frenme heyecan\u0131n\u0131 hissetmesini dilerim. Eminim sevgili dostum Mehmet \u00d6zdemir t\u00fcm okuyucular\u0131na bu nefis anahtar\u0131 verecektir. Yasemin Ba\u015ftan \u2013 Tiyatro ve Sinema Sanat\u00e7\u0131s\u0131 Duru\u015fumuz, bak\u0131\u015f\u0131m\u0131z, ellerimizi ba\u011flama \u015feklimiz gibi t\u00fcm hareketlerimiz, neler d\u00fc\u015f\u00fcnd\u00fc\u011f\u00fcm\u00fcz\u00fc ve hissetti\u011fimizi s\u00f6zc\u00fcklerimizden daha fazla anlat\u0131r. Bu nedenle bir istihbarat personeli gibi g\u00f6revinde beden dili fark\u0131ndal\u0131\u011f\u0131 ta\u015f\u0131mas\u0131 gereken ki\u015filer, kar\u015f\u0131 tarafa istedi\u011fi mesaj\u0131 kontrol dahilinde verebilmelidir. \u0130\u015fte Mehmet \u00d6zdemir\u2019in kaleme ald\u0131\u011f\u0131 bu kitap, \u201ckonu\u015fmadan anlamak\u201d konusunda yepyeni bir k\u0131lavuzluk sa\u011fl\u0131yor. Keyifle okuman\u0131z\u0131 dilerim. Do\u00e7. Dr. Ali Burak Dar\u0131c\u0131l\u0131 \u2013 Bursa Teknik \u00dcniversitesi \u00d6\u011fretim \u00dcyesi <\/p>\n","protected":false},"excerpt":{"rendered":"<p>Y\u0131llard\u0131r beynin ve davran\u0131\u015flar\u0131n mekanizmas\u0131n\u0131 anlamaya ve anlatmaya \u00e7al\u0131\u015fan biri olarak, \u201cbeden\u201dden ayr\u0131 bir beyin d\u00fc\u015f\u00fcnemeyece\u011fimizi her zaman vurgulamaya gayret ettim. Beyinde ne olursa olsun, d\u0131\u015favurumu,<span class=\"excerpt-hellip\"> [\u2026]<\/span><\/p>\n","protected":false},"featured_media":0,"template":"","meta":{"_monsterinsights_skip_tracking":false,"_monsterinsights_sitenote_active":false,"_monsterinsights_sitenote_note":"","_monsterinsights_sitenote_category":0},"product_brand":[],"product_cat":[12364,12376],"product_tag":[],"class_list":{"0":"post-738433","1":"product","2":"type-product","3":"status-publish","5":"product_cat-genel-konular","6":"product_cat-kisisel-gelisim","7":"pa_cilt-ciltsiz","8":"pa_tur-kitap","9":"pa_yayinevi-tuti-kitap","10":"pa_yazar-mehmet-ozdemir","12":"first","13":"instock","14":"sale","15":"shipping-taxable","16":"purchasable","17":"product-type-simple"},"_links":{"self":[{"href":"https:\/\/roveyayinevi.com.tr\/index.php\/wp-json\/wp\/v2\/product\/738433","targetHints":{"allow":["GET"]}}],"collection":[{"href":"https:\/\/roveyayinevi.com.tr\/index.php\/wp-json\/wp\/v2\/product"}],"about":[{"href":"https:\/\/roveyayinevi.com.tr\/index.php\/wp-json\/wp\/v2\/types\/product"}],"wp:attachment":[{"href":"https:\/\/roveyayinevi.com.tr\/index.php\/wp-json\/wp\/v2\/media?parent=738433"}],"wp:term":[{"taxonomy":"product_brand","embeddable":true,"href":"https:\/\/roveyayinevi.com.tr\/index.php\/wp-json\/wp\/v2\/product_brand?post=738433"},{"taxonomy":"product_cat","embeddable":true,"href":"https:\/\/roveyayinevi.com.tr\/index.php\/wp-json\/wp\/v2\/product_cat?post=738433"},{"taxonomy":"product_tag","embeddable":true,"href":"https:\/\/roveyayinevi.com.tr\/index.php\/wp-json\/wp\/v2\/product_tag?post=738433"}],"curies":[{"name":"wp","href":"https:\/\/api.w.org\/{rel}","templated":true}]}}