{"id":738429,"date":"2025-08-27T23:49:29","date_gmt":"2025-08-27T20:49:29","guid":{"rendered":"https:\/\/roveyayinevi.com.tr\/index.php\/urun\/antik-cag-mutfak-kulturu\/"},"modified":"2026-04-16T02:48:40","modified_gmt":"2026-04-15T23:48:40","slug":"antik-cag-mutfak-kulturu","status":"publish","type":"product","link":"https:\/\/roveyayinevi.com.tr\/index.php\/urun\/antik-cag-mutfak-kulturu\/","title":{"rendered":"Antik \u00c7a\u011f Mutfak K\u00fclt\u00fcr\u00fc"},"content":{"rendered":"<p>Antik \u00c7a\u011fda Beslenme ve Damak Tad\u0131 ve Antik \u00c7a\u011f Mutfak S\u00f6zl\u00fc\u011f\u00fc metinlerini bir araya getiren bu kitap, Eski \u00c7a\u011f tarihine ve yemek pi\u015firmeye olan sonsuz ilgimin bir \u00fcr\u00fcn\u00fc olarak ortaya \u00e7\u0131kt\u0131. Yemek hayat\u0131m\u0131z\u0131n tam merkezinde olmas\u0131na kar\u015f\u0131n tarihle ili\u015fkilendirmekte g\u00fc\u00e7l\u00fck \u00e7ekti\u011fimiz bir aland\u0131r. \u0130mparatorluklar\u0131n do\u011fmas\u0131na-y\u0131k\u0131lmas\u0131na, sava\u015flar\u0131n gidi\u015fat\u0131na nas\u0131l y\u00f6n verdi\u011fini bir t\u00fcrl\u00fc g\u00f6remeyiz, ya da g\u00f6r\u00fcr de alt\u0131nda daha b\u00fcy\u00fck sebepler arar\u0131z. Oysa do\u011frulu\u011fu tart\u0131\u015fmal\u0131 olmakla birlikte Fransa kral\u0131 16 Louis\u2019nin e\u015fi Marie Antoniette\u2019in a\u00e7l\u0131ktan yak\u0131nan yoksul halk\u0131n \u015fikayetlerini savu\u015fturmak amac\u0131yla s\u00f6yledi\u011fi varsay\u0131lan \u201cekmek bulam\u0131yorlarsa pasta yesinler\u201d s\u00f6z\u00fcn\u00fcn Frans\u0131z devrimine giden yolu a\u00e7t\u0131\u011f\u0131n\u0131 ve s\u00f6z\u00fcn sahibinin giyotinle idam edildi\u011fini bilmeyen yoktur. Antik \u00c7a\u011f i\u00e7in de durum bundan farkl\u0131 de\u011fildir, Hellenlerin tah\u0131l tar\u0131m\u0131 yapabilecekleri arazilere duyduklar\u0131 ilgiyi, bu ilgiden dolay\u0131 Kolonizasyon faaliyetlerini ba\u015flatt\u0131klar\u0131n\u0131 art\u0131k kabul ediyoruz. Romal\u0131lar\u0131n bir\u00e7ok ama\u00e7la kulland\u0131klar\u0131 silphium adl\u0131 bitkiyi neslini t\u00fcketmek pahas\u0131na ithal ettiklerini belki bu kitaptan \u00f6\u011freneceksiniz. Zeytin ve zeytinya\u011f\u0131 olmasa Hellen uygarl\u0131\u011f\u0131 nas\u0131l bir hal al\u0131rd\u0131 sorusu cevab\u0131n\u0131 asla bulamayaca\u011f\u0131m\u0131z bir s\u0131rd\u0131r. \u0130mparatorlar sofralar\u0131n\u0131 neden en se\u00e7kin yiyeceklerle donat\u0131yorlard\u0131? Bununla neyi ama\u00e7l\u0131yor ve u\u011fruna nas\u0131l bir paha \u00f6d\u00fcyorlard\u0131? Bu ve benzeri sorular \u00e7o\u011falt\u0131l\u0131rsa yeme\u011fin tarihle ili\u015fkisi daha kolay anla\u015f\u0131lacakt\u0131r.<\/p>\n","protected":false},"excerpt":{"rendered":"<p>Antik \u00c7a\u011fda Beslenme ve Damak Tad\u0131 ve Antik \u00c7a\u011f Mutfak S\u00f6zl\u00fc\u011f\u00fc metinlerini bir araya getiren bu kitap, Eski \u00c7a\u011f tarihine ve yemek pi\u015firmeye olan sonsuz ilgimin<span class=\"excerpt-hellip\"> [\u2026]<\/span><\/p>\n","protected":false},"featured_media":0,"template":"","meta":{"_monsterinsights_skip_tracking":false,"_monsterinsights_sitenote_active":false,"_monsterinsights_sitenote_note":"","_monsterinsights_sitenote_category":0},"product_brand":[],"product_cat":[12370,12304],"product_tag":[],"class_list":{"0":"post-738429","1":"product","2":"type-product","3":"status-publish","5":"product_cat-arastirma-inceleme","6":"product_cat-tarih","7":"pa_cilt-ciltsiz","8":"pa_tur-kitap","9":"pa_yayinevi-pinhan-yayincilik","10":"pa_yazar-ali-guveloglu","12":"first","13":"instock","14":"sale","15":"shipping-taxable","16":"purchasable","17":"product-type-simple"},"_links":{"self":[{"href":"https:\/\/roveyayinevi.com.tr\/index.php\/wp-json\/wp\/v2\/product\/738429","targetHints":{"allow":["GET"]}}],"collection":[{"href":"https:\/\/roveyayinevi.com.tr\/index.php\/wp-json\/wp\/v2\/product"}],"about":[{"href":"https:\/\/roveyayinevi.com.tr\/index.php\/wp-json\/wp\/v2\/types\/product"}],"wp:attachment":[{"href":"https:\/\/roveyayinevi.com.tr\/index.php\/wp-json\/wp\/v2\/media?parent=738429"}],"wp:term":[{"taxonomy":"product_brand","embeddable":true,"href":"https:\/\/roveyayinevi.com.tr\/index.php\/wp-json\/wp\/v2\/product_brand?post=738429"},{"taxonomy":"product_cat","embeddable":true,"href":"https:\/\/roveyayinevi.com.tr\/index.php\/wp-json\/wp\/v2\/product_cat?post=738429"},{"taxonomy":"product_tag","embeddable":true,"href":"https:\/\/roveyayinevi.com.tr\/index.php\/wp-json\/wp\/v2\/product_tag?post=738429"}],"curies":[{"name":"wp","href":"https:\/\/api.w.org\/{rel}","templated":true}]}}