{"id":738428,"date":"2025-08-27T23:49:28","date_gmt":"2025-08-27T20:49:28","guid":{"rendered":"https:\/\/roveyayinevi.com.tr\/index.php\/urun\/michelangelo-2\/"},"modified":"2026-04-16T02:48:40","modified_gmt":"2026-04-15T23:48:40","slug":"michelangelo-2","status":"publish","type":"product","link":"https:\/\/roveyayinevi.com.tr\/index.php\/urun\/michelangelo-2\/","title":{"rendered":"Michelangelo"},"content":{"rendered":"<p>Michelangelo yetene\u011fi ve dehas\u0131 hayattayken takdir edilmi\u015f bir sanat\u00e7\u0131yd\u0131. 31 ya\u015f\u0131nda \u0130talya\u2019n\u0131n en iyi sanat\u00e7\u0131s\u0131 olarak kabul edilmi\u015f, 89 ya\u015f\u0131nda hayata veda ederken, d\u00fc\u015fmanlar\u0131 taraf\u0131ndan kibirli, g\u00f6rg\u00fcs\u00fcz, \u00fc\u00e7k\u00e2\u011f\u0131t\u00e7\u0131 bir cimri olarak an\u0131lmas\u0131na ra\u011fmen di\u011fer herkes taraf\u0131ndan d\u00fcnyan\u0131n gelmi\u015f ge\u00e7mi\u015f en b\u00fcy\u00fck ressam\u0131 ve heykelt\u0131ra\u015f\u0131 olarak sayg\u0131 g\u00f6r\u00fcyordu. Daha ya\u015farken dehas\u0131n\u0131n fark edilmesi ve de\u011ferinin anla\u015f\u0131lmas\u0131 Michelangelo\u2019nun hayat\u0131na \u00e7ok \u015fey katmakla birlikte sevdiklerinden ayr\u0131 d\u00fc\u015fmesine, davran\u0131\u015flar\u0131n\u0131 istedi\u011fi gibi \u015fekillendirememesine yol a\u00e7m\u0131\u015ft\u0131. Her ne kadar papalara, krallara ve prenslere \u201chay\u0131r\u201d diyebilen co\u015fkun ve ma\u011frur bir ruha sahip olsa da kar\u015f\u0131la\u015ft\u0131\u011f\u0131 s\u0131k\u0131nt\u0131l\u0131 ko\u015fullar i\u00e7erisinde bo\u011fulmu\u015f, \u0131zd\u0131rab\u0131n\u0131 sanat eserlerine yans\u0131tm\u0131\u015f, b\u00f6ylelikle R\u00f6nesans \u00c7a\u011f\u0131\u2019nda kendisine has bir ses, bir renk, bir \u00e7izgi yakalayabilmi\u015fti. Bruno Nardini, Floransa\u2019da Muhte\u015fem Lorenzo de\u2019 Medici ile Girolamo Savonarola aras\u0131nda, Roma\u2019da ise papalar\u0131n ve kardinallerin aras\u0131nda kalm\u0131\u015f ressam, heykelt\u0131ra\u015f, mimar ve \u015fair Michelangelo\u2019nun hayat\u0131n\u0131 kesitler halinde sunuyor. Aksi fakat d\u00e2hi, zorlay\u0131c\u0131 ancak bir o kadar da c\u00f6mert Michelangelo\u2019nun \u00e7ocuklu\u011fundan \u00f6l\u00fcm\u00fcne kadar \u00e7alkant\u0131s\u0131 hi\u00e7 dinmeyen hayat\u0131, yapt\u0131\u011f\u0131 tablolar, heykeller, freskler, binalar; kimler i\u00e7in \u00e7al\u0131\u015ft\u0131\u011f\u0131, kimleri kendisine d\u00fc\u015fman etti\u011fi, sadece b\u00fcy\u00fck bir sanat\u00e7\u0131 oldu\u011fundan de\u011fil ayn\u0131 zamanda kendine has bir karakter oldu\u011fu i\u00e7in de edindi\u011fi arkada\u015flar\u0131 Nardini\u2019nin kalemiyle tekrar hayat buluyor. Pek \u00e7ok dile \u00e7evrilen Michelangelo: Bir D\u00e2hinin Ya\u015fam\u00f6yk\u00fcs\u00fc, Bat\u0131 sanat\u0131na damga vurmu\u015f, kendisinden sonrakilerin ona kay\u0131ts\u0131z kalamad\u0131\u011f\u0131 bir \u201cR\u00f6nesans adam\u0131n\u0131n\u201d a\u015fk\u0131n\u0131, tutkusunu, \u00f6fkesini ve \u00e7ektiklerini aktararak insan ve sanat\u00e7\u0131 olarak portresini sunuyor. <\/p>\n","protected":false},"excerpt":{"rendered":"<p>Michelangelo yetene\u011fi ve dehas\u0131 hayattayken takdir edilmi\u015f bir sanat\u00e7\u0131yd\u0131. 31 ya\u015f\u0131nda \u0130talya\u2019n\u0131n en iyi sanat\u00e7\u0131s\u0131 olarak kabul edilmi\u015f, 89 ya\u015f\u0131nda hayata veda ederken, d\u00fc\u015fmanlar\u0131 taraf\u0131ndan kibirli,<span class=\"excerpt-hellip\"> [\u2026]<\/span><\/p>\n","protected":false},"featured_media":0,"template":"","meta":{"_monsterinsights_skip_tracking":false,"_monsterinsights_sitenote_active":false,"_monsterinsights_sitenote_note":"","_monsterinsights_sitenote_category":0},"product_brand":[],"product_cat":[12312,12304],"product_tag":[],"class_list":{"0":"post-738428","1":"product","2":"type-product","3":"status-publish","5":"product_cat-diger","6":"product_cat-tarih","7":"pa_cilt-ciltsiz","8":"pa_tur-kitap","9":"pa_yayinevi-kronik-kitap","10":"pa_yazar-bruno-nardini","12":"first","13":"instock","14":"sale","15":"shipping-taxable","16":"purchasable","17":"product-type-simple"},"_links":{"self":[{"href":"https:\/\/roveyayinevi.com.tr\/index.php\/wp-json\/wp\/v2\/product\/738428","targetHints":{"allow":["GET"]}}],"collection":[{"href":"https:\/\/roveyayinevi.com.tr\/index.php\/wp-json\/wp\/v2\/product"}],"about":[{"href":"https:\/\/roveyayinevi.com.tr\/index.php\/wp-json\/wp\/v2\/types\/product"}],"wp:attachment":[{"href":"https:\/\/roveyayinevi.com.tr\/index.php\/wp-json\/wp\/v2\/media?parent=738428"}],"wp:term":[{"taxonomy":"product_brand","embeddable":true,"href":"https:\/\/roveyayinevi.com.tr\/index.php\/wp-json\/wp\/v2\/product_brand?post=738428"},{"taxonomy":"product_cat","embeddable":true,"href":"https:\/\/roveyayinevi.com.tr\/index.php\/wp-json\/wp\/v2\/product_cat?post=738428"},{"taxonomy":"product_tag","embeddable":true,"href":"https:\/\/roveyayinevi.com.tr\/index.php\/wp-json\/wp\/v2\/product_tag?post=738428"}],"curies":[{"name":"wp","href":"https:\/\/api.w.org\/{rel}","templated":true}]}}