{"id":738427,"date":"2025-08-27T23:49:27","date_gmt":"2025-08-27T20:49:27","guid":{"rendered":"https:\/\/roveyayinevi.com.tr\/index.php\/urun\/dostluk-uzerine-3\/"},"modified":"2026-04-16T02:48:40","modified_gmt":"2026-04-15T23:48:40","slug":"dostluk-uzerine-3","status":"publish","type":"product","link":"https:\/\/roveyayinevi.com.tr\/index.php\/urun\/dostluk-uzerine-3\/","title":{"rendered":"Dostluk \u00dczerine"},"content":{"rendered":"<p>Roma Cumhuriyeti\u2019nin en me\u015fhur hukuk\u00e7usu, siyaset\u00e7isi ve hatibi Cicero e\u011fitiminin en ba\u015f\u0131ndan itibaren felsefeye ayr\u0131 bir merak beslemi\u015f, \u00e7e\u015fitli eserleriyle d\u00fc\u015f\u00fcncelerinin derinli\u011fini ve kalem ustal\u0131\u011f\u0131n\u0131 g\u00f6stermi\u015ftir. Felsefi d\u00fc\u015f\u00fcncelerini aktard\u0131\u011f\u0131 kitaplar\u0131n ba\u015f\u0131nda gelen, M\u00d6 44 y\u0131l\u0131nda kaleme ald\u0131\u011f\u0131 Dostluk \u00dczerine (De Amicitia) ise Antik \u00c7a\u011f\u2019\u0131n en \u00f6nemli de\u011ferlerinden biri olan ve adeta bir sanat bi\u00e7imi olarak g\u00f6r\u00fclen dostlu\u011fun ne oldu\u011fu ve nas\u0131l olmas\u0131 gerekti\u011fine dair bilgelik dolu \u00f6\u011f\u00fctler bar\u0131nd\u0131ran zamans\u0131z bir eserdir. Dostluk \u00dczerine Cicero\u2019nun ideal bir Romal\u0131 olarak g\u00f6rd\u00fc\u011f\u00fc Scipio Africanus\u2019un hat\u0131ras\u0131na sayg\u0131 g\u00f6stermek amac\u0131yla, Antik Yunan\u2019da s\u0131kl\u0131kla kullan\u0131lan diyalog y\u00f6ntemiyle kaleme al\u0131nm\u0131\u015ft\u0131r. Scip,o\u2019nun can dostu Gaius Laelius, kitap boyunca esas konu\u015fmac\u0131 olarak dostlu\u011fa dair d\u00fc\u015f\u00fcncelerini ve tavsiyelerini aktar\u0131r, dostunun hat\u0131ras\u0131n\u0131 yad eder. Laelius, damatlar\u0131 Quitus Mucius Scaevola ve Gaius Fannius\u2019la yapt\u0131\u011f\u0131 sohbet \u00fczerinden Scipio ile dostlu\u011fundan hareketle, hem Roma\u2019n\u0131n kendi yak\u0131n tarihinden hem de Yunan filozoflardan \u00f6rnekler vererek iyi, onurlu ve erdem sahibi bir insan\u0131n ahlakl\u0131 bir dostlu\u011fa nas\u0131l sahip olmas\u0131 gerekti\u011fine dair g\u00f6r\u00fc\u015flerini aktar\u0131r. Ba\u011f\u0131\u015f Alper Kovan\u2019\u0131n Latince asl\u0131nda notland\u0131rarak \u00e7evirdi\u011fi Dostluk \u00dczerine dost bulmak, kurulan ili\u015fkiyi korumak ve dostlu\u011fun de\u011ferini anlamak gibi meselelere \u00e7\u00f6z\u00fcmler sunman\u0131n yan\u0131 s\u0131ra dostluklar\u0131n hayatlar\u0131m\u0131z i\u00e7in nas\u0131l vazge\u00e7ilmez unsurlar oldu\u011funu g\u00f6steriyor: \u201cDostsuz bir hayat ya\u015famaya de\u011fer de\u011fildir.\u201d<\/p>\n","protected":false},"excerpt":{"rendered":"<p>Roma Cumhuriyeti\u2019nin en me\u015fhur hukuk\u00e7usu, siyaset\u00e7isi ve hatibi Cicero e\u011fitiminin en ba\u015f\u0131ndan itibaren felsefeye ayr\u0131 bir merak beslemi\u015f, \u00e7e\u015fitli eserleriyle d\u00fc\u015f\u00fcncelerinin derinli\u011fini ve kalem ustal\u0131\u011f\u0131n\u0131 g\u00f6stermi\u015ftir.<span class=\"excerpt-hellip\"> [\u2026]<\/span><\/p>\n","protected":false},"featured_media":0,"template":"","meta":{"_monsterinsights_skip_tracking":false,"_monsterinsights_sitenote_active":false,"_monsterinsights_sitenote_note":"","_monsterinsights_sitenote_category":0},"product_brand":[],"product_cat":[12389,12388],"product_tag":[],"class_list":{"0":"post-738427","1":"product","2":"type-product","3":"status-publish","5":"product_cat-diger-felsefe","6":"product_cat-felsefe","7":"pa_cilt-ciltsiz","8":"pa_tur-kitap","9":"pa_yayinevi-kronik-kitap","10":"pa_yazar-cicero","12":"first","13":"instock","14":"sale","15":"shipping-taxable","16":"purchasable","17":"product-type-simple"},"_links":{"self":[{"href":"https:\/\/roveyayinevi.com.tr\/index.php\/wp-json\/wp\/v2\/product\/738427","targetHints":{"allow":["GET"]}}],"collection":[{"href":"https:\/\/roveyayinevi.com.tr\/index.php\/wp-json\/wp\/v2\/product"}],"about":[{"href":"https:\/\/roveyayinevi.com.tr\/index.php\/wp-json\/wp\/v2\/types\/product"}],"wp:attachment":[{"href":"https:\/\/roveyayinevi.com.tr\/index.php\/wp-json\/wp\/v2\/media?parent=738427"}],"wp:term":[{"taxonomy":"product_brand","embeddable":true,"href":"https:\/\/roveyayinevi.com.tr\/index.php\/wp-json\/wp\/v2\/product_brand?post=738427"},{"taxonomy":"product_cat","embeddable":true,"href":"https:\/\/roveyayinevi.com.tr\/index.php\/wp-json\/wp\/v2\/product_cat?post=738427"},{"taxonomy":"product_tag","embeddable":true,"href":"https:\/\/roveyayinevi.com.tr\/index.php\/wp-json\/wp\/v2\/product_tag?post=738427"}],"curies":[{"name":"wp","href":"https:\/\/api.w.org\/{rel}","templated":true}]}}