{"id":738425,"date":"2025-08-27T23:49:25","date_gmt":"2025-08-27T20:49:25","guid":{"rendered":"https:\/\/roveyayinevi.com.tr\/index.php\/urun\/dakikalar-icinde-antik-dunya\/"},"modified":"2026-04-16T02:48:40","modified_gmt":"2026-04-15T23:48:40","slug":"dakikalar-icinde-antik-dunya","status":"publish","type":"product","link":"https:\/\/roveyayinevi.com.tr\/index.php\/urun\/dakikalar-icinde-antik-dunya\/","title":{"rendered":"Dakikalar \u0130\u00e7inde Antik D\u00fcnya"},"content":{"rendered":"<p>TAR\u0130H\u0130N KAPILARINI ARALAYANZAMAN YOLCULU\u011eU Milattan \u00f6nce ilk S\u00fcmer ve Babil \u015fehirlerinden Roma\u2019n\u0131n d\u00fc\u015f\u00fc\u015f\u00fcne, Azteklerin kanl\u0131 tarihinden Pers \u0130mparatorlu\u011fu\u2019na kritik liderler ve sava\u015flar, fikirler ve icatlar, mitler ve dinler, sanat ve mimari ile \u00f6r\u00fcl\u00fc kay\u0131tl\u0131 tarihin ilk be\u015f bin y\u0131ll\u0131k d\u00f6k\u00fcm\u00fc\u2026 200 ba\u015fl\u0131k alt\u0131nda d\u00fcnyan\u0131n ilk medeniyetlerine genel bir bak\u0131\u015f&#8230; Karma\u015f\u0131k modern d\u00fcnyam\u0131z\u0131n k\u00f6kleri binlerce y\u0131l geriye, antik d\u00f6nemdeki \u201ctarihin \u015fafa\u011f\u0131na\u201d kadar uzan\u0131r. Ni\u00e7in ge\u00e7mi\u015f \u00fczerine yaz\u0131lar okuma ihtiyac\u0131 hissederiz? \u00c7\u00fcnk\u00fc bize d\u00fcnyan\u0131n bug\u00fcnk\u00fc h\u00e2line nas\u0131l geldi\u011fini anlat\u0131rlar. Dakikalar \u0130\u00e7inde serisinden Antik D\u00fcnya, okuru s\u00f6zl\u00fc tarihin izinden d\u00fcnya edebiyat\u0131n\u0131n ilk hiyeroglif yaz\u0131lar\u0131na; Piramitlerden Machu Picchu\u2019ya; Antik Hindistan\u2019daki \u00f6nemli matematik at\u0131l\u0131mlar\u0131ndan \u00c7in\u2019de k\u00e2\u011f\u0131d\u0131n ke\u015ffine; Mezopotamya\u2019n\u0131n zigguratlar\u0131ndan Peru\u2019nun Nazca \u00e7izgilerine; b\u00fcy\u00fck destanlardan demokrasiye uzanan uzak bir ge\u00e7mi\u015fe davet ediyor. Tarihe iz b\u0131rakm\u0131\u015f her karakter, sava\u015f, d\u00f6nem ve ke\u015fifler haritalar, ikonik sanat eserleri ve antik eserlerin g\u00f6rselleriyle hayat buluyor. Bug\u00fcn bizi etkilemeye devam eden eski uygarl\u0131klar\u0131n manevi, k\u00fclt\u00fcrel, teknolojik ve sanatsal yeniliklerini ke\u015ffetmeye haz\u0131r m\u0131s\u0131n\u0131z? <\/p>\n","protected":false},"excerpt":{"rendered":"<p>TAR\u0130H\u0130N KAPILARINI ARALAYANZAMAN YOLCULU\u011eU Milattan \u00f6nce ilk S\u00fcmer ve Babil \u015fehirlerinden Roma\u2019n\u0131n d\u00fc\u015f\u00fc\u015f\u00fcne, Azteklerin kanl\u0131 tarihinden Pers \u0130mparatorlu\u011fu\u2019na kritik liderler ve sava\u015flar, fikirler ve icatlar, mitler<span class=\"excerpt-hellip\"> [\u2026]<\/span><\/p>\n","protected":false},"featured_media":0,"template":"","meta":{"_monsterinsights_skip_tracking":false,"_monsterinsights_sitenote_active":false,"_monsterinsights_sitenote_note":"","_monsterinsights_sitenote_category":0},"product_brand":[],"product_cat":[13005,13006],"product_tag":[],"class_list":{"0":"post-738425","1":"product","2":"type-product","3":"status-publish","5":"product_cat-bilim-muhendislik","6":"product_cat-populer-bilim","7":"pa_cilt-ciltsiz","8":"pa_tur-kitap","9":"pa_yayinevi-kronik-kitap","10":"pa_yazar-charles-phillips","12":"first","13":"instock","14":"sale","15":"shipping-taxable","16":"purchasable","17":"product-type-simple"},"_links":{"self":[{"href":"https:\/\/roveyayinevi.com.tr\/index.php\/wp-json\/wp\/v2\/product\/738425","targetHints":{"allow":["GET"]}}],"collection":[{"href":"https:\/\/roveyayinevi.com.tr\/index.php\/wp-json\/wp\/v2\/product"}],"about":[{"href":"https:\/\/roveyayinevi.com.tr\/index.php\/wp-json\/wp\/v2\/types\/product"}],"wp:attachment":[{"href":"https:\/\/roveyayinevi.com.tr\/index.php\/wp-json\/wp\/v2\/media?parent=738425"}],"wp:term":[{"taxonomy":"product_brand","embeddable":true,"href":"https:\/\/roveyayinevi.com.tr\/index.php\/wp-json\/wp\/v2\/product_brand?post=738425"},{"taxonomy":"product_cat","embeddable":true,"href":"https:\/\/roveyayinevi.com.tr\/index.php\/wp-json\/wp\/v2\/product_cat?post=738425"},{"taxonomy":"product_tag","embeddable":true,"href":"https:\/\/roveyayinevi.com.tr\/index.php\/wp-json\/wp\/v2\/product_tag?post=738425"}],"curies":[{"name":"wp","href":"https:\/\/api.w.org\/{rel}","templated":true}]}}