{"id":738422,"date":"2025-08-27T23:49:23","date_gmt":"2025-08-27T20:49:23","guid":{"rendered":"https:\/\/roveyayinevi.com.tr\/index.php\/urun\/selcuklularin-dini-siyaseti\/"},"modified":"2026-04-16T02:48:40","modified_gmt":"2026-04-15T23:48:40","slug":"selcuklularin-dini-siyaseti","status":"publish","type":"product","link":"https:\/\/roveyayinevi.com.tr\/index.php\/urun\/selcuklularin-dini-siyaseti\/","title":{"rendered":"Sel\u00e7uklular\u0131n Dini Siyaseti"},"content":{"rendered":"<p>T\u00fcrk &#8211; \u0130sl\u00e2m Tarihinin Kav\u015fak Noktas\u0131: Sel\u00e7uklular T\u00fcrk ve d\u00fcnya tarihinin \u00f6nemli devirlerinden birini hi\u00e7 \u015f\u00fcphesiz Sel\u00e7uklu tarihi olu\u015fturur. Bu d\u00f6nem, T\u00fcrklerin \u0130sl\u00e2m d\u00fcnyas\u0131n\u0131n siyas\u00ee liderli\u011fini \u00fcstlenmesi kadar, \u0130sl\u00e2m\u2019a y\u00f6neltilen pek \u00e7ok tehlikenin yine T\u00fcrkler eliyle bertaraf edilmesi a\u00e7\u0131s\u0131ndan da \u00f6nemlidir. Sel\u00e7uklular, d\u00e2hil olduklar\u0131 \u0130sl\u00e2m medeniyetinin de\u011ferlerini koruman\u0131n yan\u0131 s\u0131ra, sanattan siyasete pek \u00e7ok alanda bu medeniyete yeni fikirler ve eserler sunmu\u015flard\u0131r. Sel\u00e7uklular; sosyal ya\u015famdan siyasete, t\u0131ptan mimar\u00eeye dek \u0130sl\u00e2m medeniyetinin geli\u015fmesine b\u00fcy\u00fck katk\u0131lar sa\u011flam\u0131\u015flard\u0131r. Bu katk\u0131lar, Sel\u00e7uklular\u0131n halefi olan Osmanl\u0131larla birlikte zirveye ula\u015fm\u0131\u015ft\u0131r.Sel\u00e7uklular devri, hem T\u00fcrk tarihi hem de \u0130sl\u00e2m tarihi a\u00e7\u0131s\u0131ndan \u00f6nemli ilm\u00ee ve k\u00fclt\u00fcrel geli\u015fmelerin ya\u015fand\u0131\u011f\u0131 bir d\u00f6nem olmu\u015ftur. Bunun en \u00f6nemli sebebi, Sel\u00e7uklular\u0131n bu tip geli\u015fmelere zemin haz\u0131rlamalar\u0131 ve siyas\u00ee olarak destek vermeleridir. Sel\u00e7uklular d\u00f6neminde \u015fekillenen din\u00ee anlay\u0131\u015f T\u00fcrkler \u00fczerinde derin tesirler b\u0131rakt\u0131\u011f\u0131 gibi, \u0130sl\u00e2m d\u00fcnyas\u0131nda yeni yorumlar\u0131n ve anlay\u0131\u015flar\u0131n meydana gelmesine de vesile olmu\u015ftur. Elinizdeki eser, i\u015fte tam bu anlamda Sel\u00e7uklular\u2019\u0131n bahsedilen meselelerle ilgili uygulamalar\u0131n\u0131 ele alan bir \u00e7al\u0131\u015fma olmas\u0131yla benzerlerinden ayr\u0131l\u0131r. Bu \u00e7al\u0131\u015fmada Sel\u00e7uklular d\u00f6nemi i\u00e7inde ya\u015fanan \u015ei\u00ee ve S\u00fcnn\u00ee hareketlerle birlikte \u015ei\u00eelik, B\u00e2tin\u00eelik, Karmat\u00eelik ve hilafet konusu, ayr\u0131ca Hasan Sabb\u00e2h\u2019\u0131n ortaya \u00e7\u0131k\u0131\u015f\u0131 ve devletin t\u00fcm bunlar kar\u015f\u0131s\u0131ndaki refleksi ele al\u0131n\u0131yor, taranan pek \u00e7ok kaynak de\u011ferlendiriliyor.Sel\u00e7uklular d\u00f6nemi, T\u00fcrk ve \u0130sl\u00e2m tarihinin \u00e2deta kav\u015fak noktas\u0131n\u0131 meydana getirdi\u011fi gibi, T\u00fcrklerin tarih sahnesinde \u0130sl\u00e2m medeniyetinin bayraktar\u0131 olarak yer ald\u0131klar\u0131 bir devri de ifade eder. Prof. Dr. Ahmet Ocak\u2019\u0131n haz\u0131rlad\u0131\u011f\u0131 Sel\u00e7uklular\u0131n Din\u00ee Siy\u00e2seti bu kav\u015fak noktas\u0131n\u0131 olu\u015fturan b\u00fct\u00fcn yollar\u0131 ayd\u0131nlatman\u0131n yan\u0131 s\u0131ra kendi tarih\u00ee tecr\u00fcbemizle ortaya \u00e7\u0131kan uygulamalar\u0131 da ortaya koymaktad\u0131r. <\/p>\n","protected":false},"excerpt":{"rendered":"<p>T\u00fcrk &#8211; \u0130sl\u00e2m Tarihinin Kav\u015fak Noktas\u0131: Sel\u00e7uklular T\u00fcrk ve d\u00fcnya tarihinin \u00f6nemli devirlerinden birini hi\u00e7 \u015f\u00fcphesiz Sel\u00e7uklu tarihi olu\u015fturur. Bu d\u00f6nem, T\u00fcrklerin \u0130sl\u00e2m d\u00fcnyas\u0131n\u0131n siyas\u00ee liderli\u011fini<span class=\"excerpt-hellip\"> [\u2026]<\/span><\/p>\n","protected":false},"featured_media":0,"template":"","meta":{"_monsterinsights_skip_tracking":false,"_monsterinsights_sitenote_active":false,"_monsterinsights_sitenote_note":"","_monsterinsights_sitenote_category":0},"product_brand":[],"product_cat":[12312,12304],"product_tag":[],"class_list":{"0":"post-738422","1":"product","2":"type-product","3":"status-publish","5":"product_cat-diger","6":"product_cat-tarih","7":"pa_cilt-ciltsiz","8":"pa_tur-kitap","9":"pa_yayinevi-kronik-kitap","10":"pa_yazar-ahmet-ocak","12":"first","13":"instock","14":"sale","15":"shipping-taxable","16":"purchasable","17":"product-type-simple"},"_links":{"self":[{"href":"https:\/\/roveyayinevi.com.tr\/index.php\/wp-json\/wp\/v2\/product\/738422","targetHints":{"allow":["GET"]}}],"collection":[{"href":"https:\/\/roveyayinevi.com.tr\/index.php\/wp-json\/wp\/v2\/product"}],"about":[{"href":"https:\/\/roveyayinevi.com.tr\/index.php\/wp-json\/wp\/v2\/types\/product"}],"wp:attachment":[{"href":"https:\/\/roveyayinevi.com.tr\/index.php\/wp-json\/wp\/v2\/media?parent=738422"}],"wp:term":[{"taxonomy":"product_brand","embeddable":true,"href":"https:\/\/roveyayinevi.com.tr\/index.php\/wp-json\/wp\/v2\/product_brand?post=738422"},{"taxonomy":"product_cat","embeddable":true,"href":"https:\/\/roveyayinevi.com.tr\/index.php\/wp-json\/wp\/v2\/product_cat?post=738422"},{"taxonomy":"product_tag","embeddable":true,"href":"https:\/\/roveyayinevi.com.tr\/index.php\/wp-json\/wp\/v2\/product_tag?post=738422"}],"curies":[{"name":"wp","href":"https:\/\/api.w.org\/{rel}","templated":true}]}}