{"id":738420,"date":"2025-08-27T23:49:21","date_gmt":"2025-08-27T20:49:21","guid":{"rendered":"https:\/\/roveyayinevi.com.tr\/index.php\/urun\/persler\/"},"modified":"2026-04-16T02:48:40","modified_gmt":"2026-04-15T23:48:40","slug":"persler","status":"publish","type":"product","link":"https:\/\/roveyayinevi.com.tr\/index.php\/urun\/persler\/","title":{"rendered":"Persler"},"content":{"rendered":"<p>Persler antic d\u00fcnyan\u0131n en dikkat \u00e7ekici ama en az anla\u015f\u0131lan uygarl\u0131klar\u0131ndan birini in\u015fa etmi\u015ftir. Uzun y\u0131llar boyunca British Museum&#8217;da\u00e7al\u0131\u015fan Wright Vaux a\u011f\u0131rl\u0131kl\u0131 olarak Yunan ve Roma kaynaklar\u0131 \u00fczerinden tan\u0131d\u0131\u011f\u0131m\u0131z Eski \u0130ran ile ilgili bilgileri \u00fclkedeki arkeolojik ve n\u00fcmizmatik kan\u0131tlarla harmanlayarak kapsaml\u0131 bir ara\u015ft\u0131rma sunuyor. \u00dc\u00e7 ana b\u00f6l\u00fcmden olu\u015fan kitab\u0131n ilk b\u00f6l\u00fcm\u00fc B\u00fcy\u00fckKyros&#8217;un Pers \u0130mparatorlu\u011fu&#8217;nu kurmas\u0131n\u0131, Pers-Yunan sava\u015flar\u0131n\u0131 ve \u0130skender&#8217;in Pers \u0130mparatorlu\u011fu&#8217;nu y\u0131kmas\u0131n\u0131 konu al\u0131rken, ikinci b\u00f6l\u00fcm ayn\u0131 co\u011frafyada ortaya \u00e7\u0131kan Parth Devleti ve onun Roma ile m\u00fccadelesine, \u00fc\u00e7\u00fcnc\u00fc b\u00f6l\u00fcm ise Sasaniler ve Bizans  aras\u0131ndaki ili\u015fkilere odaklan\u0131yor. <\/p>\n","protected":false},"excerpt":{"rendered":"<p>Persler antic d\u00fcnyan\u0131n en dikkat \u00e7ekici ama en az anla\u015f\u0131lan uygarl\u0131klar\u0131ndan birini in\u015fa etmi\u015ftir. Uzun y\u0131llar boyunca British Museum&#8217;da\u00e7al\u0131\u015fan Wright Vaux a\u011f\u0131rl\u0131kl\u0131 olarak Yunan ve Roma<span class=\"excerpt-hellip\"> [\u2026]<\/span><\/p>\n","protected":false},"featured_media":0,"template":"","meta":{"_monsterinsights_skip_tracking":false,"_monsterinsights_sitenote_active":false,"_monsterinsights_sitenote_note":"","_monsterinsights_sitenote_category":0},"product_brand":[],"product_cat":[12312,12304],"product_tag":[],"class_list":{"0":"post-738420","1":"product","2":"type-product","3":"status-publish","5":"product_cat-diger","6":"product_cat-tarih","7":"pa_cilt-ciltsiz","8":"pa_tur-kitap","9":"pa_yayinevi-say-yayinlari","10":"pa_yazar-william-sandys-wright-vaux","12":"first","13":"instock","14":"sale","15":"shipping-taxable","16":"purchasable","17":"product-type-simple"},"_links":{"self":[{"href":"https:\/\/roveyayinevi.com.tr\/index.php\/wp-json\/wp\/v2\/product\/738420","targetHints":{"allow":["GET"]}}],"collection":[{"href":"https:\/\/roveyayinevi.com.tr\/index.php\/wp-json\/wp\/v2\/product"}],"about":[{"href":"https:\/\/roveyayinevi.com.tr\/index.php\/wp-json\/wp\/v2\/types\/product"}],"wp:attachment":[{"href":"https:\/\/roveyayinevi.com.tr\/index.php\/wp-json\/wp\/v2\/media?parent=738420"}],"wp:term":[{"taxonomy":"product_brand","embeddable":true,"href":"https:\/\/roveyayinevi.com.tr\/index.php\/wp-json\/wp\/v2\/product_brand?post=738420"},{"taxonomy":"product_cat","embeddable":true,"href":"https:\/\/roveyayinevi.com.tr\/index.php\/wp-json\/wp\/v2\/product_cat?post=738420"},{"taxonomy":"product_tag","embeddable":true,"href":"https:\/\/roveyayinevi.com.tr\/index.php\/wp-json\/wp\/v2\/product_tag?post=738420"}],"curies":[{"name":"wp","href":"https:\/\/api.w.org\/{rel}","templated":true}]}}