{"id":738419,"date":"2025-08-27T23:49:20","date_gmt":"2025-08-27T20:49:20","guid":{"rendered":"https:\/\/roveyayinevi.com.tr\/index.php\/urun\/uzay-turizmi-ve-ticareti\/"},"modified":"2026-04-16T02:48:40","modified_gmt":"2026-04-15T23:48:40","slug":"uzay-turizmi-ve-ticareti","status":"publish","type":"product","link":"https:\/\/roveyayinevi.com.tr\/index.php\/urun\/uzay-turizmi-ve-ticareti\/","title":{"rendered":"Uzay Turizmi ve Ticareti"},"content":{"rendered":"<p>Yirminci yu\u0308zy\u0131lda uzay\u0131 NASA gibi devlet taraf\u0131ndan finanse edilen ve k\u00e2r amac\u0131 gu\u0308tmeyen dev kurulu\u015flar ke\u015ffediyordu. Yirmi birinci yu\u0308zy\u0131l\u0131n ba\u015flar\u0131nda bu ke\u015fif seru\u0308venine \u00f6zel \u015firketler de kat\u0131ld\u0131. Elbette k\u00e2r amac\u0131 gu\u0308du\u0308yorlar. Peki ama nereden, nas\u0131l ve ne miktarda k\u00e2r etmeyi bekliyorlar? Yu\u0308kselen insan uygarl\u0131\u011f\u0131n\u0131n gereksinimlerinin kar\u015f\u0131lanmas\u0131 ile uzaya a\u00e7\u0131lma motivasyonu aras\u0131nda, du\u0308nyan\u0131n en zengin giri\u015fimcilerini bu kadar i\u015ftahland\u0131racak ne tu\u0308r ba\u011flant\u0131lar var? Onlar\u0131n bu i\u015fe soyunmas\u0131 insan\u0131n uzay maceras\u0131na, bilimsel ve teknolojik geli\u015fmelere ne gibi katk\u0131lar sa\u011flayacak? Bu kitaptan Elon Musk, Jeff Bezos ve Richard Branson gibi giri\u015fimcilerin, Mars\u2019a yolculuk, uzay otelleri, Ay madencili\u011fi ve asteroitlerde de\u011ferli metal arama gibi fikir ve hayallerin pe\u015fine hangi beklentilerle ve hangi zorluklarla mu\u0308cadele etme pahas\u0131na du\u0308\u015ftu\u0308klerini \u00f6\u011freneceksiniz. Uzay Turizmi ve Ticareti bugu\u0308nu\u0308n fikir ve hayallerinin yar\u0131n\u0131n ger\u00e7e\u011fi oldu\u011funu du\u0308\u015fu\u0308nen bilim okurlar\u0131na farkl\u0131 bir bak\u0131\u015f a\u00e7\u0131s\u0131 sunuyor. <\/p>\n","protected":false},"excerpt":{"rendered":"<p>Yirminci yu\u0308zy\u0131lda uzay\u0131 NASA gibi devlet taraf\u0131ndan finanse edilen ve k\u00e2r amac\u0131 gu\u0308tmeyen dev kurulu\u015flar ke\u015ffediyordu. Yirmi birinci yu\u0308zy\u0131l\u0131n ba\u015flar\u0131nda bu ke\u015fif seru\u0308venine \u00f6zel \u015firketler de<span class=\"excerpt-hellip\"> [\u2026]<\/span><\/p>\n","protected":false},"featured_media":0,"template":"","meta":{"_monsterinsights_skip_tracking":false,"_monsterinsights_sitenote_active":false,"_monsterinsights_sitenote_note":"","_monsterinsights_sitenote_category":0},"product_brand":[],"product_cat":[13005,37328],"product_tag":[],"class_list":{"0":"post-738419","1":"product","2":"type-product","3":"status-publish","5":"product_cat-bilim-muhendislik","6":"product_cat-diger-bilim-muhendislik","7":"pa_cilt-ciltsiz","8":"pa_tur-kitap","9":"pa_yayinevi-say-yayinlari","10":"pa_yazar-andrew-mayne","12":"first","13":"instock","14":"sale","15":"shipping-taxable","16":"purchasable","17":"product-type-simple"},"_links":{"self":[{"href":"https:\/\/roveyayinevi.com.tr\/index.php\/wp-json\/wp\/v2\/product\/738419","targetHints":{"allow":["GET"]}}],"collection":[{"href":"https:\/\/roveyayinevi.com.tr\/index.php\/wp-json\/wp\/v2\/product"}],"about":[{"href":"https:\/\/roveyayinevi.com.tr\/index.php\/wp-json\/wp\/v2\/types\/product"}],"wp:attachment":[{"href":"https:\/\/roveyayinevi.com.tr\/index.php\/wp-json\/wp\/v2\/media?parent=738419"}],"wp:term":[{"taxonomy":"product_brand","embeddable":true,"href":"https:\/\/roveyayinevi.com.tr\/index.php\/wp-json\/wp\/v2\/product_brand?post=738419"},{"taxonomy":"product_cat","embeddable":true,"href":"https:\/\/roveyayinevi.com.tr\/index.php\/wp-json\/wp\/v2\/product_cat?post=738419"},{"taxonomy":"product_tag","embeddable":true,"href":"https:\/\/roveyayinevi.com.tr\/index.php\/wp-json\/wp\/v2\/product_tag?post=738419"}],"curies":[{"name":"wp","href":"https:\/\/api.w.org\/{rel}","templated":true}]}}