{"id":738416,"date":"2025-08-27T23:49:17","date_gmt":"2025-08-27T20:49:17","guid":{"rendered":"https:\/\/roveyayinevi.com.tr\/index.php\/urun\/tuketirken-tukenmeyelim\/"},"modified":"2026-04-16T02:48:40","modified_gmt":"2026-04-15T23:48:40","slug":"tuketirken-tukenmeyelim","status":"publish","type":"product","link":"https:\/\/roveyayinevi.com.tr\/index.php\/urun\/tuketirken-tukenmeyelim\/","title":{"rendered":"T\u00fcketirken T\u00fckenmeyelim"},"content":{"rendered":"<p>G\u00fcvenilir ve yeterli g\u0131da, do\u011fru beslenme, temiz \u00e7evre, sa\u011fl\u0131kl\u0131 hayvan ve daha iyi bir gelecek\u2026Unutmayal\u0131m, daha iyi bir \u00e7evre, daha iyi \u00fcretim ve daha iyi beslenme gelece\u011fimizin sigortas\u0131d\u0131r.Hayvanc\u0131l\u0131k, gelece\u011fimiz i\u00e7in ihmal edemeyece\u011fimiz bir aland\u0131r\u2026 Karar vericiler ve t\u00fcm payda\u015flar el ele vererek; sa\u011fl\u0131kl\u0131 s\u00fcr\u00fclerle \u00fcretim yapan, hayvan refah\u0131n\u0131 ve \u00e7evreyi g\u00f6zeten, \u00fcretici gelirini art\u0131rmay\u0131 hedefleyen uzun vadeli bir hayvanc\u0131l\u0131k politikas\u0131 olu\u015fturmak durumundad\u0131r\u2026Aksi takdirde hayvanc\u0131l\u0131\u011f\u0131n makus talihini yenemeyiz ve hikayenin sonu bitmez. <\/p>\n","protected":false},"excerpt":{"rendered":"<p>G\u00fcvenilir ve yeterli g\u0131da, do\u011fru beslenme, temiz \u00e7evre, sa\u011fl\u0131kl\u0131 hayvan ve daha iyi bir gelecek\u2026Unutmayal\u0131m, daha iyi bir \u00e7evre, daha iyi \u00fcretim ve daha iyi beslenme<span class=\"excerpt-hellip\"> [\u2026]<\/span><\/p>\n","protected":false},"featured_media":0,"template":"","meta":{"_monsterinsights_skip_tracking":false,"_monsterinsights_sitenote_active":false,"_monsterinsights_sitenote_note":"","_monsterinsights_sitenote_category":0},"product_brand":[],"product_cat":[13402,13365],"product_tag":[],"class_list":{"0":"post-738416","1":"product","2":"type-product","3":"status-publish","5":"product_cat-beslenme-ve-diyet","6":"product_cat-saglik","7":"pa_cilt-ciltsiz","8":"pa_tur-kitap","9":"pa_yayinevi-biyografi-net-yayincilik","10":"pa_yazar-huseyin-sungur","12":"first","13":"instock","14":"sale","15":"shipping-taxable","16":"purchasable","17":"product-type-simple"},"_links":{"self":[{"href":"https:\/\/roveyayinevi.com.tr\/index.php\/wp-json\/wp\/v2\/product\/738416","targetHints":{"allow":["GET"]}}],"collection":[{"href":"https:\/\/roveyayinevi.com.tr\/index.php\/wp-json\/wp\/v2\/product"}],"about":[{"href":"https:\/\/roveyayinevi.com.tr\/index.php\/wp-json\/wp\/v2\/types\/product"}],"wp:attachment":[{"href":"https:\/\/roveyayinevi.com.tr\/index.php\/wp-json\/wp\/v2\/media?parent=738416"}],"wp:term":[{"taxonomy":"product_brand","embeddable":true,"href":"https:\/\/roveyayinevi.com.tr\/index.php\/wp-json\/wp\/v2\/product_brand?post=738416"},{"taxonomy":"product_cat","embeddable":true,"href":"https:\/\/roveyayinevi.com.tr\/index.php\/wp-json\/wp\/v2\/product_cat?post=738416"},{"taxonomy":"product_tag","embeddable":true,"href":"https:\/\/roveyayinevi.com.tr\/index.php\/wp-json\/wp\/v2\/product_tag?post=738416"}],"curies":[{"name":"wp","href":"https:\/\/api.w.org\/{rel}","templated":true}]}}