{"id":738415,"date":"2025-08-27T23:49:16","date_gmt":"2025-08-27T20:49:16","guid":{"rendered":"https:\/\/roveyayinevi.com.tr\/index.php\/urun\/bir-gonul-insani-ismet-binark\/"},"modified":"2026-04-16T02:48:40","modified_gmt":"2026-04-15T23:48:40","slug":"bir-gonul-insani-ismet-binark","status":"publish","type":"product","link":"https:\/\/roveyayinevi.com.tr\/index.php\/urun\/bir-gonul-insani-ismet-binark\/","title":{"rendered":"Bir G\u00f6n\u00fcl \u0130nsan\u0131- \u0130smet Binark"},"content":{"rendered":"<p>\u00c7ok de\u011ferli b\u00fcy\u00fc\u011f\u00fcm; m\u00fcthi\u015f \u00e7al\u0131\u015fkan, \u00fcretken, beyefendi, nazik insan, k\u00fclt\u00fcr insan\u0131, ara\u015ft\u0131rmac\u0131-yazar, bibliyograf, milletperver, vatanperver \u0130smet Binark&#8217;\u0131n feyz ald\u0131\u011f\u0131m b\u00fcy\u00fck hat\u0131ras\u0131 \u00f6n\u00fcnde sayg\u0131yla e\u011filiyorum.Bu dok\u00fcmanda uygulad\u0131\u011f\u0131m y\u00f6ntemi daha \u00f6nce Tonyukuk ve Prof. Dr. Hasan I\u015f\u0131n Dener hakk\u0131nda haz\u0131rlad\u0131\u011f\u0131m \u00e7al\u0131\u015fmalarla ba\u015flatm\u0131\u015ft\u0131m. Konu ba\u015fl\u0131klar\u0131 alt\u0131nda; ki\u015finin yapt\u0131klar\u0131n\u0131, katk\u0131s\u0131n\u0131, hususiyetlerini al\u0131nt\u0131larla anlatmaya \u00e7al\u0131\u015f\u0131yorum. \u201cK\u0131sa az \u00f6z\u201d olarak niteledi\u011fim bu tekni\u011fin \u00fclkemizde yayg\u0131nla\u015fmas\u0131n\u0131 dilerim.Haz\u0131rlad\u0131\u011f\u0131m dok\u00fcman \u201cokunmak i\u00e7in\u201d ak\u0131c\u0131 bir metin de\u011fil. Bunun fark\u0131nday\u0131m. Ama foto\u011fraf\u0131n b\u00fct\u00fcn\u00fcn\u00fc vermeye \u00e7al\u0131\u015ft\u0131m. Asl\u0131nda bir ba\u015fvuru kayna\u011f\u0131 niteli\u011finde; Bir nevi envanter. Bir ansiklopedi gibi, bir s\u00f6zl\u00fck gibi, sadece aran\u0131lan madde i\u00e7in kullan\u0131labilir. B\u00fclent A\u011fao\u011flu <\/p>\n","protected":false},"excerpt":{"rendered":"<p>\u00c7ok de\u011ferli b\u00fcy\u00fc\u011f\u00fcm; m\u00fcthi\u015f \u00e7al\u0131\u015fkan, \u00fcretken, beyefendi, nazik insan, k\u00fclt\u00fcr insan\u0131, ara\u015ft\u0131rmac\u0131-yazar, bibliyograf, milletperver, vatanperver \u0130smet Binark&#8217;\u0131n feyz ald\u0131\u011f\u0131m b\u00fcy\u00fck hat\u0131ras\u0131 \u00f6n\u00fcnde sayg\u0131yla e\u011filiyorum.Bu dok\u00fcmanda uygulad\u0131\u011f\u0131m<span class=\"excerpt-hellip\"> [\u2026]<\/span><\/p>\n","protected":false},"featured_media":0,"template":"","meta":{"_monsterinsights_skip_tracking":false,"_monsterinsights_sitenote_active":false,"_monsterinsights_sitenote_note":"","_monsterinsights_sitenote_category":0},"product_brand":[],"product_cat":[14009,12291],"product_tag":[],"class_list":{"0":"post-738415","1":"product","2":"type-product","3":"status-publish","5":"product_cat-biyografi-otobiyografi-edebiyat","6":"product_cat-edebiyat","7":"pa_cilt-ciltsiz","8":"pa_tur-kitap","9":"pa_yayinevi-biyografi-net-yayincilik","10":"pa_yazar-bulent-agaoglu","12":"first","13":"instock","14":"sale","15":"shipping-taxable","16":"purchasable","17":"product-type-simple"},"_links":{"self":[{"href":"https:\/\/roveyayinevi.com.tr\/index.php\/wp-json\/wp\/v2\/product\/738415","targetHints":{"allow":["GET"]}}],"collection":[{"href":"https:\/\/roveyayinevi.com.tr\/index.php\/wp-json\/wp\/v2\/product"}],"about":[{"href":"https:\/\/roveyayinevi.com.tr\/index.php\/wp-json\/wp\/v2\/types\/product"}],"wp:attachment":[{"href":"https:\/\/roveyayinevi.com.tr\/index.php\/wp-json\/wp\/v2\/media?parent=738415"}],"wp:term":[{"taxonomy":"product_brand","embeddable":true,"href":"https:\/\/roveyayinevi.com.tr\/index.php\/wp-json\/wp\/v2\/product_brand?post=738415"},{"taxonomy":"product_cat","embeddable":true,"href":"https:\/\/roveyayinevi.com.tr\/index.php\/wp-json\/wp\/v2\/product_cat?post=738415"},{"taxonomy":"product_tag","embeddable":true,"href":"https:\/\/roveyayinevi.com.tr\/index.php\/wp-json\/wp\/v2\/product_tag?post=738415"}],"curies":[{"name":"wp","href":"https:\/\/api.w.org\/{rel}","templated":true}]}}