{"id":738414,"date":"2025-08-27T23:49:15","date_gmt":"2025-08-27T20:49:15","guid":{"rendered":"https:\/\/roveyayinevi.com.tr\/index.php\/urun\/10-neseli-papagan-cikarma-ogrenelim-1den-10a-kadar-sayilar\/"},"modified":"2026-04-16T02:48:40","modified_gmt":"2026-04-15T23:48:40","slug":"10-neseli-papagan-cikarma-ogrenelim-1den-10a-kadar-sayilar","status":"publish","type":"product","link":"https:\/\/roveyayinevi.com.tr\/index.php\/urun\/10-neseli-papagan-cikarma-ogrenelim-1den-10a-kadar-sayilar\/","title":{"rendered":"10 Ne\u015feli Papa\u011fan \u2013 \u00c7\u0131karma \u00d6\u011frenelim 1\u2019den 10\u2019a Kadar Say\u0131lar"},"content":{"rendered":"<p>\u00c7\u0131karma \u00d6\u011frenelim &#8211; 1\u2019 den 10\u2019a kadar say\u0131lar Hem 1 0\u2019dan 1\u2019e kadar say\u0131lardan 1 \u00e7\u0131karmay\u0131 \u00f6\u011frenelim hem de ilgin\u00e7 hayvanlar tan\u0131yal\u0131m. Bu papa\u011fanlar \u00e7ok ak\u0131ll\u0131, \u00e7ok e\u011flenceli&#8230; <\/p>\n","protected":false},"excerpt":{"rendered":"<p>\u00c7\u0131karma \u00d6\u011frenelim &#8211; 1\u2019 den 10\u2019a kadar say\u0131lar Hem 1 0\u2019dan 1\u2019e kadar say\u0131lardan 1 \u00e7\u0131karmay\u0131 \u00f6\u011frenelim hem de ilgin\u00e7 hayvanlar tan\u0131yal\u0131m. Bu papa\u011fanlar \u00e7ok ak\u0131ll\u0131,<span class=\"excerpt-hellip\"> [\u2026]<\/span><\/p>\n","protected":false},"featured_media":0,"template":"","meta":{"_monsterinsights_skip_tracking":false,"_monsterinsights_sitenote_active":false,"_monsterinsights_sitenote_note":"","_monsterinsights_sitenote_category":0},"product_brand":[],"product_cat":[12274,15842],"product_tag":[],"class_list":{"0":"post-738414","1":"product","2":"type-product","3":"status-publish","5":"product_cat-cocuk-ve-genclik-kitaplari","6":"product_cat-egitici-kitaplar","7":"pa_cilt-ciltsiz","8":"pa_tur-kitap","9":"pa_yayinevi-is-bankasi-kultur-yayinlari","10":"pa_yazar-grace-nolan","12":"first","13":"instock","14":"sale","15":"shipping-taxable","16":"purchasable","17":"product-type-simple"},"_links":{"self":[{"href":"https:\/\/roveyayinevi.com.tr\/index.php\/wp-json\/wp\/v2\/product\/738414","targetHints":{"allow":["GET"]}}],"collection":[{"href":"https:\/\/roveyayinevi.com.tr\/index.php\/wp-json\/wp\/v2\/product"}],"about":[{"href":"https:\/\/roveyayinevi.com.tr\/index.php\/wp-json\/wp\/v2\/types\/product"}],"wp:attachment":[{"href":"https:\/\/roveyayinevi.com.tr\/index.php\/wp-json\/wp\/v2\/media?parent=738414"}],"wp:term":[{"taxonomy":"product_brand","embeddable":true,"href":"https:\/\/roveyayinevi.com.tr\/index.php\/wp-json\/wp\/v2\/product_brand?post=738414"},{"taxonomy":"product_cat","embeddable":true,"href":"https:\/\/roveyayinevi.com.tr\/index.php\/wp-json\/wp\/v2\/product_cat?post=738414"},{"taxonomy":"product_tag","embeddable":true,"href":"https:\/\/roveyayinevi.com.tr\/index.php\/wp-json\/wp\/v2\/product_tag?post=738414"}],"curies":[{"name":"wp","href":"https:\/\/api.w.org\/{rel}","templated":true}]}}