{"id":738413,"date":"2025-08-27T23:49:14","date_gmt":"2025-08-27T20:49:14","guid":{"rendered":"https:\/\/roveyayinevi.com.tr\/index.php\/urun\/benimle-oynar-misin-2\/"},"modified":"2026-04-16T02:48:40","modified_gmt":"2026-04-15T23:48:40","slug":"benimle-oynar-misin-2","status":"publish","type":"product","link":"https:\/\/roveyayinevi.com.tr\/index.php\/urun\/benimle-oynar-misin-2\/","title":{"rendered":"Benimle Oynar M\u0131s\u0131n?"},"content":{"rendered":"<p>\u00c7ekingen \u00e7ocuklar\u0131n arkada\u015f edinmesine yard\u0131mc\u0131 olan Minik Ku\u015f\u2019la tan\u0131\u015f\u0131n! \u00d6mer ve ailesi, yeni bir yere ta\u015f\u0131nd\u0131. \u00d6mer i\u00e7in burada her \u015fey, herkes yabanc\u0131yd\u0131. Arkada\u015f edinmeye \u00e7ekiniyor, hep tek ba\u015f\u0131na oynuyordu. Bir g\u00fcn parkta Minik Ku\u015f\u2019la kar\u015f\u0131la\u015ft\u0131. \u00d6mer, Minik Ku\u015f sayesinde, arkada\u015f edinmenin asl\u0131nda ne kadar kolay olabilece\u011fini g\u00f6rd\u00fc. Yard\u0131mseverlik, dostluk ve \u00f6n yarg\u0131l\u0131 olmamak \u00fczerine bir \u00f6yk\u00fc&#8230; <\/p>\n","protected":false},"excerpt":{"rendered":"<p>\u00c7ekingen \u00e7ocuklar\u0131n arkada\u015f edinmesine yard\u0131mc\u0131 olan Minik Ku\u015f\u2019la tan\u0131\u015f\u0131n! \u00d6mer ve ailesi, yeni bir yere ta\u015f\u0131nd\u0131. \u00d6mer i\u00e7in burada her \u015fey, herkes yabanc\u0131yd\u0131. Arkada\u015f edinmeye \u00e7ekiniyor,<span class=\"excerpt-hellip\"> [\u2026]<\/span><\/p>\n","protected":false},"featured_media":0,"template":"","meta":{"_monsterinsights_skip_tracking":false,"_monsterinsights_sitenote_active":false,"_monsterinsights_sitenote_note":"","_monsterinsights_sitenote_category":0},"product_brand":[],"product_cat":[12274,12284],"product_tag":[],"class_list":{"0":"post-738413","1":"product","2":"type-product","3":"status-publish","5":"product_cat-cocuk-ve-genclik-kitaplari","6":"product_cat-hikayeler","7":"pa_cilt-ciltsiz","8":"pa_tur-kitap","9":"pa_yayinevi-is-bankasi-kultur-yayinlari","10":"pa_yazar-devon-holzwarth","12":"first","13":"instock","14":"sale","15":"shipping-taxable","16":"purchasable","17":"product-type-simple"},"_links":{"self":[{"href":"https:\/\/roveyayinevi.com.tr\/index.php\/wp-json\/wp\/v2\/product\/738413","targetHints":{"allow":["GET"]}}],"collection":[{"href":"https:\/\/roveyayinevi.com.tr\/index.php\/wp-json\/wp\/v2\/product"}],"about":[{"href":"https:\/\/roveyayinevi.com.tr\/index.php\/wp-json\/wp\/v2\/types\/product"}],"wp:attachment":[{"href":"https:\/\/roveyayinevi.com.tr\/index.php\/wp-json\/wp\/v2\/media?parent=738413"}],"wp:term":[{"taxonomy":"product_brand","embeddable":true,"href":"https:\/\/roveyayinevi.com.tr\/index.php\/wp-json\/wp\/v2\/product_brand?post=738413"},{"taxonomy":"product_cat","embeddable":true,"href":"https:\/\/roveyayinevi.com.tr\/index.php\/wp-json\/wp\/v2\/product_cat?post=738413"},{"taxonomy":"product_tag","embeddable":true,"href":"https:\/\/roveyayinevi.com.tr\/index.php\/wp-json\/wp\/v2\/product_tag?post=738413"}],"curies":[{"name":"wp","href":"https:\/\/api.w.org\/{rel}","templated":true}]}}