{"id":738411,"date":"2025-08-27T23:49:12","date_gmt":"2025-08-27T20:49:12","guid":{"rendered":"https:\/\/roveyayinevi.com.tr\/index.php\/urun\/doga-dostu-defne-dogayi-koruyoruz-plastik-kullanmiyoruz\/"},"modified":"2026-04-16T02:48:40","modified_gmt":"2026-04-15T23:48:40","slug":"doga-dostu-defne-dogayi-koruyoruz-plastik-kullanmiyoruz","status":"publish","type":"product","link":"https:\/\/roveyayinevi.com.tr\/index.php\/urun\/doga-dostu-defne-dogayi-koruyoruz-plastik-kullanmiyoruz\/","title":{"rendered":"Do\u011fa Dostu Defne &#8211; Do\u011fay\u0131 Koruyoruz, Plastik Kullanm\u0131yoruz!"},"content":{"rendered":"<p>Plastik at\u0131klar do\u011faya zarar veriyor. Plastik t\u00fcketimini azaltmak i\u00e7in neler yapabiliriz? Defne ile arkada\u015flar\u0131, plastik at\u0131klarla dolu bir kumsal\u0131 temizlemeye koyuldular. Bu s\u0131rada Defne\u2019nin afacan k\u00f6pe\u011fi F\u0131rf\u0131r, bir naylon po\u015fet buldu ve onunla oynamaya ba\u015flad\u0131. Po\u015feti yemeye kalk\u0131nca ciddi bir tehlike atlatt\u0131. Defne, bu olay nedeniyle, plastik at\u0131klar\u0131n canl\u0131lara nas\u0131l zarar verdi\u011fini g\u00f6rd\u00fc. Plastik kullan\u0131m\u0131n\u0131 azaltmak i\u00e7in neler yap\u0131labilece\u011fini d\u00fc\u015f\u00fcnmeye ba\u015flad\u0131 ve kollar\u0131 s\u0131vad\u0131. Sen de Defne\u2019ye kat\u0131l ve plastik kullan\u0131m\u0131n\u0131 azaltarak do\u011fam\u0131z\u0131 nas\u0131l koruyabilece\u011fini ke\u015ffet! \u201c\u00c7ocu\u011funuzun erken ya\u015fta \u00e7evre bilinci edinmesi, daha temiz bir gelecek i\u00e7in b\u00fcy\u00fck \u00f6nem ta\u015f\u0131yor. Serinin di\u011fer kitab\u0131 olan Ar\u0131lar\u0131 Koruyal\u0131m! da \u00e7evre duyarl\u0131l\u0131\u011f\u0131na sahip bireylerin yeti\u015fmesi i\u00e7in \u00e7ok faydal\u0131 olacakt\u0131r.\u201d Dr. Jess French \u2013 Cbeebies program\u0131 <\/p>\n","protected":false},"excerpt":{"rendered":"<p>Plastik at\u0131klar do\u011faya zarar veriyor. Plastik t\u00fcketimini azaltmak i\u00e7in neler yapabiliriz? Defne ile arkada\u015flar\u0131, plastik at\u0131klarla dolu bir kumsal\u0131 temizlemeye koyuldular. Bu s\u0131rada Defne\u2019nin afacan k\u00f6pe\u011fi<span class=\"excerpt-hellip\"> [\u2026]<\/span><\/p>\n","protected":false},"featured_media":0,"template":"","meta":{"_monsterinsights_skip_tracking":false,"_monsterinsights_sitenote_active":false,"_monsterinsights_sitenote_note":"","_monsterinsights_sitenote_category":0},"product_brand":[],"product_cat":[12274,15842],"product_tag":[],"class_list":{"0":"post-738411","1":"product","2":"type-product","3":"status-publish","5":"product_cat-cocuk-ve-genclik-kitaplari","6":"product_cat-egitici-kitaplar","7":"pa_cilt-ciltsiz","8":"pa_tur-kitap","9":"pa_yayinevi-is-bankasi-kultur-yayinlari","10":"pa_yazar-janey-louise-jones","12":"first","13":"instock","14":"sale","15":"shipping-taxable","16":"purchasable","17":"product-type-simple"},"_links":{"self":[{"href":"https:\/\/roveyayinevi.com.tr\/index.php\/wp-json\/wp\/v2\/product\/738411","targetHints":{"allow":["GET"]}}],"collection":[{"href":"https:\/\/roveyayinevi.com.tr\/index.php\/wp-json\/wp\/v2\/product"}],"about":[{"href":"https:\/\/roveyayinevi.com.tr\/index.php\/wp-json\/wp\/v2\/types\/product"}],"wp:attachment":[{"href":"https:\/\/roveyayinevi.com.tr\/index.php\/wp-json\/wp\/v2\/media?parent=738411"}],"wp:term":[{"taxonomy":"product_brand","embeddable":true,"href":"https:\/\/roveyayinevi.com.tr\/index.php\/wp-json\/wp\/v2\/product_brand?post=738411"},{"taxonomy":"product_cat","embeddable":true,"href":"https:\/\/roveyayinevi.com.tr\/index.php\/wp-json\/wp\/v2\/product_cat?post=738411"},{"taxonomy":"product_tag","embeddable":true,"href":"https:\/\/roveyayinevi.com.tr\/index.php\/wp-json\/wp\/v2\/product_tag?post=738411"}],"curies":[{"name":"wp","href":"https:\/\/api.w.org\/{rel}","templated":true}]}}