{"id":738409,"date":"2025-08-27T23:49:09","date_gmt":"2025-08-27T20:49:09","guid":{"rendered":"https:\/\/roveyayinevi.com.tr\/index.php\/urun\/guzel-yasam-kilavuzu\/"},"modified":"2026-04-16T02:48:40","modified_gmt":"2026-04-15T23:48:40","slug":"guzel-yasam-kilavuzu","status":"publish","type":"product","link":"https:\/\/roveyayinevi.com.tr\/index.php\/urun\/guzel-yasam-kilavuzu\/","title":{"rendered":"G\u00fczel Ya\u015fam K\u0131lavuzu"},"content":{"rendered":"<p>William B. Irvine G\u00fczel Ya\u015fam K\u0131lavuzu\u2019nda, her ge\u00e7en g\u00fcn daha b\u00fcy\u00fck bir h\u0131zla de\u011fi\u015fmeyi s\u00fcrd\u00fcren d\u00fcnyam\u0131zda insan\u0131n arzu, h\u0131rs ve korkular\u0131n\u0131n hemen hi\u00e7 de\u011fi\u015fmedi\u011fi fikrinden hareketle, Bat\u0131 felsefesinin en k\u00f6kl\u00fc geleneklerinden biri olan stoac\u0131l\u0131ktaki ya\u015fam pratiklerinin bug\u00fcne nas\u0131l uyarlanabilece\u011fini ara\u015ft\u0131r\u0131yor. \u00d6zellikle antik Roma d\u00f6nemi stoac\u0131lar\u0131n\u0131n insan psikolojisine dair kavray\u0131\u015flar\u0131ndan, dinginli\u011fe ula\u015fma amac\u0131yla kulland\u0131klar\u0131 somut teknik ve stratejilerden yararlanan Irvine, bu filozoflar\u0131n izinde daha g\u00fczel ya\u015famak isteyenlere, kendi deneyiminden de hareketle bir k\u0131lavuz sunuyor. Endi\u015felerimizi en aza indirme, ge\u00e7mi\u015fe sar\u0131lmay\u0131 b\u0131rak\u0131p \u00e7abam\u0131z\u0131 kontrol edebilece\u011fimiz \u015feylere yo\u011funla\u015ft\u0131rma, \u015fan ve \u015f\u00f6hretin cazibesiyle, yasla ve ya\u015fl\u0131l\u0131kla ba\u015fa \u00e7\u0131kma gibi \u00f6nemli insani sorunlar hakk\u0131nda bu kadim d\u00fc\u015f\u00fcnce gelene\u011finin \u00f6nerdiklerini merak eden okuyucular, bu kitapta derli toplu bir sunum bulabilirler. <\/p>\n","protected":false},"excerpt":{"rendered":"<p>William B. Irvine G\u00fczel Ya\u015fam K\u0131lavuzu\u2019nda, her ge\u00e7en g\u00fcn daha b\u00fcy\u00fck bir h\u0131zla de\u011fi\u015fmeyi s\u00fcrd\u00fcren d\u00fcnyam\u0131zda insan\u0131n arzu, h\u0131rs ve korkular\u0131n\u0131n hemen hi\u00e7 de\u011fi\u015fmedi\u011fi fikrinden hareketle,<span class=\"excerpt-hellip\"> [\u2026]<\/span><\/p>\n","protected":false},"featured_media":0,"template":"","meta":{"_monsterinsights_skip_tracking":false,"_monsterinsights_sitenote_active":false,"_monsterinsights_sitenote_note":"","_monsterinsights_sitenote_category":0},"product_brand":[],"product_cat":[13072,12291],"product_tag":[],"class_list":{"0":"post-738409","1":"product","2":"type-product","3":"status-publish","5":"product_cat-arastirma-inceleme-referans","6":"product_cat-edebiyat","7":"pa_cilt-ciltsiz","8":"pa_tur-kitap","9":"pa_yayinevi-is-bankasi-kultur-yayinlari","10":"pa_yazar-william-b-irvine","12":"first","13":"instock","14":"sale","15":"shipping-taxable","16":"purchasable","17":"product-type-simple"},"_links":{"self":[{"href":"https:\/\/roveyayinevi.com.tr\/index.php\/wp-json\/wp\/v2\/product\/738409","targetHints":{"allow":["GET"]}}],"collection":[{"href":"https:\/\/roveyayinevi.com.tr\/index.php\/wp-json\/wp\/v2\/product"}],"about":[{"href":"https:\/\/roveyayinevi.com.tr\/index.php\/wp-json\/wp\/v2\/types\/product"}],"wp:attachment":[{"href":"https:\/\/roveyayinevi.com.tr\/index.php\/wp-json\/wp\/v2\/media?parent=738409"}],"wp:term":[{"taxonomy":"product_brand","embeddable":true,"href":"https:\/\/roveyayinevi.com.tr\/index.php\/wp-json\/wp\/v2\/product_brand?post=738409"},{"taxonomy":"product_cat","embeddable":true,"href":"https:\/\/roveyayinevi.com.tr\/index.php\/wp-json\/wp\/v2\/product_cat?post=738409"},{"taxonomy":"product_tag","embeddable":true,"href":"https:\/\/roveyayinevi.com.tr\/index.php\/wp-json\/wp\/v2\/product_tag?post=738409"}],"curies":[{"name":"wp","href":"https:\/\/api.w.org\/{rel}","templated":true}]}}