{"id":738408,"date":"2025-08-27T23:49:08","date_gmt":"2025-08-27T20:49:08","guid":{"rendered":"https:\/\/roveyayinevi.com.tr\/index.php\/urun\/donusen-dunya-kuresel-19-yuzyil-tarihi-ciltli\/"},"modified":"2026-04-16T02:48:40","modified_gmt":"2026-04-15T23:48:40","slug":"donusen-dunya-kuresel-19-yuzyil-tarihi-ciltli","status":"publish","type":"product","link":"https:\/\/roveyayinevi.com.tr\/index.php\/urun\/donusen-dunya-kuresel-19-yuzyil-tarihi-ciltli\/","title":{"rendered":"D\u00f6n\u00fc\u015fen D\u00fcnya \u2013 K\u00fcresel 19. Y\u00fczy\u0131l Tarihi (Ciltli)"},"content":{"rendered":"<p>\u201cOsterhammel 19. y\u00fczy\u0131l\u0131n Braudel\u2019idir.\u201d                                              Jonathan Sperber, Karl Marx: A Nineteenth-Century Life kitab\u0131n\u0131n yazar\u0131. \u201cOsterhammel So\u011fuk Sava\u015f sonras\u0131 d\u00f6nemin en \u00f6nemli, en etkileyici tarih \u00e7al\u0131\u015fmalar\u0131ndan birine imza atm\u0131\u015f. Hakl\u0131 olarak \u00e7\u0131kt\u0131\u011f\u0131 anda klasik hale gelen bir eser\u2026 Bu klasik kitap d\u00fcnyan\u0131n her yerindeki tarih\u00e7iler ve siyasi merak ta\u015f\u0131yan t\u00fcm d\u00fcnya yurtta\u015flar\u0131 i\u00e7in vazge\u00e7ilmez bir kaynak.\u201d                                                                                         Fritz Stern, The New York Review of Books D\u00f6n\u00fc\u015fen D\u00fcnya. K\u00fcresel 19. Y\u00fczy\u0131l Tarihi an\u0131tsal bir tarih eseri. J\u00fcrgen Osterhammel, al\u0131\u015f\u0131lm\u0131\u015f Bat\u0131-merkezci ve kronolojik bak\u0131\u015flar\u0131 \u00e7ok a\u015fan, okuyucuyu hem zaman ve uzam i\u00e7inde, hem de farkl\u0131 temalar aras\u0131nda k\u00fcresel bir yolculu\u011fa, s\u00f6zc\u00fc\u011f\u00fcn tam anlam\u0131yla \u201cdevri\u00e2lem\u201de \u00e7\u0131karan bir \u00e7al\u0131\u015fma sunuyor. \u201cUzun 19. Y\u00fczy\u0131l\u201d boyunca d\u00fcnyan\u0131n \u015feklini de\u011fi\u015ftiren ve etkileri g\u00fcn\u00fcm\u00fcze dek uzanan dinamikleri, i\u00e7 i\u00e7e ge\u00e7en karma\u015f\u0131k s\u00fcre\u00e7leri ele al\u0131rken, 19. y\u00fczy\u0131l\u0131n ulus-devlet kavram\u0131yla neredeyse \u00f6zde\u015fle\u015ftirilmesi t\u00fcr\u00fcnden pek \u00e7ok ezberi de bozuyor. Latin Amerika\u2019dan \u00c7in\u2019e, \u201cVah\u015fi Bat\u0131\u201ddan Osmanl\u0131 \u0130mparatorlu\u011fu\u2019na, Avrupa\u2019dan Ortado\u011fu\u2019ya u\u00e7suz bucaks\u0131z bir co\u011frafyada \u201ck\u00fcresel\u201d bir bak\u0131\u015fla dola\u015fan Osterhammel; insan\u0131n do\u011fayla ili\u015fkisinde ya\u015fanan de\u011fi\u015fim, devrimler, end\u00fcstri devriminin d\u00fcnyay\u0131 d\u00f6n\u00fc\u015ft\u00fcrmesi, modern \u015fehirlerin y\u00fckseli\u015fi, ya\u015fam standartlar\u0131ndaki de\u011fi\u015fim, devlet, emek d\u00fcnyas\u0131, g\u00f6\u00e7ler, k\u00f6lecilik ve kald\u0131r\u0131lmas\u0131 gibi pek \u00e7ok tema etraf\u0131nda d\u00fcnya \u00e7ap\u0131ndaki yak\u0131nsamalar\u0131 ve farkl\u0131la\u015fmalar\u0131, kesi\u015fme noktalar\u0131n\u0131 ve yol ayr\u0131mlar\u0131n\u0131 zengin bir kar\u015f\u0131la\u015ft\u0131rmal\u0131 perspektiften g\u00f6zlerimizin \u00f6n\u00fcne seriyor. Vazge\u00e7ilmez bir ba\u015fvuru kayna\u011f\u0131. <\/p>\n","protected":false},"excerpt":{"rendered":"<p>\u201cOsterhammel 19. y\u00fczy\u0131l\u0131n Braudel\u2019idir.\u201d Jonathan Sperber, Karl Marx: A Nineteenth-Century Life kitab\u0131n\u0131n yazar\u0131. \u201cOsterhammel So\u011fuk Sava\u015f sonras\u0131 d\u00f6nemin en \u00f6nemli, en etkileyici tarih \u00e7al\u0131\u015fmalar\u0131ndan birine imza<span class=\"excerpt-hellip\"> [\u2026]<\/span><\/p>\n","protected":false},"featured_media":0,"template":"","meta":{"_monsterinsights_skip_tracking":false,"_monsterinsights_sitenote_active":false,"_monsterinsights_sitenote_note":"","_monsterinsights_sitenote_category":0},"product_brand":[],"product_cat":[12312,12304],"product_tag":[],"class_list":{"0":"post-738408","1":"product","2":"type-product","3":"status-publish","5":"product_cat-diger","6":"product_cat-tarih","7":"pa_cilt-ciltli","8":"pa_tur-kitap","9":"pa_yayinevi-is-bankasi-kultur-yayinlari","10":"pa_yazar-jurgen-osterhammel","12":"first","13":"instock","14":"sale","15":"shipping-taxable","16":"purchasable","17":"product-type-simple"},"_links":{"self":[{"href":"https:\/\/roveyayinevi.com.tr\/index.php\/wp-json\/wp\/v2\/product\/738408","targetHints":{"allow":["GET"]}}],"collection":[{"href":"https:\/\/roveyayinevi.com.tr\/index.php\/wp-json\/wp\/v2\/product"}],"about":[{"href":"https:\/\/roveyayinevi.com.tr\/index.php\/wp-json\/wp\/v2\/types\/product"}],"wp:attachment":[{"href":"https:\/\/roveyayinevi.com.tr\/index.php\/wp-json\/wp\/v2\/media?parent=738408"}],"wp:term":[{"taxonomy":"product_brand","embeddable":true,"href":"https:\/\/roveyayinevi.com.tr\/index.php\/wp-json\/wp\/v2\/product_brand?post=738408"},{"taxonomy":"product_cat","embeddable":true,"href":"https:\/\/roveyayinevi.com.tr\/index.php\/wp-json\/wp\/v2\/product_cat?post=738408"},{"taxonomy":"product_tag","embeddable":true,"href":"https:\/\/roveyayinevi.com.tr\/index.php\/wp-json\/wp\/v2\/product_tag?post=738408"}],"curies":[{"name":"wp","href":"https:\/\/api.w.org\/{rel}","templated":true}]}}