{"id":738403,"date":"2025-08-27T23:49:03","date_gmt":"2025-08-27T20:49:03","guid":{"rendered":"https:\/\/roveyayinevi.com.tr\/index.php\/urun\/diyaloglar\/"},"modified":"2026-04-16T02:48:39","modified_gmt":"2026-04-15T23:48:39","slug":"diyaloglar","status":"publish","type":"product","link":"https:\/\/roveyayinevi.com.tr\/index.php\/urun\/diyaloglar\/","title":{"rendered":"Diyaloglar"},"content":{"rendered":"<p>Sokrates\u2019in \u00f6\u011frencisinden hayat\u0131n felsefesi\u2026\u00d6\u011fretmeni Sokrates\u2019e olan ba\u011fl\u0131l\u0131\u011f\u0131, yap\u0131tlar\u0131nda ve felsefesinde kendisini g\u00fc\u00e7l\u00fc bir bi\u00e7imde duyuran Platon ayn\u0131 zamanda bir \u201csorunsal d\u00fc\u015f\u00fcn\u00fcr\u00fc\u201dd\u00fcr. Felsefesini t\u00fcm ya\u015fam\u0131 boyunca s\u00fcrekli olarak d\u00fczelterek olgunla\u015ft\u0131rm\u0131\u015f ve bu \u00f6zelli\u011fiyle geli\u015ftirilmeye a\u00e7\u0131k b\u0131rakm\u0131\u015ft\u0131r. Bu bas\u0131mda tek ciltte toplanan Diyaloglar, Platon\u2019un Sokrates\u00e7i d\u00f6neminden temel metinleri bir araya getiriyor.<\/p>\n","protected":false},"excerpt":{"rendered":"<p>Sokrates\u2019in \u00f6\u011frencisinden hayat\u0131n felsefesi\u2026\u00d6\u011fretmeni Sokrates\u2019e olan ba\u011fl\u0131l\u0131\u011f\u0131, yap\u0131tlar\u0131nda ve felsefesinde kendisini g\u00fc\u00e7l\u00fc bir bi\u00e7imde duyuran Platon ayn\u0131 zamanda bir \u201csorunsal d\u00fc\u015f\u00fcn\u00fcr\u00fc\u201dd\u00fcr. Felsefesini t\u00fcm ya\u015fam\u0131 boyunca s\u00fcrekli<span class=\"excerpt-hellip\"> [\u2026]<\/span><\/p>\n","protected":false},"featured_media":0,"template":"","meta":{"_monsterinsights_skip_tracking":false,"_monsterinsights_sitenote_active":false,"_monsterinsights_sitenote_note":"","_monsterinsights_sitenote_category":0},"product_brand":[],"product_cat":[12388,13555],"product_tag":[],"class_list":{"0":"post-738403","1":"product","2":"type-product","3":"status-publish","5":"product_cat-felsefe","6":"product_cat-genel-felsefe","7":"pa_cilt-ciltsiz","8":"pa_tur-kitap","9":"pa_yayinevi-remzi-kitabevi","10":"pa_yazar-platon","12":"first","13":"instock","14":"sale","15":"shipping-taxable","16":"purchasable","17":"product-type-simple"},"_links":{"self":[{"href":"https:\/\/roveyayinevi.com.tr\/index.php\/wp-json\/wp\/v2\/product\/738403","targetHints":{"allow":["GET"]}}],"collection":[{"href":"https:\/\/roveyayinevi.com.tr\/index.php\/wp-json\/wp\/v2\/product"}],"about":[{"href":"https:\/\/roveyayinevi.com.tr\/index.php\/wp-json\/wp\/v2\/types\/product"}],"wp:attachment":[{"href":"https:\/\/roveyayinevi.com.tr\/index.php\/wp-json\/wp\/v2\/media?parent=738403"}],"wp:term":[{"taxonomy":"product_brand","embeddable":true,"href":"https:\/\/roveyayinevi.com.tr\/index.php\/wp-json\/wp\/v2\/product_brand?post=738403"},{"taxonomy":"product_cat","embeddable":true,"href":"https:\/\/roveyayinevi.com.tr\/index.php\/wp-json\/wp\/v2\/product_cat?post=738403"},{"taxonomy":"product_tag","embeddable":true,"href":"https:\/\/roveyayinevi.com.tr\/index.php\/wp-json\/wp\/v2\/product_tag?post=738403"}],"curies":[{"name":"wp","href":"https:\/\/api.w.org\/{rel}","templated":true}]}}