{"id":738402,"date":"2025-08-27T23:49:02","date_gmt":"2025-08-27T20:49:02","guid":{"rendered":"https:\/\/roveyayinevi.com.tr\/index.php\/urun\/likenlerin-sirri\/"},"modified":"2026-04-16T02:48:39","modified_gmt":"2026-04-15T23:48:39","slug":"likenlerin-sirri","status":"publish","type":"product","link":"https:\/\/roveyayinevi.com.tr\/index.php\/urun\/likenlerin-sirri\/","title":{"rendered":"Likenlerin S\u0131rr\u0131"},"content":{"rendered":"<p>Bazen bir \u00f6m\u00fcr yetmez insana&#8230;Klasik bilimkurgunun \u00f6nc\u00fclerinden John Wyndham&#8217;\u0131n yeni bir d\u00fcnya d\u00fczeni m\u00fcjdeledi\u011fi Likenlerin S\u0131rr\u0131 adl\u0131 roman\u0131, \u00e7\u0131\u011f\u0131r a\u00e7\u0131c\u0131 bir projenin pimini \u00e7ekiyor ve insanl\u0131k kadar eski bir hayali muktedir k\u0131l\u0131yor.  Kaderi yeniden tayin etmeye yarayacak bilgeli\u011fin ard\u0131nda yatan s\u0131rlar\u0131 a\u00e7\u0131\u011fa \u00e7\u0131karan kitap, iki ya da \u00fc\u00e7 kat\u0131na ula\u015facak bir ya\u015fam s\u00fcresini kad\u0131n-erkek ili\u015fkileri nezdinde etrafl\u0131ca irdeliyor.  Heyecan verici kurgusunun sat\u0131r aralar\u0131nda 60&#8217;l\u0131 y\u0131llar i\u00e7in son derece tuhaf, hatta al\u0131\u015f\u0131lmad\u0131k derecede cesur say\u0131labilecek bir meseleyi, feminizmi oda\u011f\u0131na alan yazar; toplumsal cinsiyet rollerine y\u00f6nelik tektiple\u015fen anlay\u0131\u015f\u0131 ve hastal\u0131kl\u0131 zihniyeti de ustal\u0131kla yans\u0131t\u0131yor.\u201cBirey \u0130nsan\u0131, Kurum \u0130nsan\u0131 ile bir \u00f6l\u00fcm kal\u0131m m\u00fccadelesine girecek ve bu durumdan ciddi bir \u015fizofreni do\u011facak&#8230;\u201dBiri kariyerinin ba\u015f\u0131nda \u00f6teki doru\u011funda olan Diana ve Francis&#8217;in yollar\u0131 tesad\u00fcfen kesi\u015fir. D\u00fcnyay\u0131 de\u011fi\u015ftirecek bir \u00e7al\u0131\u015fmaya do\u011fru usulca yelken a\u00e7an iki idealist biliminsan\u0131, birlikte, ayr\u0131 ayr\u0131 ama yan yana, basit bir likenden yola \u00e7\u0131karak inan\u0131lmaz bir bulu\u015fa imza atarlar. Zamanla her \u015fey az\u0131c\u0131k tuhaf ve hatta belki biraz da arapsa\u00e7\u0131na d\u00f6necek gibi g\u00f6r\u00fcnse de \u00e7ok daha uygar bir ya\u015fam kap\u0131dad\u0131r. Kad\u0131nlar\u0131n d\u00fcnyas\u0131, \u00e7i\u00e7eklerle dolu uzun bir yaza y\u00fcz \u00e7evirmeyi ba\u015farm\u0131\u015ft\u0131r nihayet. Fakat seneler s\u00fcrecek yepyeni bir ya\u015fam vaadi olanca cazibesiyle g\u00f6z k\u0131rparken, kad\u0131n haklar\u0131 ve kad\u0131nlar\u0131n y\u00fczy\u0131llara yay\u0131lm\u0131\u015f \u00f6tekile\u015ftirilme ge\u00e7mi\u015fi de y\u00fcrek burkan bir ger\u00e7eklikle \u00f6nlerinde serilmektedir&#8230; Uzun bir \u00f6mr\u00fcn art\u0131lar\u0131n\u0131 ve eksilerini kamusal d\u00fczen, i\u015f d\u00fcnyas\u0131, aile kurumu, sosyal \u00e7evre gibi farkl\u0131 dinamikleri g\u00f6zeterek masaya yat\u0131ran Likenlerin S\u0131rr\u0131, nihayetinde okurlar\u0131 her daim d\u00fc\u015f\u00fcnmekten ve d\u00fc\u015flemekten keyif alacaklar\u0131 bir soru ile ba\u015f ba\u015fa b\u0131rak\u0131yor: \u201cYa\u015fayacak iki ya da \u00fc\u00e7 \u00f6mr\u00fcn\u00fcz olsa, bunu hangi ko\u015fullarda nas\u0131l ge\u00e7irmek isterdiniz?\u201d<\/p>\n","protected":false},"excerpt":{"rendered":"<p>Bazen bir \u00f6m\u00fcr yetmez insana&#8230;Klasik bilimkurgunun \u00f6nc\u00fclerinden John Wyndham&#8217;\u0131n yeni bir d\u00fcnya d\u00fczeni m\u00fcjdeledi\u011fi Likenlerin S\u0131rr\u0131 adl\u0131 roman\u0131, \u00e7\u0131\u011f\u0131r a\u00e7\u0131c\u0131 bir projenin pimini \u00e7ekiyor ve insanl\u0131k<span class=\"excerpt-hellip\"> [\u2026]<\/span><\/p>\n","protected":false},"featured_media":0,"template":"","meta":{"_monsterinsights_skip_tracking":false,"_monsterinsights_sitenote_active":false,"_monsterinsights_sitenote_note":"","_monsterinsights_sitenote_category":0},"product_brand":[],"product_cat":[12291,12711],"product_tag":[],"class_list":{"0":"post-738402","1":"product","2":"type-product","3":"status-publish","5":"product_cat-edebiyat","6":"product_cat-roman-oyku","7":"pa_cilt-ciltsiz","8":"pa_tur-kitap","9":"pa_yayinevi-delidolu","10":"pa_yazar-john-wyndham","12":"first","13":"instock","14":"sale","15":"shipping-taxable","16":"purchasable","17":"product-type-simple"},"_links":{"self":[{"href":"https:\/\/roveyayinevi.com.tr\/index.php\/wp-json\/wp\/v2\/product\/738402","targetHints":{"allow":["GET"]}}],"collection":[{"href":"https:\/\/roveyayinevi.com.tr\/index.php\/wp-json\/wp\/v2\/product"}],"about":[{"href":"https:\/\/roveyayinevi.com.tr\/index.php\/wp-json\/wp\/v2\/types\/product"}],"wp:attachment":[{"href":"https:\/\/roveyayinevi.com.tr\/index.php\/wp-json\/wp\/v2\/media?parent=738402"}],"wp:term":[{"taxonomy":"product_brand","embeddable":true,"href":"https:\/\/roveyayinevi.com.tr\/index.php\/wp-json\/wp\/v2\/product_brand?post=738402"},{"taxonomy":"product_cat","embeddable":true,"href":"https:\/\/roveyayinevi.com.tr\/index.php\/wp-json\/wp\/v2\/product_cat?post=738402"},{"taxonomy":"product_tag","embeddable":true,"href":"https:\/\/roveyayinevi.com.tr\/index.php\/wp-json\/wp\/v2\/product_tag?post=738402"}],"curies":[{"name":"wp","href":"https:\/\/api.w.org\/{rel}","templated":true}]}}