{"id":738398,"date":"2025-08-27T23:48:58","date_gmt":"2025-08-27T20:48:58","guid":{"rendered":"https:\/\/roveyayinevi.com.tr\/index.php\/urun\/susie-and-freds-adventures-what-day-is-it-today\/"},"modified":"2026-04-16T02:48:39","modified_gmt":"2026-04-15T23:48:39","slug":"susie-and-freds-adventures-what-day-is-it-today","status":"publish","type":"product","link":"https:\/\/roveyayinevi.com.tr\/index.php\/urun\/susie-and-freds-adventures-what-day-is-it-today\/","title":{"rendered":"Susie and Fred\u2019s Adventures-  What Day is it Today?"},"content":{"rendered":"<p>Susie ve Fred\u2019in e\u011flenceli \u00f6yk\u00fclerini \u0130ngilizceyi \u00f6\u011frenmeye ba\u015flayan \u00e7ocuklarla bulu\u015fturan Redhouse, Early Readers serisine \u00fc\u00e7 yeni kitap daha ekledi! Fred, karde\u015fi Susie&#8217;nin aksine, d\u00fczenli ve dakiktir. Derslerini dikkatle dinler, \u00f6devlerini \u00f6zenle yapar ve her yere vaktinde yeti\u015fir. Fakat s\u0131nav stresi ile g\u00fcnleri birbirine kar\u0131\u015ft\u0131r\u0131nca i\u015fler de kar\u0131\u015f\u0131r. Sarah Sweeney\u2019in kaleme ald\u0131\u011f\u0131, G\u00f6zen Kamaz\u2019\u0131n resimlendirdi\u011fi What Day is it Today? G\u00fcnl\u00fck Rutinim (My Daily Routine) ba\u015fl\u0131kl\u0131 \u00fcnite konusunu ele al\u0131yor. Ba\u015flang\u0131\u00e7 seviyesindeki bu seride, her hik\u00e2yenin sonunda okudu\u011funu anlama sorular\u0131 ve kelime al\u0131\u015ft\u0131rmalar\u0131n\u0131n yan\u0131nda resimli s\u00f6zl\u00fck de bulunmaktad\u0131r.     Sarah Sweeney Sarah 1980\u2019de Kanada\u2019n\u0131n Halifax kentine d\u00fcnyaya geldi ve Hubbards isimli k\u00fc\u00e7\u00fck bir kasabada b\u00fcy\u00fcd\u00fc. \u00c7ocuklu\u011fu d\u0131\u015far\u0131da oynayarak ve temiz havan\u0131n tad\u0131n\u0131 \u00e7\u0131kararak ge\u00e7ti. Ailesiyle bol bol seyahat etti ve bu nedenle \u00e7evreyi ke\u015ffetmeye bay\u0131l\u0131yor. Sarah \u00fcniversiteyi bitirdikten sonra \u0130stanbul\u2019a ta\u015f\u0131nd\u0131. Halen e\u015fi \u00d6zgehan ve k\u0131zlar\u0131 Emel ve Sibel ile \u0130stanbul\u2019da ya\u015f\u0131yor. \u0130ngilizce \u00f6\u011fretmenli\u011fi yap\u0131yor ve \u00e7ocuklarla \u00e7al\u0131\u015fmaktan ho\u015flan\u0131yor. Sarah bo\u015f zamanlar\u0131nda \u00e7e\u015fitli el i\u015fleri ile u\u011fra\u015f\u0131yor, okuyor, yaz\u0131yor ve \u00e7izim yap\u0131yor.     G\u00f6zen Kamaz G\u00f6zen Kamaz 1995 y\u0131l\u0131nda \u0130zmir\u2019de do\u011fdu. Dokuz Eyl\u00fcl \u00dcniversitesi G\u00fczel Sanatlar Fak\u00fcltesi Grafik, Resimleme ve Bask\u0131 Anasanat Dal\u0131\u2019ndan birincilikle mezun oldu.  \u00c7ocuk kitaplar\u0131 yay\u0131mlayan bir yay\u0131nevinde sanat y\u00f6netmeni ve ill\u00fcstrat\u00f6r olarak \u00e7al\u0131\u015ft\u0131. 2017 y\u0131l\u0131nda hik\u00e2yesini yazd\u0131\u011f\u0131 ve ill\u00fcstrasyonlar\u0131n\u0131 yapt\u0131\u011f\u0131 bitirme projesi, Kharkiv Devlet Tasar\u0131m ve Sanat Akademisi\u2019nin d\u00fczenledi\u011fi  IX International Forum \u201cDesign Education 2017\u201dde sergilendi ve birinci oldu. \u015eu an Dokuz Eyl\u00fcl \u00dcniversitesi G\u00fczel Sanatlar Enstit\u00fcs\u00fc Grafik B\u00f6l\u00fcm\u00fcnde Y\u00fcksek Lisans yapmaktad\u0131r.   <\/p>\n","protected":false},"excerpt":{"rendered":"<p>Susie ve Fred\u2019in e\u011flenceli \u00f6yk\u00fclerini \u0130ngilizceyi \u00f6\u011frenmeye ba\u015flayan \u00e7ocuklarla bulu\u015fturan Redhouse, Early Readers serisine \u00fc\u00e7 yeni kitap daha ekledi! Fred, karde\u015fi Susie&#8217;nin aksine, d\u00fczenli ve dakiktir.<span class=\"excerpt-hellip\"> [\u2026]<\/span><\/p>\n","protected":false},"featured_media":0,"template":"","meta":{"_monsterinsights_skip_tracking":false,"_monsterinsights_sitenote_active":false,"_monsterinsights_sitenote_note":"","_monsterinsights_sitenote_category":0},"product_brand":[],"product_cat":[12274,15842],"product_tag":[],"class_list":{"0":"post-738398","1":"product","2":"type-product","3":"status-publish","5":"product_cat-cocuk-ve-genclik-kitaplari","6":"product_cat-egitici-kitaplar","7":"pa_cilt-ciltsiz","8":"pa_tur-kitap","9":"pa_yayinevi-redhouse-kidz-yayinlari","10":"pa_yazar-sarah-sweeney","12":"first","13":"instock","14":"sale","15":"shipping-taxable","16":"purchasable","17":"product-type-simple"},"_links":{"self":[{"href":"https:\/\/roveyayinevi.com.tr\/index.php\/wp-json\/wp\/v2\/product\/738398","targetHints":{"allow":["GET"]}}],"collection":[{"href":"https:\/\/roveyayinevi.com.tr\/index.php\/wp-json\/wp\/v2\/product"}],"about":[{"href":"https:\/\/roveyayinevi.com.tr\/index.php\/wp-json\/wp\/v2\/types\/product"}],"wp:attachment":[{"href":"https:\/\/roveyayinevi.com.tr\/index.php\/wp-json\/wp\/v2\/media?parent=738398"}],"wp:term":[{"taxonomy":"product_brand","embeddable":true,"href":"https:\/\/roveyayinevi.com.tr\/index.php\/wp-json\/wp\/v2\/product_brand?post=738398"},{"taxonomy":"product_cat","embeddable":true,"href":"https:\/\/roveyayinevi.com.tr\/index.php\/wp-json\/wp\/v2\/product_cat?post=738398"},{"taxonomy":"product_tag","embeddable":true,"href":"https:\/\/roveyayinevi.com.tr\/index.php\/wp-json\/wp\/v2\/product_tag?post=738398"}],"curies":[{"name":"wp","href":"https:\/\/api.w.org\/{rel}","templated":true}]}}