{"id":738396,"date":"2025-08-27T23:48:56","date_gmt":"2025-08-27T20:48:56","guid":{"rendered":"https:\/\/roveyayinevi.com.tr\/index.php\/urun\/insanlik-dusmani\/"},"modified":"2026-04-16T02:48:39","modified_gmt":"2026-04-15T23:48:39","slug":"insanlik-dusmani","status":"publish","type":"product","link":"https:\/\/roveyayinevi.com.tr\/index.php\/urun\/insanlik-dusmani\/","title":{"rendered":"\u0130nsanl\u0131k D\u00fc\u015fman\u0131"},"content":{"rendered":"<p>D\u00fcnyadaki hi\u00e7bir yer, K\u00f6rfez&#8217;den daha \u00e7ok Amerika&#8217;n\u0131n temel ilkelerini b\u00fcy\u00fck bir karma\u015f\u0131kl\u0131kla kar\u015f\u0131 kar\u015f\u0131ya b\u0131rakmaz. Wilson ilkeleri bu b\u00f6lgede Amerika&#8217;n\u0131n hareketlerine rehberlik edemez. Wilson bak\u0131\u015f a\u00e7\u0131s\u0131na g\u00f6re sald\u0131rgan bir g\u00fc\u00e7 taraf\u0131ndan y\u00f6netilmesini \u00f6nlemenin mant\u0131\u011f\u0131, k\u00f6t\u00fcl\u00fckler aras\u0131ndan birini se\u00e7mek anlam\u0131na gelir; korunacak demokrasiler bulunmamaktad\u0131r.Ancak Birle\u015fik Devletler&#8217;le di\u011fer end\u00fcstriyel demokrasilerin, ama\u00e7lar\u0131 bizimkilerle ba\u011fda\u015fmayan \u00fclkeler taraf\u0131ndan b\u00f6lgenin y\u00f6netilmesini engellemek i\u00e7in zorlay\u0131c\u0131 ulusal \u00e7\u0131karlar\u0131 vard\u0131r. Geli\u015fmi\u015f end\u00fcstriyel ekonomiler K\u00f6rfez&#8217;den sa\u011flanan enerji malzemelerine dayanmaktad\u0131r ve b\u00f6lgenin k\u00f6ktencile\u015ftirilmesinin Kuzey Afrika&#8217;dan Orta Asya yoluyla Hindistan&#8217;a kadar uzanan sonu\u00e7lar\u0131 olabilir. Ancak bu jeopolitik zorunluluk, K\u00f6rfez&#8217;deki en g\u00fc\u00e7l\u00fc iki devlet olan \u0130ran ve Irak&#8217;\u0131n Birle\u015fik Devletler&#8217;e ve kom\u015fular\u0131na d\u00fc\u015fman oldu\u011fu bir ge\u00e7mi\u015fe kar\u015f\u0131n ger\u00e7ekle\u015ftirilmelidir. Kal\u0131c\u0131 temel olmadan ve yaln\u0131zca k\u0131r\u0131lgan m\u00fcttefiklerce desteklenerek, en g\u00fc\u00e7l\u00fc iki g\u00fcce kar\u015f\u0131 K\u00f6rfez&#8217;de istikrar nas\u0131l elde edilebilir? Geleneksel diplomasi, \u0130ran ya da Irak&#8217;tan en az\u0131ndan birinin b\u00f6lgedeki g\u00fc\u00e7 dengesinin bir k\u0131sm\u0131n\u0131 ger\u00e7ekle\u015ftirmesini sa\u011flayacak bi\u00e7imde, ikisinden biriyle ili\u015fkileri geli\u015ftirmeye yarayacakt\u0131r.<\/p>\n","protected":false},"excerpt":{"rendered":"<p>D\u00fcnyadaki hi\u00e7bir yer, K\u00f6rfez&#8217;den daha \u00e7ok Amerika&#8217;n\u0131n temel ilkelerini b\u00fcy\u00fck bir karma\u015f\u0131kl\u0131kla kar\u015f\u0131 kar\u015f\u0131ya b\u0131rakmaz. Wilson ilkeleri bu b\u00f6lgede Amerika&#8217;n\u0131n hareketlerine rehberlik edemez. Wilson bak\u0131\u015f a\u00e7\u0131s\u0131na<span class=\"excerpt-hellip\"> [\u2026]<\/span><\/p>\n","protected":false},"featured_media":0,"template":"","meta":{"_monsterinsights_skip_tracking":false,"_monsterinsights_sitenote_active":false,"_monsterinsights_sitenote_note":"","_monsterinsights_sitenote_category":0},"product_brand":[],"product_cat":[13072,12291],"product_tag":[],"class_list":{"0":"post-738396","1":"product","2":"type-product","3":"status-publish","5":"product_cat-arastirma-inceleme-referans","6":"product_cat-edebiyat","7":"pa_cilt-ciltsiz","8":"pa_tur-kitap","9":"pa_yayinevi-nergiz-yayinlari","10":"pa_yazar-erol-bilbilik","12":"first","13":"instock","14":"sale","15":"shipping-taxable","16":"purchasable","17":"product-type-simple"},"_links":{"self":[{"href":"https:\/\/roveyayinevi.com.tr\/index.php\/wp-json\/wp\/v2\/product\/738396","targetHints":{"allow":["GET"]}}],"collection":[{"href":"https:\/\/roveyayinevi.com.tr\/index.php\/wp-json\/wp\/v2\/product"}],"about":[{"href":"https:\/\/roveyayinevi.com.tr\/index.php\/wp-json\/wp\/v2\/types\/product"}],"wp:attachment":[{"href":"https:\/\/roveyayinevi.com.tr\/index.php\/wp-json\/wp\/v2\/media?parent=738396"}],"wp:term":[{"taxonomy":"product_brand","embeddable":true,"href":"https:\/\/roveyayinevi.com.tr\/index.php\/wp-json\/wp\/v2\/product_brand?post=738396"},{"taxonomy":"product_cat","embeddable":true,"href":"https:\/\/roveyayinevi.com.tr\/index.php\/wp-json\/wp\/v2\/product_cat?post=738396"},{"taxonomy":"product_tag","embeddable":true,"href":"https:\/\/roveyayinevi.com.tr\/index.php\/wp-json\/wp\/v2\/product_tag?post=738396"}],"curies":[{"name":"wp","href":"https:\/\/api.w.org\/{rel}","templated":true}]}}