{"id":738394,"date":"2025-08-27T23:48:54","date_gmt":"2025-08-27T20:48:54","guid":{"rendered":"https:\/\/roveyayinevi.com.tr\/index.php\/urun\/gunese-astim-gokkusagini\/"},"modified":"2026-04-16T02:48:39","modified_gmt":"2026-04-15T23:48:39","slug":"gunese-astim-gokkusagini","status":"publish","type":"product","link":"https:\/\/roveyayinevi.com.tr\/index.php\/urun\/gunese-astim-gokkusagini\/","title":{"rendered":"G\u00fcne\u015fe Ast\u0131m G\u00f6kku\u015fa\u011f\u0131n\u0131"},"content":{"rendered":"<p>G\u00fcne\u015fe g\u00f6kku\u015fa\u011f\u0131n\u0131 ast\u0131m Yery\u00fcz\u00fcne \u00e7i\u00e7ekler sa\u00e7t\u0131m G\u00fcl\u00fc\u015f\u00fcne bir \u00f6m\u00fcr bi\u00e7tim \u015eu deli g\u00f6n\u00fclde usland\u0131m&#8230;   A\u00e7\u0131lmayan kap\u0131lara yasland\u0131m Deli\u011finde anahtar\u0131n pasland\u0131m S\u0131zan \u0131\u015f\u0131\u011f\u0131nda erim erim eridim \u015eu deli g\u00f6n\u00fclde t\u00fckendim&#8230; <\/p>\n","protected":false},"excerpt":{"rendered":"<p>G\u00fcne\u015fe g\u00f6kku\u015fa\u011f\u0131n\u0131 ast\u0131m Yery\u00fcz\u00fcne \u00e7i\u00e7ekler sa\u00e7t\u0131m G\u00fcl\u00fc\u015f\u00fcne bir \u00f6m\u00fcr bi\u00e7tim \u015eu deli g\u00f6n\u00fclde usland\u0131m&#8230; A\u00e7\u0131lmayan kap\u0131lara yasland\u0131m Deli\u011finde anahtar\u0131n pasland\u0131m S\u0131zan \u0131\u015f\u0131\u011f\u0131nda erim erim eridim \u015eu<span class=\"excerpt-hellip\"> [\u2026]<\/span><\/p>\n","protected":false},"featured_media":0,"template":"","meta":{"_monsterinsights_skip_tracking":false,"_monsterinsights_sitenote_active":false,"_monsterinsights_sitenote_note":"","_monsterinsights_sitenote_category":0},"product_brand":[],"product_cat":[12291,12509],"product_tag":[],"class_list":{"0":"post-738394","1":"product","2":"type-product","3":"status-publish","5":"product_cat-edebiyat","6":"product_cat-siir","7":"pa_cilt-ciltsiz","8":"pa_tur-kitap","9":"pa_yayinevi-gulnar-yayinlari","10":"pa_yazar-sukran-bayrak","12":"first","13":"instock","14":"sale","15":"shipping-taxable","16":"purchasable","17":"product-type-simple"},"_links":{"self":[{"href":"https:\/\/roveyayinevi.com.tr\/index.php\/wp-json\/wp\/v2\/product\/738394","targetHints":{"allow":["GET"]}}],"collection":[{"href":"https:\/\/roveyayinevi.com.tr\/index.php\/wp-json\/wp\/v2\/product"}],"about":[{"href":"https:\/\/roveyayinevi.com.tr\/index.php\/wp-json\/wp\/v2\/types\/product"}],"wp:attachment":[{"href":"https:\/\/roveyayinevi.com.tr\/index.php\/wp-json\/wp\/v2\/media?parent=738394"}],"wp:term":[{"taxonomy":"product_brand","embeddable":true,"href":"https:\/\/roveyayinevi.com.tr\/index.php\/wp-json\/wp\/v2\/product_brand?post=738394"},{"taxonomy":"product_cat","embeddable":true,"href":"https:\/\/roveyayinevi.com.tr\/index.php\/wp-json\/wp\/v2\/product_cat?post=738394"},{"taxonomy":"product_tag","embeddable":true,"href":"https:\/\/roveyayinevi.com.tr\/index.php\/wp-json\/wp\/v2\/product_tag?post=738394"}],"curies":[{"name":"wp","href":"https:\/\/api.w.org\/{rel}","templated":true}]}}