{"id":738390,"date":"2025-08-27T23:48:50","date_gmt":"2025-08-27T20:48:50","guid":{"rendered":"https:\/\/roveyayinevi.com.tr\/index.php\/urun\/lestat\/"},"modified":"2026-04-16T02:48:39","modified_gmt":"2026-04-15T23:48:39","slug":"lestat","status":"publish","type":"product","link":"https:\/\/roveyayinevi.com.tr\/index.php\/urun\/lestat\/","title":{"rendered":"Lestat"},"content":{"rendered":"<p>\u201cT\u00fcm yalanlar kanda \u00f6l\u00fcr. T\u00fcm k\u00f6t\u00fcl\u00fckler kanda temizlenir.\u201d Vampir d\u00fcnyas\u0131 krizde. T\u00fcrleri kontrols\u00fczce \u00e7o\u011fal\u0131yor ve \u00f6nceki y\u0131llarda hayal bile edilemeyecek teknoloji sayesinde birbirleriyle hi\u00e7 olmad\u0131\u011f\u0131 kadar kolay ileti\u015fim kurabiliyorlar. Topra\u011f\u0131n alt\u0131ndaki uzun uykular\u0131ndan uyanan antikler, d\u00fcnyan\u0131n farkl\u0131 \u015fehirlerinde ya\u015fayan \u00e7aylaklar\u0131 yakmalar\u0131n\u0131 emreden Ses\u2019in k\u00f6lesi olmu\u015f durumdalar. T\u00fcm d\u00fcnyadan korkun\u00e7 katliam haberleri geliyor. Ses kim ya da ne? Ne istiyor ve neden? Ya\u015fayan \u00d6l\u00fcler d\u00fcnyas\u0131nda herkesin ger\u00e7ekten tan\u0131d\u0131\u011f\u0131 tek bir vampir ve kan emici var. Peki bu \u015fa\u015f\u0131rt\u0131c\u0131 kahraman-gezgin, kural tan\u0131maz ve tehlikeli isyank\u00e2r Lestat bu alacakaranl\u0131kta Karanl\u0131\u011f\u0131n \u00c7ocuklar\u0131\u2019n\u0131 birle\u015ftirme \u00e7a\u011fr\u0131s\u0131na kulak verecek mi?<\/p>\n","protected":false},"excerpt":{"rendered":"<p>\u201cT\u00fcm yalanlar kanda \u00f6l\u00fcr. T\u00fcm k\u00f6t\u00fcl\u00fckler kanda temizlenir.\u201d Vampir d\u00fcnyas\u0131 krizde. T\u00fcrleri kontrols\u00fczce \u00e7o\u011fal\u0131yor ve \u00f6nceki y\u0131llarda hayal bile edilemeyecek teknoloji sayesinde birbirleriyle hi\u00e7 olmad\u0131\u011f\u0131 kadar<span class=\"excerpt-hellip\"> [\u2026]<\/span><\/p>\n","protected":false},"featured_media":0,"template":"","meta":{"_monsterinsights_skip_tracking":false,"_monsterinsights_sitenote_active":false,"_monsterinsights_sitenote_note":"","_monsterinsights_sitenote_category":0},"product_brand":[],"product_cat":[12291,12711],"product_tag":[],"class_list":{"0":"post-738390","1":"product","2":"type-product","3":"status-publish","5":"product_cat-edebiyat","6":"product_cat-roman-oyku","7":"pa_cilt-ciltsiz","8":"pa_tur-kitap","9":"pa_yayinevi-marti-yayinlari","10":"pa_yazar-anne-rice","12":"first","13":"instock","14":"sale","15":"shipping-taxable","16":"purchasable","17":"product-type-simple"},"_links":{"self":[{"href":"https:\/\/roveyayinevi.com.tr\/index.php\/wp-json\/wp\/v2\/product\/738390","targetHints":{"allow":["GET"]}}],"collection":[{"href":"https:\/\/roveyayinevi.com.tr\/index.php\/wp-json\/wp\/v2\/product"}],"about":[{"href":"https:\/\/roveyayinevi.com.tr\/index.php\/wp-json\/wp\/v2\/types\/product"}],"wp:attachment":[{"href":"https:\/\/roveyayinevi.com.tr\/index.php\/wp-json\/wp\/v2\/media?parent=738390"}],"wp:term":[{"taxonomy":"product_brand","embeddable":true,"href":"https:\/\/roveyayinevi.com.tr\/index.php\/wp-json\/wp\/v2\/product_brand?post=738390"},{"taxonomy":"product_cat","embeddable":true,"href":"https:\/\/roveyayinevi.com.tr\/index.php\/wp-json\/wp\/v2\/product_cat?post=738390"},{"taxonomy":"product_tag","embeddable":true,"href":"https:\/\/roveyayinevi.com.tr\/index.php\/wp-json\/wp\/v2\/product_tag?post=738390"}],"curies":[{"name":"wp","href":"https:\/\/api.w.org\/{rel}","templated":true}]}}