{"id":738387,"date":"2025-08-27T23:48:47","date_gmt":"2025-08-27T20:48:47","guid":{"rendered":"https:\/\/roveyayinevi.com.tr\/index.php\/urun\/gencler-icin-ozguven-el-kitabi\/"},"modified":"2026-04-05T02:54:48","modified_gmt":"2026-04-04T23:54:48","slug":"gencler-icin-ozguven-el-kitabi","status":"publish","type":"product","link":"https:\/\/roveyayinevi.com.tr\/index.php\/urun\/gencler-icin-ozguven-el-kitabi\/","title":{"rendered":"Gen\u00e7ler \u0130\u00e7in \u00d6zg\u00fcven El Kitab\u0131"},"content":{"rendered":"<p>Kendinin en ac\u0131mas\u0131z ele\u015ftirmeni misin? Kendini arkada\u015flar\u0131nla, s\u0131n\u0131f\u0131ndakilerle ve \u00fcnl\u00fclerle mi k\u0131yasl\u0131yorsun? Yaln\u0131z de\u011filsin. K\u0131yas girdab\u0131na kap\u0131lmak \u00e7ok kolay; hele ki sosyal medyada. Fakat bu olumsuz al\u0131\u015fkanl\u0131klar zaman i\u00e7inde g\u00fcvensizlik duygular\u0131n\u0131 besleyerek yeterince iyi olmad\u0131\u011f\u0131n hissine kap\u0131lmana sebep oluyor. Peki kendini ac\u0131mas\u0131zca ele\u015ftirmekten kurtulup nas\u0131l kendinin en iyi dostu haline gelirsin?   Bu samimi ve e\u011flenceli k\u0131lavuz kitap sayesinde, sa\u011fl\u0131kl\u0131 bir \u00f6zg\u00fcvene sahip olmak i\u00e7in gerekli d\u00fc\u015f\u00fcnme ve davran\u0131\u015f pratiklerini al\u0131\u015fkanl\u0131k haline getirmenin 50 basit yolunu ke\u015ffedeceksin. Bu kitapta g\u00fc\u00e7l\u00fc yanlar\u0131na odaklanmana, hatalar\u0131ndan ders \u00e7\u0131karmana, kendi \u00f6zde\u011ferini bilmene, sa\u011fl\u0131kl\u0131 ili\u015fkiler kurmana ve daha pek \u00e7ok olumlu al\u0131\u015fkanl\u0131k geli\u015ftirmene yard\u0131mc\u0131 olacak ipu\u00e7lar\u0131 bulacaks\u0131n. E\u011fer her g\u00fcn \u00f6zg\u00fcvenini art\u0131rman\u0131 sa\u011flayacak \u00e7\u00f6z\u00fcmler ar\u0131yorsan, bu kitap \u201cen iyi sen\u201d olmana yard\u0131m edecek fikir ve egzersizlerle dopdolu.   Lisa M. Schab, \u00f6zel dan\u0131\u015fmanl\u0131k hizmeti veren lisansl\u0131 klinik sosyal hizmetler uzman\u0131d\u0131r. \u00c7ocuklar, gen\u00e7ler ve yeti\u015fkinlere y\u00f6nelik \u00e7ok say\u0131da ki\u015fisel geli\u015fim kitab\u0131n\u0131n yazar\u0131d\u0131r. Ki\u015fisel geli\u015fim at\u00f6lyelerinde ders veren ve uzmanlara y\u00f6nelik e\u011fitim seminerleri d\u00fczenleyen Schab ayn\u0131 zamanda Ulusal Sosyal Hizmetler Uzmanlar\u0131 Birli\u011fi (National Association of Social Workers, NASW) \u00fcyesidir. <\/p>\n","protected":false},"excerpt":{"rendered":"<p>Kendinin en ac\u0131mas\u0131z ele\u015ftirmeni misin? Kendini arkada\u015flar\u0131nla, s\u0131n\u0131f\u0131ndakilerle ve \u00fcnl\u00fclerle mi k\u0131yasl\u0131yorsun? Yaln\u0131z de\u011filsin. K\u0131yas girdab\u0131na kap\u0131lmak \u00e7ok kolay; hele ki sosyal medyada. Fakat bu olumsuz<span class=\"excerpt-hellip\"> [\u2026]<\/span><\/p>\n","protected":false},"featured_media":0,"template":"","meta":{"_monsterinsights_skip_tracking":false,"_monsterinsights_sitenote_active":false,"_monsterinsights_sitenote_note":"","_monsterinsights_sitenote_category":0},"product_brand":[],"product_cat":[12364,12376],"product_tag":[],"class_list":{"0":"post-738387","1":"product","2":"type-product","3":"status-publish","5":"product_cat-genel-konular","6":"product_cat-kisisel-gelisim","7":"pa_cilt-ciltsiz","8":"pa_tur-kitap","9":"pa_yayinevi-akil-celen-kitaplar","10":"pa_yazar-lisa-m-schab","12":"first","13":"instock","14":"sale","15":"shipping-taxable","16":"purchasable","17":"product-type-simple"},"_links":{"self":[{"href":"https:\/\/roveyayinevi.com.tr\/index.php\/wp-json\/wp\/v2\/product\/738387","targetHints":{"allow":["GET"]}}],"collection":[{"href":"https:\/\/roveyayinevi.com.tr\/index.php\/wp-json\/wp\/v2\/product"}],"about":[{"href":"https:\/\/roveyayinevi.com.tr\/index.php\/wp-json\/wp\/v2\/types\/product"}],"wp:attachment":[{"href":"https:\/\/roveyayinevi.com.tr\/index.php\/wp-json\/wp\/v2\/media?parent=738387"}],"wp:term":[{"taxonomy":"product_brand","embeddable":true,"href":"https:\/\/roveyayinevi.com.tr\/index.php\/wp-json\/wp\/v2\/product_brand?post=738387"},{"taxonomy":"product_cat","embeddable":true,"href":"https:\/\/roveyayinevi.com.tr\/index.php\/wp-json\/wp\/v2\/product_cat?post=738387"},{"taxonomy":"product_tag","embeddable":true,"href":"https:\/\/roveyayinevi.com.tr\/index.php\/wp-json\/wp\/v2\/product_tag?post=738387"}],"curies":[{"name":"wp","href":"https:\/\/api.w.org\/{rel}","templated":true}]}}