{"id":738386,"date":"2025-08-27T23:48:45","date_gmt":"2025-08-27T20:48:45","guid":{"rendered":"https:\/\/roveyayinevi.com.tr\/index.php\/urun\/lassie-ciltli\/"},"modified":"2026-04-16T02:48:39","modified_gmt":"2026-04-15T23:48:39","slug":"lassie-ciltli","status":"publish","type":"product","link":"https:\/\/roveyayinevi.com.tr\/index.php\/urun\/lassie-ciltli\/","title":{"rendered":"Lassie (Ciltli)"},"content":{"rendered":"<p>Ya\u015fad\u0131\u011f\u0131 k\u00fc\u00e7\u00fck k\u00f6yde \u00e7oban k\u00f6pe\u011fi Lassie\u2019yi tan\u0131mayan yoktur. K\u00f6yl\u00fcler, her g\u00fcn okul \u00e7\u0131k\u0131\u015f\u0131 k\u00fc\u00e7\u00fck Joe\u2019yu kar\u015f\u0131lamaya giden Lassie\u2019ye g\u00f6re saatlerini ayarlarlar. O hem k\u00fc\u00e7\u00fck Joe\u2019nun hem de b\u00fct\u00fcn k\u00f6y\u00fcn g\u00f6z bebe\u011fidir. Derken Joe\u2019nun babas\u0131, i\u015fsiz kal\u0131nca Lassie\u2019yi zengin bir adama satmak zorunda kal\u0131r. Ama adam\u0131n birka\u00e7 kilometre \u00f6tedeki \u00e7iftli\u011fine g\u00f6t\u00fcr\u00fclen Lassie her f\u0131rsatta ka\u00e7\u0131p Joe\u2019ya geri d\u00f6ner. Bunun \u00fczerine adam da \u00e7\u00f6z\u00fcm\u00fc Lassie\u2019yi al\u0131p \u0130sko\u00e7ya\u2019ya g\u00f6t\u00fcrmekte bulur. Joe art\u0131k Lassie\u2019nin ka\u00e7\u0131p gidemeyece\u011fi kadar uzaklardad\u0131r. Ya da onlar \u00f6yle zannetmektedir\u2026 Sevgi, dostluk ve sadakat \u00fczerine yaz\u0131lm\u0131\u015f en g\u00fczel hik\u00e2yelerden biri olan Lassie yay\u0131mland\u0131\u011f\u0131 1940 y\u0131l\u0131ndan bu yana pek \u00e7ok dile \u00e7evrilmi\u015f, sinemaya ve televizyona uyarlanm\u0131\u015ft\u0131r. <\/p>\n","protected":false},"excerpt":{"rendered":"<p>Ya\u015fad\u0131\u011f\u0131 k\u00fc\u00e7\u00fck k\u00f6yde \u00e7oban k\u00f6pe\u011fi Lassie\u2019yi tan\u0131mayan yoktur. K\u00f6yl\u00fcler, her g\u00fcn okul \u00e7\u0131k\u0131\u015f\u0131 k\u00fc\u00e7\u00fck Joe\u2019yu kar\u015f\u0131lamaya giden Lassie\u2019ye g\u00f6re saatlerini ayarlarlar. O hem k\u00fc\u00e7\u00fck Joe\u2019nun hem<span class=\"excerpt-hellip\"> [\u2026]<\/span><\/p>\n","protected":false},"featured_media":0,"template":"","meta":{"_monsterinsights_skip_tracking":false,"_monsterinsights_sitenote_active":false,"_monsterinsights_sitenote_note":"","_monsterinsights_sitenote_category":0},"product_brand":[],"product_cat":[12291,12711],"product_tag":[],"class_list":{"0":"post-738386","1":"product","2":"type-product","3":"status-publish","5":"product_cat-edebiyat","6":"product_cat-roman-oyku","7":"pa_cilt-ciltli","8":"pa_tur-kitap","9":"pa_yayinevi-beyaz-balina-yayinlari","10":"pa_yazar-eric-knight","12":"first","13":"instock","14":"sale","15":"shipping-taxable","16":"purchasable","17":"product-type-simple"},"_links":{"self":[{"href":"https:\/\/roveyayinevi.com.tr\/index.php\/wp-json\/wp\/v2\/product\/738386","targetHints":{"allow":["GET"]}}],"collection":[{"href":"https:\/\/roveyayinevi.com.tr\/index.php\/wp-json\/wp\/v2\/product"}],"about":[{"href":"https:\/\/roveyayinevi.com.tr\/index.php\/wp-json\/wp\/v2\/types\/product"}],"wp:attachment":[{"href":"https:\/\/roveyayinevi.com.tr\/index.php\/wp-json\/wp\/v2\/media?parent=738386"}],"wp:term":[{"taxonomy":"product_brand","embeddable":true,"href":"https:\/\/roveyayinevi.com.tr\/index.php\/wp-json\/wp\/v2\/product_brand?post=738386"},{"taxonomy":"product_cat","embeddable":true,"href":"https:\/\/roveyayinevi.com.tr\/index.php\/wp-json\/wp\/v2\/product_cat?post=738386"},{"taxonomy":"product_tag","embeddable":true,"href":"https:\/\/roveyayinevi.com.tr\/index.php\/wp-json\/wp\/v2\/product_tag?post=738386"}],"curies":[{"name":"wp","href":"https:\/\/api.w.org\/{rel}","templated":true}]}}