{"id":738380,"date":"2025-08-27T23:48:39","date_gmt":"2025-08-27T20:48:39","guid":{"rendered":"https:\/\/roveyayinevi.com.tr\/index.php\/urun\/derya-deniz-robotlarin-basi-belada\/"},"modified":"2026-04-16T02:48:38","modified_gmt":"2026-04-15T23:48:38","slug":"derya-deniz-robotlarin-basi-belada","status":"publish","type":"product","link":"https:\/\/roveyayinevi.com.tr\/index.php\/urun\/derya-deniz-robotlarin-basi-belada\/","title":{"rendered":"Derya Deniz  Robotlar\u0131n Ba\u015f\u0131 Belada"},"content":{"rendered":"<p>U\u00e7ar\u0131, heyecanl\u0131 ve merakl\u0131 Derya Deniz\u2019in en b\u00fcy\u00fck hayali gelece\u011fin d\u00fcnyas\u0131nda ya\u015fayacak robotlar\u0131 \u00fcreten ki\u015fi olmakt\u0131r. En b\u00fcy\u00fck e\u011flencesi babas\u0131n\u0131n \u00e7al\u0131\u015ft\u0131\u011f\u0131 bilim merkezine gidip robotlar\u0131n oldu\u011fu sergileri gezmek olan karakterimizin robotlar\u0131n olmad\u0131\u011f\u0131 hi\u00e7bir hayali yoktur. Babas\u0131yla gitti\u011fi bilim merkezinde yeni gelen robot sergisini g\u00f6rmeyi heyecanla bekleyen Derya Deniz kendisini bir anda iyi robotlarla k\u00f6t\u00fc robotlar\u0131n kavgas\u0131nda bulur. D\u00fcnyan\u0131n gelece\u011fini belirleme \u015fans\u0131 erkenden eline mi ge\u00e7mi\u015ftir yoksa her \u015fey sadece koca bir r\u00fcya m\u0131d\u0131r? Robotlar\u0131n y\u00fczlerce y\u0131l \u00f6nce ba\u015flayan e\u011flenceli hikayesi, iyiyle k\u00f6t\u00fcn\u00fcn kavgas\u0131, bug\u00fcn\u00fcn robotlar\u0131 ve gelece\u011fin d\u00fcnyas\u0131 bu kitapta! Maceraya haz\u0131r m\u0131s\u0131n? <\/p>\n","protected":false},"excerpt":{"rendered":"<p>U\u00e7ar\u0131, heyecanl\u0131 ve merakl\u0131 Derya Deniz\u2019in en b\u00fcy\u00fck hayali gelece\u011fin d\u00fcnyas\u0131nda ya\u015fayacak robotlar\u0131 \u00fcreten ki\u015fi olmakt\u0131r. En b\u00fcy\u00fck e\u011flencesi babas\u0131n\u0131n \u00e7al\u0131\u015ft\u0131\u011f\u0131 bilim merkezine gidip robotlar\u0131n oldu\u011fu<span class=\"excerpt-hellip\"> [\u2026]<\/span><\/p>\n","protected":false},"featured_media":0,"template":"","meta":{"_monsterinsights_skip_tracking":false,"_monsterinsights_sitenote_active":false,"_monsterinsights_sitenote_note":"","_monsterinsights_sitenote_category":0},"product_brand":[],"product_cat":[12274],"product_tag":[],"class_list":{"0":"post-738380","1":"product","2":"type-product","3":"status-publish","5":"product_cat-cocuk-ve-genclik-kitaplari","6":"pa_cilt-ciltsiz","7":"pa_tur-kitap","8":"pa_yayinevi-mosquito-yayinlari","9":"pa_yazar-ahmet-melih-karauguz","11":"first","12":"instock","13":"sale","14":"shipping-taxable","15":"purchasable","16":"product-type-simple"},"_links":{"self":[{"href":"https:\/\/roveyayinevi.com.tr\/index.php\/wp-json\/wp\/v2\/product\/738380","targetHints":{"allow":["GET"]}}],"collection":[{"href":"https:\/\/roveyayinevi.com.tr\/index.php\/wp-json\/wp\/v2\/product"}],"about":[{"href":"https:\/\/roveyayinevi.com.tr\/index.php\/wp-json\/wp\/v2\/types\/product"}],"wp:attachment":[{"href":"https:\/\/roveyayinevi.com.tr\/index.php\/wp-json\/wp\/v2\/media?parent=738380"}],"wp:term":[{"taxonomy":"product_brand","embeddable":true,"href":"https:\/\/roveyayinevi.com.tr\/index.php\/wp-json\/wp\/v2\/product_brand?post=738380"},{"taxonomy":"product_cat","embeddable":true,"href":"https:\/\/roveyayinevi.com.tr\/index.php\/wp-json\/wp\/v2\/product_cat?post=738380"},{"taxonomy":"product_tag","embeddable":true,"href":"https:\/\/roveyayinevi.com.tr\/index.php\/wp-json\/wp\/v2\/product_tag?post=738380"}],"curies":[{"name":"wp","href":"https:\/\/api.w.org\/{rel}","templated":true}]}}