{"id":738366,"date":"2025-08-27T23:48:24","date_gmt":"2025-08-27T20:48:24","guid":{"rendered":"https:\/\/roveyayinevi.com.tr\/index.php\/urun\/bir-hayalet-hastalik-lyme\/"},"modified":"2026-04-16T02:48:38","modified_gmt":"2026-04-15T23:48:38","slug":"bir-hayalet-hastalik-lyme","status":"publish","type":"product","link":"https:\/\/roveyayinevi.com.tr\/index.php\/urun\/bir-hayalet-hastalik-lyme\/","title":{"rendered":"Bir Hayalet Hastal\u0131k- Lyme"},"content":{"rendered":"<p>Bu kitap hastal\u0131klara kar\u015f\u0131 k\u0131lavuzunuz olacak! Kronik yorgunluk, nedensiz depresyon, duygu durum bozuklu\u011fu, anlams\u0131z v\u00fccut a\u011fr\u0131lar\u0131, eklem sorunlar\u0131, tedavi edilemeyen ba\u011f\u0131rsak problemleri, erken bunama, fibromiyalji, multiple skleroz ve daha nice sorun asl\u0131nda \u201csebepsiz\u201d olmayabilir! Taklit\u00e7i hastal\u0131k ad\u0131yla bilinen, Dr. Can \u00c7ift\u00e7i taraf\u0131ndan hayalet hastal\u0131k olarak isimlendirilen ve bir\u00e7ok kaynakta gizli pandemi s\u00f6zleriyle ifade edilen Lyme hastal\u0131\u011f\u0131yla tan\u0131\u015fma vakti!  Bir Hayalet Hastal\u0131k: LYME\u2019\u0131 Dr. Can \u00c7ift\u00e7i sizler i\u00e7in kaleme ald\u0131. Bu kitapta hastalar\u0131n do\u011fru tan\u0131ya ve tedaviye ula\u015fmalar\u0131 i\u00e7in T\u00fcrk\u00e7e olarak haz\u0131rlanm\u0131\u015f en geni\u015f i\u00e7eri\u011fi bulacaks\u0131n\u0131z. Lyme hastalar\u0131, alan\u0131nda uzman doktorlar ve kronik hastal\u0131klar\u0131na \u00e7\u00f6z\u00fcm arayan t\u00fcm okurlar i\u00e7in mutlaka okunmas\u0131 gereken bir kaynak kitap.<\/p>\n","protected":false},"excerpt":{"rendered":"<p>Bu kitap hastal\u0131klara kar\u015f\u0131 k\u0131lavuzunuz olacak! Kronik yorgunluk, nedensiz depresyon, duygu durum bozuklu\u011fu, anlams\u0131z v\u00fccut a\u011fr\u0131lar\u0131, eklem sorunlar\u0131, tedavi edilemeyen ba\u011f\u0131rsak problemleri, erken bunama, fibromiyalji, multiple<span class=\"excerpt-hellip\"> [\u2026]<\/span><\/p>\n","protected":false},"featured_media":0,"template":"","meta":{"_monsterinsights_skip_tracking":false,"_monsterinsights_sitenote_active":false,"_monsterinsights_sitenote_note":"","_monsterinsights_sitenote_category":0},"product_brand":[],"product_cat":[13366,13365],"product_tag":[],"class_list":{"0":"post-738366","1":"product","2":"type-product","3":"status-publish","5":"product_cat-diger-saglik","6":"product_cat-saglik","7":"pa_cilt-ciltsiz","8":"pa_tur-kitap","9":"pa_yayinevi-nemesis-kitap","10":"pa_yazar-ismail-can-ciftci","12":"first","13":"instock","14":"sale","15":"shipping-taxable","16":"purchasable","17":"product-type-simple"},"_links":{"self":[{"href":"https:\/\/roveyayinevi.com.tr\/index.php\/wp-json\/wp\/v2\/product\/738366","targetHints":{"allow":["GET"]}}],"collection":[{"href":"https:\/\/roveyayinevi.com.tr\/index.php\/wp-json\/wp\/v2\/product"}],"about":[{"href":"https:\/\/roveyayinevi.com.tr\/index.php\/wp-json\/wp\/v2\/types\/product"}],"wp:attachment":[{"href":"https:\/\/roveyayinevi.com.tr\/index.php\/wp-json\/wp\/v2\/media?parent=738366"}],"wp:term":[{"taxonomy":"product_brand","embeddable":true,"href":"https:\/\/roveyayinevi.com.tr\/index.php\/wp-json\/wp\/v2\/product_brand?post=738366"},{"taxonomy":"product_cat","embeddable":true,"href":"https:\/\/roveyayinevi.com.tr\/index.php\/wp-json\/wp\/v2\/product_cat?post=738366"},{"taxonomy":"product_tag","embeddable":true,"href":"https:\/\/roveyayinevi.com.tr\/index.php\/wp-json\/wp\/v2\/product_tag?post=738366"}],"curies":[{"name":"wp","href":"https:\/\/api.w.org\/{rel}","templated":true}]}}