{"id":738365,"date":"2025-08-27T23:48:23","date_gmt":"2025-08-27T20:48:23","guid":{"rendered":"https:\/\/roveyayinevi.com.tr\/index.php\/urun\/hayirsiz-dayim\/"},"modified":"2026-04-16T02:48:38","modified_gmt":"2026-04-15T23:48:38","slug":"hayirsiz-dayim","status":"publish","type":"product","link":"https:\/\/roveyayinevi.com.tr\/index.php\/urun\/hayirsiz-dayim\/","title":{"rendered":"\u201cHay\u0131r\u201ds\u0131z Day\u0131m"},"content":{"rendered":"<p>Sayfalar\u0131nda gezinirken arkada\u015flar\u0131n\u0131zla sohbette ya da s\u0131cac\u0131k evinizdeymi\u015f gibi hissedece\u011finiz, elinizden d\u00fc\u015fmeyecek, bolca g\u00fcl\u00fcmseme ve dilek ye\u015fertecek bir \u00f6yk\u00fc kitab\u0131 sizi bekliyor. \u0130yi m\u00fczi\u011fe dayanamay\u0131p co\u015fanlar, satran\u00e7 oynamadan duramayanlar, yazarl\u0131\u011fa soyunanlar burada m\u0131? Peki ya \u015faka sevenler, \u015fans\u0131n\u0131 kovalayanlar, hi\u00e7 vazge\u00e7meyenler? O halde sevece\u011finiz yeni dostlarla tan\u0131\u015fmak i\u00e7in i\u00e7eriye buyurun.   Kitaptaki \u00d6yk\u00fcler: \u201cHay\u0131r\u201ds\u0131z Day\u0131m \u015eakalara Hi\u00e7 K\u0131zmam  Empati Tavan Aras\u0131ndaki Dosyalar D\u00fcnya Yeniden K\u00fc\u00e7\u00fcld\u00fc Domates Suyu ve An\u0131lar Notalar\u0131n G\u00fcc\u00fc Anneler G\u00fcn\u00fc Satranca Ba\u011flad\u0131k  Babam Yazar Olunca  Ku\u015fbak\u0131\u015f\u0131 De\u011fil Rex \u015eans Saat Ka\u00e7, \u0130zmir?  Vitito ve Kuyruklu Adam   K\u0130TAPTAN \u201c\u00c7ok te\u015fekk\u00fcrler hocam. Sanki zaman makinesinde yolculuk yapt\u0131k\u201d dedi Mine. Herkes kat\u0131ld\u0131 bu s\u00f6zlere. \u201c\u0130yi m\u00fczik b\u00f6yledir, evrenseldir\u201d dedi Turgut Hoca. \u201cD\u00fcnyan\u0131n \u00f6b\u00fcr ucundaki insana da seslenir, tan\u0131d\u0131k gelir. Dil, din, co\u011frafya ayr\u0131m\u0131 yapmaz, herkese hitap eder. \u00dczerinden ge\u00e7en zaman onu etkilemez, eskitmez hatta daha da k\u0131ymet verir.\u201d O g\u00fcn evrensel kelimesinin anlam\u0131n\u0131 akl\u0131m\u0131n bir k\u00f6\u015fesine yazm\u0131\u015ft\u0131m. Yapt\u0131\u011f\u0131n i\u015f iyiyse, farkl\u0131ysa, \u00f6zelse, atlas\u0131n bir ucundaki da\u011f k\u00f6y\u00fcne kadar ula\u015f\u0131p bir \u00e7ocu\u011fun hayat\u0131na giriyorsa evrensel oluyordu.   ***   Evlerimize d\u00f6nmeden \u00f6nce, M\u00fchendis Sait a\u011fabey bizi tesisi gezmeye davet etti. \u00c7\u00f6plerin topland\u0131\u011f\u0131 depolara girdik ilk. Hayret, koku falan yoktu. \u201cKokular\u0131 nereye gitmi\u015f bunlar\u0131n baba?\u201d diye sormu\u015ftu Eda da. Herkes g\u00fclm\u00fc\u015ft\u00fc.  Sonra \u00e7\u00f6plerin ayr\u0131\u015ft\u0131r\u0131ld\u0131\u011f\u0131 dev gibi hangara girdik. Burada kayd\u0131rak gibi dev borulardan akan \u00e7\u00f6pler k\u00e2\u011f\u0131t, cam, plastik olarak ayr\u0131l\u0131yor ve ba\u015fka depolarda toplan\u0131yordu. Geri d\u00f6n\u00fc\u015f\u00fcmde kullan\u0131lmak \u00fczere. Oradan \u00e7\u0131k\u0131p borularla \u00e7evrelenmi\u015f b\u00fcy\u00fck metal tanklara geldik. \u00dczerinde saate benzeyen dereceler vard\u0131. \u201c\u0130\u015fte geri d\u00f6n\u00fc\u015ft\u00fcr\u00fclemeyecek at\u0131klar\u0131n birikti\u011fi tanklar\u201d demi\u015fti Sait a\u011fabey. \u201cEda\u2019n\u0131n merak etti\u011fi soru burada gizli. Bu tanklarda \u00e7\u00f6pler, \u0131s\u0131t\u0131larak \u00e7\u00fcr\u00fct\u00fcl\u00fcyor. Ayn\u0131 g\u00fcne\u015fin yapt\u0131\u011f\u0131 gibi. A\u00e7\u0131\u011fa \u00e7\u0131kan metan gaz\u0131 da borularla santrale g\u00f6nderiliyor.\u201d   *** As\u0131l ismi Victor\u2019du ama k\u00f6yde herkes ona Vitito diye seslenirdi. K\u00f6ydeki \u00e7ocuklar, kom\u015fular, bal\u0131k\u00e7\u0131lar, kediler ve tepenin \u00fczerindeki yel de\u011firmenini i\u015fleten Osman amca, Vitito\u2019nun dostlar\u0131 idi. Yel de\u011firmeni her hafta Vitito\u2019nun k\u00f6yden getirdi\u011fi bu\u011fdaylar\u0131 r\u00fczg\u00e2rdan ald\u0131\u011f\u0131 g\u00fc\u00e7le ezer, \u00f6\u011f\u00fct\u00fcr, un haline getirirdi. Vitito\u2019nun annesi ve kom\u015fular da bu unla hamur a\u00e7ar, nefis otlu b\u00f6rekler yaparlard\u0131. G\u00fcn do\u011farken yata\u011f\u0131ndan f\u0131rlar, bah\u00e7eye \u00e7\u0131kard\u0131 Vitito. Do\u011fada ya\u015fanan de\u011fi\u015fimi izlemeyi \u00e7ok severdi. Ya\u011fmuru, f\u0131rt\u0131nay\u0131, r\u00fczg\u00e2r\u0131, y\u0131ld\u0131zlar\u0131, topra\u011f\u0131n g\u00f6ky\u00fcz\u00fc ve denizle olan ili\u015fkisini g\u00f6zler, bunlar\u0131n dilini \u00f6\u011frenmek onu mutlu ederdi. <\/p>\n","protected":false},"excerpt":{"rendered":"<p>Sayfalar\u0131nda gezinirken arkada\u015flar\u0131n\u0131zla sohbette ya da s\u0131cac\u0131k evinizdeymi\u015f gibi hissedece\u011finiz, elinizden d\u00fc\u015fmeyecek, bolca g\u00fcl\u00fcmseme ve dilek ye\u015fertecek bir \u00f6yk\u00fc kitab\u0131 sizi bekliyor. \u0130yi m\u00fczi\u011fe dayanamay\u0131p co\u015fanlar,<span class=\"excerpt-hellip\"> [\u2026]<\/span><\/p>\n","protected":false},"featured_media":0,"template":"","meta":{"_monsterinsights_skip_tracking":false,"_monsterinsights_sitenote_active":false,"_monsterinsights_sitenote_note":"","_monsterinsights_sitenote_category":0},"product_brand":[],"product_cat":[12274,12284],"product_tag":[],"class_list":{"0":"post-738365","1":"product","2":"type-product","3":"status-publish","5":"product_cat-cocuk-ve-genclik-kitaplari","6":"product_cat-hikayeler","7":"pa_cilt-ciltsiz","8":"pa_tur-kitap","9":"pa_yayinevi-elma-cocuk","10":"pa_yazar-pelin-gunes","12":"first","13":"instock","14":"sale","15":"shipping-taxable","16":"purchasable","17":"product-type-simple"},"_links":{"self":[{"href":"https:\/\/roveyayinevi.com.tr\/index.php\/wp-json\/wp\/v2\/product\/738365","targetHints":{"allow":["GET"]}}],"collection":[{"href":"https:\/\/roveyayinevi.com.tr\/index.php\/wp-json\/wp\/v2\/product"}],"about":[{"href":"https:\/\/roveyayinevi.com.tr\/index.php\/wp-json\/wp\/v2\/types\/product"}],"wp:attachment":[{"href":"https:\/\/roveyayinevi.com.tr\/index.php\/wp-json\/wp\/v2\/media?parent=738365"}],"wp:term":[{"taxonomy":"product_brand","embeddable":true,"href":"https:\/\/roveyayinevi.com.tr\/index.php\/wp-json\/wp\/v2\/product_brand?post=738365"},{"taxonomy":"product_cat","embeddable":true,"href":"https:\/\/roveyayinevi.com.tr\/index.php\/wp-json\/wp\/v2\/product_cat?post=738365"},{"taxonomy":"product_tag","embeddable":true,"href":"https:\/\/roveyayinevi.com.tr\/index.php\/wp-json\/wp\/v2\/product_tag?post=738365"}],"curies":[{"name":"wp","href":"https:\/\/api.w.org\/{rel}","templated":true}]}}