{"id":738359,"date":"2025-08-27T23:48:17","date_gmt":"2025-08-27T20:48:17","guid":{"rendered":"https:\/\/roveyayinevi.com.tr\/index.php\/urun\/ramayana-ayodhya-kanda\/"},"modified":"2026-04-16T02:48:38","modified_gmt":"2026-04-15T23:48:38","slug":"ramayana-ayodhya-kanda","status":"publish","type":"product","link":"https:\/\/roveyayinevi.com.tr\/index.php\/urun\/ramayana-ayodhya-kanda\/","title":{"rendered":"Ramayana &#8220;Ayodhya Kanda&#8221;"},"content":{"rendered":"<p>R\u0100M\u0100YA\u1e46A 2. Kitap &#8220;Ayodhya Kanda&#8221;Aynada yans\u0131yan g\u00f6r\u00fcnt\u00fcy\u00fc \u00e7arp\u0131t\u0131rsak ne olur?Kendini g\u00f6rebilmek i\u00e7in yans\u0131yana ihtiya\u00e7 duyan, \u201cger\u00e7ek\u201d kendini yanl\u0131\u015f g\u00f6r\u00fcr ve bilir. Bu yanl\u0131\u015f, ba\u015flang\u0131\u00e7ta yani temelde meydana geldi\u011fi i\u00e7in \u00fczerine in\u015fa edilen de do\u011fal olarak eksik, ahenksiz ve \u00e7\u00fcr\u00fck bir y\u0131\u011f\u0131nt\u0131dan ba\u015fka bir \u015fey de\u011fildir.G\u00fcn\u00fcm\u00fcz bilimlerinin de bizlere sundu\u011fu i\u015fte bu y\u0131\u011f\u0131nt\u0131d\u0131r. Tam bu noktada sorulmas\u0131 gereken iki soru oldu\u011funu d\u00fc\u015f\u00fcn\u00fcyorum:1) Destanlar\u0131n, salt edebiyat\u0131n bir \u00fcr\u00fcn\u00fc oldu\u011funu kabul etmek yerine insanl\u0131\u011f\u0131n ezelde bir yerde ba\u015flayan tarihine \u0131\u015f\u0131k tutan sosyolojinin, antropolojinin, arkeolojinin, jeolojinin ve hatta biyolojinin d\u00fcnyay\u0131, dolay\u0131s\u0131yla da bizleri anlamak ve bilmek i\u00e7in yapt\u0131\u011f\u0131 ara\u015ft\u0131rmalara \u0131\u015f\u0131k tutmas\u0131na izin verseydik ne olurdu?2) Yaz\u0131l\u0131 kaynak olarak \u00e7\u0131kt\u0131klar\u0131 d\u00f6nem yerine yaz\u0131l\u0131 olan\u0131 referans al\u0131p geriye do\u011fru ara\u015ft\u0131rmalar yapsak, bak\u0131\u015f a\u00e7\u0131m\u0131z\u0131 de\u011fi\u015ftirsek ne olurdu?\u0130\u015fte o zaman, g\u00fcm\u00fc\u015f ve alt\u0131n\u0131 takas y\u00f6ntemi olarak ilk kez kullanan\u0131n M\u00d6 7. yy.daki Lidyal\u0131lar oldu\u011funu de\u011fil, onlardan binlerce y\u0131l \u00f6nce kurulmu\u015f, varl\u0131\u011f\u0131n\u0131 Ramayana\u2019da \u00f6\u011frendi\u011fimiz bir k\u00fclt\u00fcr taraf\u0131ndan \u00e7oktan kullan\u0131ld\u0131\u011f\u0131n\u0131 \u00f6\u011frenmi\u015f olacakt\u0131k.Ya da destanda kar\u015f\u0131m\u0131za \u00e7\u0131kan aslanlar\u0131n, g\u00fcn\u00fcm\u00fczde yaln\u0131zca Gir Orman\u0131&#8217;nda ya\u015fayan 674 n\u00fcfusa sahip Asya Aslan\u0131 (Panthera leo persica) olmas\u0131 ihtim\u00e2linden yola \u00e7\u0131karak, ge\u00e7mi\u015f ve \u015fimdiki zaman aras\u0131nda k\u0131yaslama yaparak sa\u011fl\u0131kl\u0131 \u00e7\u0131kar\u0131mlarda bulunma olas\u0131l\u0131\u011f\u0131m\u0131z artard\u0131.Bu nedenle Ramayana ve Mahabharata&#8217;y\u0131 sadece kadim d\u00f6nemlerin destanlar\u0131 olarak de\u011fil, bilmedi\u011fimiz zamanlar\u0131 i\u00e7inde bar\u0131nd\u0131ran destanlar oldu\u011funu kabul etmeliyiz.Yeter ki nereye, nas\u0131l bakaca\u011f\u0131m\u0131z\u0131 bilelim.\u201cBiyolog Kaan Soyuer&#8217;e arka kapak yaz\u0131s\u0131na katk\u0131lar\u0131ndan dolay\u0131 te\u015fekk\u00fcr ederim.\u201d<\/p>\n","protected":false},"excerpt":{"rendered":"<p>R\u0100M\u0100YA\u1e46A 2. Kitap &#8220;Ayodhya Kanda&#8221;Aynada yans\u0131yan g\u00f6r\u00fcnt\u00fcy\u00fc \u00e7arp\u0131t\u0131rsak ne olur?Kendini g\u00f6rebilmek i\u00e7in yans\u0131yana ihtiya\u00e7 duyan, \u201cger\u00e7ek\u201d kendini yanl\u0131\u015f g\u00f6r\u00fcr ve bilir. Bu yanl\u0131\u015f, ba\u015flang\u0131\u00e7ta yani temelde<span class=\"excerpt-hellip\"> [\u2026]<\/span><\/p>\n","protected":false},"featured_media":0,"template":"","meta":{"_monsterinsights_skip_tracking":false,"_monsterinsights_sitenote_active":false,"_monsterinsights_sitenote_note":"","_monsterinsights_sitenote_category":0},"product_brand":[],"product_cat":[12291,13706],"product_tag":[],"class_list":{"0":"post-738359","1":"product","2":"type-product","3":"status-publish","5":"product_cat-edebiyat","6":"product_cat-efsane-destan-masal","7":"pa_cilt-ciltsiz","8":"pa_tur-kitap","9":"pa_yayinevi-vaveyla-yayincilik","10":"pa_yazar-ayasya","12":"first","13":"instock","14":"sale","15":"shipping-taxable","16":"purchasable","17":"product-type-simple"},"_links":{"self":[{"href":"https:\/\/roveyayinevi.com.tr\/index.php\/wp-json\/wp\/v2\/product\/738359","targetHints":{"allow":["GET"]}}],"collection":[{"href":"https:\/\/roveyayinevi.com.tr\/index.php\/wp-json\/wp\/v2\/product"}],"about":[{"href":"https:\/\/roveyayinevi.com.tr\/index.php\/wp-json\/wp\/v2\/types\/product"}],"wp:attachment":[{"href":"https:\/\/roveyayinevi.com.tr\/index.php\/wp-json\/wp\/v2\/media?parent=738359"}],"wp:term":[{"taxonomy":"product_brand","embeddable":true,"href":"https:\/\/roveyayinevi.com.tr\/index.php\/wp-json\/wp\/v2\/product_brand?post=738359"},{"taxonomy":"product_cat","embeddable":true,"href":"https:\/\/roveyayinevi.com.tr\/index.php\/wp-json\/wp\/v2\/product_cat?post=738359"},{"taxonomy":"product_tag","embeddable":true,"href":"https:\/\/roveyayinevi.com.tr\/index.php\/wp-json\/wp\/v2\/product_tag?post=738359"}],"curies":[{"name":"wp","href":"https:\/\/api.w.org\/{rel}","templated":true}]}}