{"id":738350,"date":"2025-08-27T23:48:10","date_gmt":"2025-08-27T20:48:10","guid":{"rendered":"https:\/\/roveyayinevi.com.tr\/index.php\/urun\/vazgecmedigin-surece-zorluklar-gecicidir\/"},"modified":"2026-04-16T02:48:37","modified_gmt":"2026-04-15T23:48:37","slug":"vazgecmedigin-surece-zorluklar-gecicidir","status":"publish","type":"product","link":"https:\/\/roveyayinevi.com.tr\/index.php\/urun\/vazgecmedigin-surece-zorluklar-gecicidir\/","title":{"rendered":"Vazge\u00e7medi\u011fin S\u00fcrece Zorluklar Ge\u00e7icidir"},"content":{"rendered":"<p>Biliyorum, uzun bir yolun yorgunusun. Do\u011fdu\u011fun g\u00fcnden beri durmadan yol almaya \u00e7al\u0131\u015ft\u0131n. Kimi zaman ezbere, kimi zaman zoraki, bir noktaya kadar gelebildin.Kimi duraklarda fazlaca solukland\u0131n, kimi duraklarda ise trenin zaten \u00e7oktan ka\u00e7m\u0131\u015f oldu\u011funu d\u00fc\u015f\u00fcn\u00fcp gidece\u011fin yere do\u011fru yol almaktan vazge\u00e7tin.Bazen g\u00fcc\u00fcn vard\u0131 \u00e7abalamaya, bazense herkesten daha fazla yorgundun, ne yaparsan yap hep ayn\u0131 yerde sayd\u0131\u011f\u0131n\u0131 d\u00fc\u015f\u00fcn\u00fcyordun, ilerlemeye devam etmedin.Bazen senin se\u00e7imindi durmak, bazense mecbur b\u0131rak\u0131ld\u0131\u011f\u0131n bir zorunluluk. Sebebi ne olursa olsun yol hep \u00e7ok uzun ve belki de \u00e7ok karma\u015f\u0131kt\u0131, bu y\u00fczden olmad\u0131.Sadece senin i\u00e7in de\u011fil, herkes i\u00e7in b\u00f6yledir bu&#8230;Baz\u0131 ba\u015flang\u0131\u00e7lar hep ac\u0131 verir. Baz\u0131 ad\u0131mlar\u0131 atmak hep \u00e7ok zordur. Baz\u0131 yollar fazla dolamba\u00e7l\u0131, baz\u0131 var\u0131\u015f noktalar\u0131 hep \u00e7ok uzakt\u0131r. \u0130nsana oldu\u011fu yerden ula\u015fmas\u0131 olduk\u00e7a g\u00fc\u00e7 g\u00f6r\u00fcnen bir Kafda\u011f\u0131\u2019d\u0131r hayali. Oysa Anka Ku\u015fu misali k\u00fcllerinden yeniden do\u011faca\u011f\u0131 yer de oras\u0131d\u0131r ve oraya sadece vazge\u00e7medi\u011fi s\u00fcrece zorluklar\u0131n ge\u00e7ici oldu\u011funu anlayabilenler var\u0131r.<\/p>\n","protected":false},"excerpt":{"rendered":"<p>Biliyorum, uzun bir yolun yorgunusun. Do\u011fdu\u011fun g\u00fcnden beri durmadan yol almaya \u00e7al\u0131\u015ft\u0131n. Kimi zaman ezbere, kimi zaman zoraki, bir noktaya kadar gelebildin.Kimi duraklarda fazlaca solukland\u0131n, kimi<span class=\"excerpt-hellip\"> [\u2026]<\/span><\/p>\n","protected":false},"featured_media":0,"template":"","meta":{"_monsterinsights_skip_tracking":false,"_monsterinsights_sitenote_active":false,"_monsterinsights_sitenote_note":"","_monsterinsights_sitenote_category":0},"product_brand":[],"product_cat":[12364,12376],"product_tag":[],"class_list":{"0":"post-738350","1":"product","2":"type-product","3":"status-publish","5":"product_cat-genel-konular","6":"product_cat-kisisel-gelisim","7":"pa_cilt-ciltsiz","8":"pa_tur-kitap","9":"pa_yayinevi-destek-yayinlari","10":"pa_yazar-seda-eroglu","12":"first","13":"instock","14":"sale","15":"shipping-taxable","16":"purchasable","17":"product-type-simple"},"_links":{"self":[{"href":"https:\/\/roveyayinevi.com.tr\/index.php\/wp-json\/wp\/v2\/product\/738350","targetHints":{"allow":["GET"]}}],"collection":[{"href":"https:\/\/roveyayinevi.com.tr\/index.php\/wp-json\/wp\/v2\/product"}],"about":[{"href":"https:\/\/roveyayinevi.com.tr\/index.php\/wp-json\/wp\/v2\/types\/product"}],"wp:attachment":[{"href":"https:\/\/roveyayinevi.com.tr\/index.php\/wp-json\/wp\/v2\/media?parent=738350"}],"wp:term":[{"taxonomy":"product_brand","embeddable":true,"href":"https:\/\/roveyayinevi.com.tr\/index.php\/wp-json\/wp\/v2\/product_brand?post=738350"},{"taxonomy":"product_cat","embeddable":true,"href":"https:\/\/roveyayinevi.com.tr\/index.php\/wp-json\/wp\/v2\/product_cat?post=738350"},{"taxonomy":"product_tag","embeddable":true,"href":"https:\/\/roveyayinevi.com.tr\/index.php\/wp-json\/wp\/v2\/product_tag?post=738350"}],"curies":[{"name":"wp","href":"https:\/\/api.w.org\/{rel}","templated":true}]}}