{"id":738349,"date":"2025-08-27T23:48:09","date_gmt":"2025-08-27T20:48:09","guid":{"rendered":"https:\/\/roveyayinevi.com.tr\/index.php\/urun\/yeniden-sen\/"},"modified":"2026-04-16T02:48:37","modified_gmt":"2026-04-15T23:48:37","slug":"yeniden-sen","status":"publish","type":"product","link":"https:\/\/roveyayinevi.com.tr\/index.php\/urun\/yeniden-sen\/","title":{"rendered":"Yeniden Sen"},"content":{"rendered":"<p>\u201cCan kona\u011f\u0131n\u0131 aramadaysan, cans\u0131n;Bir lokma ekmek ar\u0131yorsan ekmeksin,Bir damla su ar\u0131yorsan susun,Zulm\u00fcn pe\u015findeysen zalimsin,A\u015fk\u0131 ar\u0131yorsan \u00e2\u015f\u0131ks\u0131n,G\u00f6nl\u00fcn neye kap\u0131lm\u0131\u015fsa osun sen.\u015eu n\u00fckteyi biliyorsan, i\u015fi biliyorsun demektir:Neyi ar\u0131yorsan osun sen.\u201dNefsimin varl\u0131\u011f\u0131na \u015f\u00fckrediyorum.Bizi her t\u00fcrl\u00fc hataya, kibre ve benzersiz k\u00f6t\u00fcl\u00fc\u011fe y\u00f6nlendirecek bir potansiyele sahip olan, i\u00e7ten i\u00e7e bizimle ya\u015fayan nefsimin varl\u0131\u011f\u0131na \u015f\u00fckrediyorum. \u00c7\u00fcnk\u00fc nefsim olmasa, yanl\u0131\u015f\u0131 g\u00f6recek ve s\u0131navlar\u0131m\u0131 tamamlayacak m\u00fccadele etme ve Allah\u2019a yak\u0131nla\u015fma yolumu bulamazd\u0131m. \u00c7\u00fcnk\u00fc arad\u0131\u011f\u0131m Hak\u2019t\u0131r.Sizlere, nefis m\u00fccadelesinin tasavvuf \u00fczerinden anahtarlar\u0131n\u0131 sunmak ve bu m\u00fccadelede bizi en g\u00fc\u00e7l\u00fc yapacak olan ar\u0131nmay\u0131 sizlerle payla\u015fmak ne g\u00fczel.<\/p>\n","protected":false},"excerpt":{"rendered":"<p>\u201cCan kona\u011f\u0131n\u0131 aramadaysan, cans\u0131n;Bir lokma ekmek ar\u0131yorsan ekmeksin,Bir damla su ar\u0131yorsan susun,Zulm\u00fcn pe\u015findeysen zalimsin,A\u015fk\u0131 ar\u0131yorsan \u00e2\u015f\u0131ks\u0131n,G\u00f6nl\u00fcn neye kap\u0131lm\u0131\u015fsa osun sen.\u015eu n\u00fckteyi biliyorsan, i\u015fi biliyorsun demektir:Neyi ar\u0131yorsan<span class=\"excerpt-hellip\"> [\u2026]<\/span><\/p>\n","protected":false},"featured_media":0,"template":"","meta":{"_monsterinsights_skip_tracking":false,"_monsterinsights_sitenote_active":false,"_monsterinsights_sitenote_note":"","_monsterinsights_sitenote_category":0},"product_brand":[],"product_cat":[16382,12718],"product_tag":[],"class_list":{"0":"post-738349","1":"product","2":"type-product","3":"status-publish","5":"product_cat-diger-inanclar","6":"product_cat-din","7":"pa_cilt-ciltsiz","8":"pa_tur-kitap","9":"pa_yayinevi-destek-yayinlari","10":"pa_yazar-ferhat-atik","12":"first","13":"instock","14":"sale","15":"shipping-taxable","16":"purchasable","17":"product-type-simple"},"_links":{"self":[{"href":"https:\/\/roveyayinevi.com.tr\/index.php\/wp-json\/wp\/v2\/product\/738349","targetHints":{"allow":["GET"]}}],"collection":[{"href":"https:\/\/roveyayinevi.com.tr\/index.php\/wp-json\/wp\/v2\/product"}],"about":[{"href":"https:\/\/roveyayinevi.com.tr\/index.php\/wp-json\/wp\/v2\/types\/product"}],"wp:attachment":[{"href":"https:\/\/roveyayinevi.com.tr\/index.php\/wp-json\/wp\/v2\/media?parent=738349"}],"wp:term":[{"taxonomy":"product_brand","embeddable":true,"href":"https:\/\/roveyayinevi.com.tr\/index.php\/wp-json\/wp\/v2\/product_brand?post=738349"},{"taxonomy":"product_cat","embeddable":true,"href":"https:\/\/roveyayinevi.com.tr\/index.php\/wp-json\/wp\/v2\/product_cat?post=738349"},{"taxonomy":"product_tag","embeddable":true,"href":"https:\/\/roveyayinevi.com.tr\/index.php\/wp-json\/wp\/v2\/product_tag?post=738349"}],"curies":[{"name":"wp","href":"https:\/\/api.w.org\/{rel}","templated":true}]}}