{"id":738348,"date":"2025-08-27T23:48:08","date_gmt":"2025-08-27T20:48:08","guid":{"rendered":"https:\/\/roveyayinevi.com.tr\/index.php\/urun\/ilkokulda-alternatif-egitim-uygulamalari\/"},"modified":"2026-04-16T02:48:37","modified_gmt":"2026-04-15T23:48:37","slug":"ilkokulda-alternatif-egitim-uygulamalari","status":"publish","type":"product","link":"https:\/\/roveyayinevi.com.tr\/index.php\/urun\/ilkokulda-alternatif-egitim-uygulamalari\/","title":{"rendered":"\u0130lkokulda Alternatif E\u011fitim Uygulamalar\u0131"},"content":{"rendered":"<p>Bu kitapta \u00fclkemizde ilkokullar i\u00e7in uygulanmakta olan alternatif e\u011fitim uygulamalar\u0131na farkl\u0131 b\u00f6l\u00fcmlerde yer verilmeye \u00e7al\u0131\u015f\u0131lm\u0131\u015ft\u0131r. Kitap s\u0131n\u0131f \u00f6\u011fretmenleri ve \u00f6\u011fretmen adaylar\u0131 ba\u015fta olmak \u00fczere; e\u011fitime g\u00f6n\u00fcl veren, \u201cmaarif meselesi memleket meselesidir\u201d diye d\u00fc\u015f\u00fcnen ve vatan sevdas\u0131n\u0131 ona hizmetle ortaya koyma yar\u0131\u015f\u0131nda olan t\u00fcm e\u011fitimcilerimize ithaf edilmi\u015f ve istifadelerine sunulmu\u015ftur.<\/p>\n","protected":false},"excerpt":{"rendered":"<p>Bu kitapta \u00fclkemizde ilkokullar i\u00e7in uygulanmakta olan alternatif e\u011fitim uygulamalar\u0131na farkl\u0131 b\u00f6l\u00fcmlerde yer verilmeye \u00e7al\u0131\u015f\u0131lm\u0131\u015ft\u0131r. Kitap s\u0131n\u0131f \u00f6\u011fretmenleri ve \u00f6\u011fretmen adaylar\u0131 ba\u015fta olmak \u00fczere; e\u011fitime g\u00f6n\u00fcl<span class=\"excerpt-hellip\"> [\u2026]<\/span><\/p>\n","protected":false},"featured_media":0,"template":"","meta":{"_monsterinsights_skip_tracking":false,"_monsterinsights_sitenote_active":false,"_monsterinsights_sitenote_note":"","_monsterinsights_sitenote_category":0},"product_brand":[],"product_cat":[12573,12566],"product_tag":[],"class_list":{"0":"post-738348","1":"product","2":"type-product","3":"status-publish","5":"product_cat-akademik-kitaplar","6":"product_cat-egitim","7":"pa_cilt-ciltsiz","8":"pa_tur-kitap","9":"pa_yayinevi-egiten-kitap","10":"pa_yazar-egiten-kitap-kolektif","12":"first","13":"instock","14":"sale","15":"shipping-taxable","16":"purchasable","17":"product-type-simple"},"_links":{"self":[{"href":"https:\/\/roveyayinevi.com.tr\/index.php\/wp-json\/wp\/v2\/product\/738348","targetHints":{"allow":["GET"]}}],"collection":[{"href":"https:\/\/roveyayinevi.com.tr\/index.php\/wp-json\/wp\/v2\/product"}],"about":[{"href":"https:\/\/roveyayinevi.com.tr\/index.php\/wp-json\/wp\/v2\/types\/product"}],"wp:attachment":[{"href":"https:\/\/roveyayinevi.com.tr\/index.php\/wp-json\/wp\/v2\/media?parent=738348"}],"wp:term":[{"taxonomy":"product_brand","embeddable":true,"href":"https:\/\/roveyayinevi.com.tr\/index.php\/wp-json\/wp\/v2\/product_brand?post=738348"},{"taxonomy":"product_cat","embeddable":true,"href":"https:\/\/roveyayinevi.com.tr\/index.php\/wp-json\/wp\/v2\/product_cat?post=738348"},{"taxonomy":"product_tag","embeddable":true,"href":"https:\/\/roveyayinevi.com.tr\/index.php\/wp-json\/wp\/v2\/product_tag?post=738348"}],"curies":[{"name":"wp","href":"https:\/\/api.w.org\/{rel}","templated":true}]}}