{"id":738347,"date":"2025-08-27T23:48:08","date_gmt":"2025-08-27T20:48:08","guid":{"rendered":"https:\/\/roveyayinevi.com.tr\/index.php\/urun\/egitim-ve-kimlik\/"},"modified":"2026-04-16T02:48:37","modified_gmt":"2026-04-15T23:48:37","slug":"egitim-ve-kimlik","status":"publish","type":"product","link":"https:\/\/roveyayinevi.com.tr\/index.php\/urun\/egitim-ve-kimlik\/","title":{"rendered":"E\u011fitim Ve Kimlik"},"content":{"rendered":"<p>E\u011fitim ve kimlik ili\u015fkisi, e\u011fitim, felsefe, sosyoloji ve antropolojiden siyaset bilimine sosyal bilimlerin neredeyse t\u00fcm\u00fcnde ilgiye mazhar olmu\u015f ve bu konuda \u00f6nemli bir literat\u00fcr olu\u015fmu\u015ftur. Buna kar\u015f\u0131n e\u011fitim bilimleri \u00f6zellikle anaak\u0131m bu konuyu \u00e7al\u0131\u015fma alan\u0131 d\u0131\u015f\u0131nda tutmu\u015ftur. \u00c7\u00fcnk\u00fc e\u011fitim ve kimlik ili\u015fkisini \u00e7\u00f6z\u00fcmlemek bu iki kavram\u0131n ideolojik bir alana \u00e7ekilen boyutuyla y\u00fczle\u015fmek oldu\u011fu gibi ayn\u0131 zamanda e\u011fitimin iktidara bakan y\u00fcz\u00fcn\u00fc de de\u015fifre etmek demektir. E\u011fitime y\u00fcklenen vatanda\u015f ve i\u015fg\u00fcc\u00fc yeti\u015ftirmek i\u015flevi asl\u0131nda bir kimlik \u00fcretim s\u00fcrecidir ve iktidarlar\u0131n talepleri ile ilgilidir.   Bu nedenle anaak\u0131m e\u011fitim bilimlerinin s\u00f6zde politiklikten ar\u0131nd\u0131r\u0131lm\u0131\u015f bilimsel literat\u00fcr\u00fcnde e\u011fitim ve kimlik ili\u015fkisi ile ilgili temalar genelde e\u011fitimin i\u015flevleri aras\u0131nda yer verilmi\u015ftir. Bu y\u00f6nde yap\u0131lan t\u00fcm \u00e7al\u0131\u015fmalar e\u011fitim \u00fczerinde s\u00f6z hakk\u0131 olan \u00f6zneleri ihmal eden anaak\u0131m e\u011fitim bilimleri yakla\u015f\u0131mlar\u0131 ile yap\u0131lm\u0131\u015ft\u0131r.<\/p>\n","protected":false},"excerpt":{"rendered":"<p>E\u011fitim ve kimlik ili\u015fkisi, e\u011fitim, felsefe, sosyoloji ve antropolojiden siyaset bilimine sosyal bilimlerin neredeyse t\u00fcm\u00fcnde ilgiye mazhar olmu\u015f ve bu konuda \u00f6nemli bir literat\u00fcr olu\u015fmu\u015ftur. Buna<span class=\"excerpt-hellip\"> [\u2026]<\/span><\/p>\n","protected":false},"featured_media":0,"template":"","meta":{"_monsterinsights_skip_tracking":false,"_monsterinsights_sitenote_active":false,"_monsterinsights_sitenote_note":"","_monsterinsights_sitenote_category":0},"product_brand":[],"product_cat":[12573,12566],"product_tag":[],"class_list":{"0":"post-738347","1":"product","2":"type-product","3":"status-publish","5":"product_cat-akademik-kitaplar","6":"product_cat-egitim","7":"pa_cilt-ciltsiz","8":"pa_tur-kitap","9":"pa_yayinevi-egiten-kitap","10":"pa_yazar-egiten-kitap-kolektif","12":"first","13":"instock","14":"sale","15":"shipping-taxable","16":"purchasable","17":"product-type-simple"},"_links":{"self":[{"href":"https:\/\/roveyayinevi.com.tr\/index.php\/wp-json\/wp\/v2\/product\/738347","targetHints":{"allow":["GET"]}}],"collection":[{"href":"https:\/\/roveyayinevi.com.tr\/index.php\/wp-json\/wp\/v2\/product"}],"about":[{"href":"https:\/\/roveyayinevi.com.tr\/index.php\/wp-json\/wp\/v2\/types\/product"}],"wp:attachment":[{"href":"https:\/\/roveyayinevi.com.tr\/index.php\/wp-json\/wp\/v2\/media?parent=738347"}],"wp:term":[{"taxonomy":"product_brand","embeddable":true,"href":"https:\/\/roveyayinevi.com.tr\/index.php\/wp-json\/wp\/v2\/product_brand?post=738347"},{"taxonomy":"product_cat","embeddable":true,"href":"https:\/\/roveyayinevi.com.tr\/index.php\/wp-json\/wp\/v2\/product_cat?post=738347"},{"taxonomy":"product_tag","embeddable":true,"href":"https:\/\/roveyayinevi.com.tr\/index.php\/wp-json\/wp\/v2\/product_tag?post=738347"}],"curies":[{"name":"wp","href":"https:\/\/api.w.org\/{rel}","templated":true}]}}