{"id":738345,"date":"2025-08-27T23:48:06","date_gmt":"2025-08-27T20:48:06","guid":{"rendered":"https:\/\/roveyayinevi.com.tr\/index.php\/urun\/prof-dr-ayse-s-akyele-ogrencilerinden-armagan-kitap-turkiyede-yabanci-dil-ogretmeni-egitimi-uzerine-arastirmalar\/"},"modified":"2026-04-16T02:48:37","modified_gmt":"2026-04-15T23:48:37","slug":"prof-dr-ayse-s-akyele-ogrencilerinden-armagan-kitap-turkiyede-yabanci-dil-ogretmeni-egitimi-uzerine-arastirmalar","status":"publish","type":"product","link":"https:\/\/roveyayinevi.com.tr\/index.php\/urun\/prof-dr-ayse-s-akyele-ogrencilerinden-armagan-kitap-turkiyede-yabanci-dil-ogretmeni-egitimi-uzerine-arastirmalar\/","title":{"rendered":"Prof. Dr. Ay\u015fe S. Akyel\u2019e \u00d6\u011frencilerinden Arma\u011fan Kitap- T\u00fcrkiye\u2019de Yabanc\u0131 Dil \u00d6\u011fretmeni E\u011fitimi \u00dczerine Ara\u015ft\u0131rmalar"},"content":{"rendered":"<p>Kitab\u0131m\u0131za \u0130ngiliz Dili E\u011fitimi alan\u0131nda uzman olan de\u011ferli Prof. Dr. Ay\u015fe S. Akyel\u2019in yeti\u015ftirmi\u015f oldu\u011fu akademisyenler, alandaki g\u00fcncel konular\u0131 irdeledikleri yeni \u00e7al\u0131\u015fmalar\u0131n\u0131n birer \u00fcr\u00fcn\u00fc olan ara\u015ft\u0131rma yaz\u0131lar\u0131 ve\/veya kendisi ile ilgili an\u0131lar\u0131yla katk\u0131da bulunmu\u015flard\u0131r.   Bu kitap, d\u00fcn\u00fcn \u00f6\u011frencileri, bug\u00fcn\u00fcn de\u011ferli ve vefal\u0131 akademisyenlerinin \u201cHocalar\u0131n Hocas\u0131na\u201d bir arma\u011fan\u0131d\u0131r. <\/p>\n","protected":false},"excerpt":{"rendered":"<p>Kitab\u0131m\u0131za \u0130ngiliz Dili E\u011fitimi alan\u0131nda uzman olan de\u011ferli Prof. Dr. Ay\u015fe S. Akyel\u2019in yeti\u015ftirmi\u015f oldu\u011fu akademisyenler, alandaki g\u00fcncel konular\u0131 irdeledikleri yeni \u00e7al\u0131\u015fmalar\u0131n\u0131n birer \u00fcr\u00fcn\u00fc olan ara\u015ft\u0131rma<span class=\"excerpt-hellip\"> [\u2026]<\/span><\/p>\n","protected":false},"featured_media":0,"template":"","meta":{"_monsterinsights_skip_tracking":false,"_monsterinsights_sitenote_active":false,"_monsterinsights_sitenote_note":"","_monsterinsights_sitenote_category":0},"product_brand":[],"product_cat":[12573,12566],"product_tag":[],"class_list":{"0":"post-738345","1":"product","2":"type-product","3":"status-publish","5":"product_cat-akademik-kitaplar","6":"product_cat-egitim","7":"pa_cilt-ciltsiz","8":"pa_tur-kitap","9":"pa_yayinevi-egiten-kitap","10":"pa_yazar-gorsev-sonmez","12":"first","13":"instock","14":"sale","15":"shipping-taxable","16":"purchasable","17":"product-type-simple"},"_links":{"self":[{"href":"https:\/\/roveyayinevi.com.tr\/index.php\/wp-json\/wp\/v2\/product\/738345","targetHints":{"allow":["GET"]}}],"collection":[{"href":"https:\/\/roveyayinevi.com.tr\/index.php\/wp-json\/wp\/v2\/product"}],"about":[{"href":"https:\/\/roveyayinevi.com.tr\/index.php\/wp-json\/wp\/v2\/types\/product"}],"wp:attachment":[{"href":"https:\/\/roveyayinevi.com.tr\/index.php\/wp-json\/wp\/v2\/media?parent=738345"}],"wp:term":[{"taxonomy":"product_brand","embeddable":true,"href":"https:\/\/roveyayinevi.com.tr\/index.php\/wp-json\/wp\/v2\/product_brand?post=738345"},{"taxonomy":"product_cat","embeddable":true,"href":"https:\/\/roveyayinevi.com.tr\/index.php\/wp-json\/wp\/v2\/product_cat?post=738345"},{"taxonomy":"product_tag","embeddable":true,"href":"https:\/\/roveyayinevi.com.tr\/index.php\/wp-json\/wp\/v2\/product_tag?post=738345"}],"curies":[{"name":"wp","href":"https:\/\/api.w.org\/{rel}","templated":true}]}}