{"id":738343,"date":"2025-08-27T23:48:04","date_gmt":"2025-08-27T20:48:04","guid":{"rendered":"https:\/\/roveyayinevi.com.tr\/index.php\/urun\/halkin-fermani\/"},"modified":"2026-04-16T02:48:37","modified_gmt":"2026-04-15T23:48:37","slug":"halkin-fermani","status":"publish","type":"product","link":"https:\/\/roveyayinevi.com.tr\/index.php\/urun\/halkin-fermani\/","title":{"rendered":"Halk\u0131n Ferman\u0131"},"content":{"rendered":"<p>Halk\u0131n Ferman\u0131 kitab\u0131nda Burak Ak\u00e7apar, Osmanl\u0131 \u0130mparatorlu\u011fu\u2019na yard\u0131m amac\u0131yla gelen Mukhtar Ahmed Ansari \u00f6nderli\u011findeki Hint T\u0131p Heyeti\u2019nin g\u00f6nderilmesinde rol oynayan tarihi dinamiklere, heyetin yerel siyasi ve b\u00fcrokratik kadrolarla etkile\u015fimlerine ve sava\u015f s\u0131ras\u0131nda fedak\u00e2rca yapt\u0131\u011f\u0131 \u00e7al\u0131\u015fmalara odaklan\u0131yor.   \u00c7al\u0131\u015fman\u0131n ana konusunu olu\u015fturan T\u0131p Heyeti\u2019nin izleklerini Ak\u00e7apar, ayn\u0131 d\u00f6nemde Delhi\u2019deki Comrade dergisinde Ansari\u2019nin Osmanl\u0131 T\u00fcrkiye\u2019sinde ge\u00e7irdi\u011fi g\u00fcnl\u00fck faaliyetlerini ayr\u0131nt\u0131lar\u0131yla anlatt\u0131\u011f\u0131 mektuplarda bulmu\u015f. Hint M\u00fcsl\u00fcmanlar\u0131n\u0131n Halife Sultan olarak kabul ettikleri Osmanl\u0131 padi\u015fah\u0131na ba\u011fl\u0131l\u0131\u011f\u0131 Ak\u00e7apar taraf\u0131ndan Panislamizm tart\u0131\u015fmas\u0131 \u00e7er\u00e7evesinde incelenirken, yay\u0131mlanan mektuplar bir d\u00f6nem anlat\u0131s\u0131 olarak Osmanl\u0131 \u0130mparatorlu\u011fu\u2019nun son d\u00f6nemindeki siyasi, ekonomik, toplumsal ve di\u011fer devletlerle olan ili\u015fkilerine dair ilgin\u00e7 ipu\u00e7lar\u0131 sunuyor.   Kitapta Comrade taraf\u0131ndan y\u00fczy\u0131l \u00f6nce bas\u0131lm\u0131\u015f mektuplar\u0131n tam \u00f6rneklerinin ilk kez yay\u0131mlanan bir antolojisini de yer al\u0131yor. Mektuplar Ansari ve meslekta\u015flar\u0131n\u0131n \u00f6zg\u00fcn sesini, Ansari\u2019nin ayakta kalm\u0131\u015f tek M\u00fcsl\u00fcman devlete yard\u0131m eden Hint M\u00fcsl\u00fcmanlar\u0131n\u0131n sahadaki temsilcileri olarak ya\u015fad\u0131klar\u0131na dair g\u00fcnl\u00fc\u011f\u00fcn\u00fc i\u00e7eriyor.   Burak Ak\u00e7apar, T\u00fcrk b\u00fcy\u00fckel\u00e7i, akademisyen ve k\u00f6\u015fe yazar\u0131d\u0131r. May\u0131s 2021 tarihinden bu yana T\u00fcrkiye Cumhuriyeti \u0130spanya B\u00fcy\u00fckel\u00e7isi olarak g\u00f6rev yapmaktad\u0131r. <\/p>\n","protected":false},"excerpt":{"rendered":"<p>Halk\u0131n Ferman\u0131 kitab\u0131nda Burak Ak\u00e7apar, Osmanl\u0131 \u0130mparatorlu\u011fu\u2019na yard\u0131m amac\u0131yla gelen Mukhtar Ahmed Ansari \u00f6nderli\u011findeki Hint T\u0131p Heyeti\u2019nin g\u00f6nderilmesinde rol oynayan tarihi dinamiklere, heyetin yerel siyasi ve<span class=\"excerpt-hellip\"> [\u2026]<\/span><\/p>\n","protected":false},"featured_media":0,"template":"","meta":{"_monsterinsights_skip_tracking":false,"_monsterinsights_sitenote_active":false,"_monsterinsights_sitenote_note":"","_monsterinsights_sitenote_category":0},"product_brand":[],"product_cat":[12312,12304],"product_tag":[],"class_list":{"0":"post-738343","1":"product","2":"type-product","3":"status-publish","5":"product_cat-diger","6":"product_cat-tarih","7":"pa_cilt-ciltsiz","8":"pa_tur-kitap","9":"pa_yayinevi-koc-universitesi-yayinlari","10":"pa_yazar-burak-akcapar","12":"first","13":"instock","14":"sale","15":"shipping-taxable","16":"purchasable","17":"product-type-simple"},"_links":{"self":[{"href":"https:\/\/roveyayinevi.com.tr\/index.php\/wp-json\/wp\/v2\/product\/738343","targetHints":{"allow":["GET"]}}],"collection":[{"href":"https:\/\/roveyayinevi.com.tr\/index.php\/wp-json\/wp\/v2\/product"}],"about":[{"href":"https:\/\/roveyayinevi.com.tr\/index.php\/wp-json\/wp\/v2\/types\/product"}],"wp:attachment":[{"href":"https:\/\/roveyayinevi.com.tr\/index.php\/wp-json\/wp\/v2\/media?parent=738343"}],"wp:term":[{"taxonomy":"product_brand","embeddable":true,"href":"https:\/\/roveyayinevi.com.tr\/index.php\/wp-json\/wp\/v2\/product_brand?post=738343"},{"taxonomy":"product_cat","embeddable":true,"href":"https:\/\/roveyayinevi.com.tr\/index.php\/wp-json\/wp\/v2\/product_cat?post=738343"},{"taxonomy":"product_tag","embeddable":true,"href":"https:\/\/roveyayinevi.com.tr\/index.php\/wp-json\/wp\/v2\/product_tag?post=738343"}],"curies":[{"name":"wp","href":"https:\/\/api.w.org\/{rel}","templated":true}]}}