{"id":738340,"date":"2025-08-27T23:48:00","date_gmt":"2025-08-27T20:48:00","guid":{"rendered":"https:\/\/roveyayinevi.com.tr\/index.php\/urun\/bekci-amos-otobusu-kaciriyor\/"},"modified":"2026-04-16T02:48:37","modified_gmt":"2026-04-15T23:48:37","slug":"bekci-amos-otobusu-kaciriyor","status":"publish","type":"product","link":"https:\/\/roveyayinevi.com.tr\/index.php\/urun\/bekci-amos-otobusu-kaciriyor\/","title":{"rendered":"Bek\u00e7i Amos Otob\u00fcs\u00fc Ka\u00e7\u0131r\u0131yor"},"content":{"rendered":"<p>Hayvanat Bah\u00e7esi\u2019nin d\u00fc\u015f\u00fcnceli ve dakik bek\u00e7isi Amos McGee geri d\u00f6nd\u00fc!   Amos, arkada\u015flar\u0131 i\u00e7in bir gezinti d\u00fczenlemek istiyordu. O gece heyecandan uyuyamad\u0131. Sabah uyand\u0131\u011f\u0131ndaysa kahvalt\u0131 masas\u0131nda uyuyakald\u0131 ve otob\u00fcs\u00fc ka\u00e7\u0131rd\u0131. \u0130\u015fe vard\u0131\u011f\u0131nda \u00e7oktan ge\u00e7 kalm\u0131\u015ft\u0131 bile. O g\u00fcn gezintiye \u00e7\u0131kmak i\u00e7in zaman kalacak m\u0131yd\u0131? Neyse ki Amos\u2019un arkada\u015flar\u0131 hep yan\u0131nda ve ona yard\u0131mc\u0131 olmak i\u00e7in ellerinden geleni yapmaya haz\u0131rlar!   Sevilen yazar Philip C. Stead ile \u00f6d\u00fcll\u00fc ill\u00fcstrat\u00f6r Erin E. Stead\u2019in klasikle\u015fen kitaplar\u0131 Bek\u00e7i Amos\u2019un Hastaland\u0131\u011f\u0131 G\u00fcn\u2019\u00fcn ard\u0131ndan s\u0131ms\u0131cac\u0131k bir hik\u00e2ye daha. <\/p>\n","protected":false},"excerpt":{"rendered":"<p>Hayvanat Bah\u00e7esi\u2019nin d\u00fc\u015f\u00fcnceli ve dakik bek\u00e7isi Amos McGee geri d\u00f6nd\u00fc! Amos, arkada\u015flar\u0131 i\u00e7in bir gezinti d\u00fczenlemek istiyordu. O gece heyecandan uyuyamad\u0131. Sabah uyand\u0131\u011f\u0131ndaysa kahvalt\u0131 masas\u0131nda uyuyakald\u0131<span class=\"excerpt-hellip\"> [\u2026]<\/span><\/p>\n","protected":false},"featured_media":0,"template":"","meta":{"_monsterinsights_skip_tracking":false,"_monsterinsights_sitenote_active":false,"_monsterinsights_sitenote_note":"","_monsterinsights_sitenote_category":0},"product_brand":[],"product_cat":[12274,12284],"product_tag":[],"class_list":{"0":"post-738340","1":"product","2":"type-product","3":"status-publish","5":"product_cat-cocuk-ve-genclik-kitaplari","6":"product_cat-hikayeler","7":"pa_cilt-ciltsiz","8":"pa_tur-kitap","9":"pa_yayinevi-yapi-kredi-yayinlari","10":"pa_yazar-philip-c-stead","12":"first","13":"instock","14":"sale","15":"shipping-taxable","16":"purchasable","17":"product-type-simple"},"_links":{"self":[{"href":"https:\/\/roveyayinevi.com.tr\/index.php\/wp-json\/wp\/v2\/product\/738340","targetHints":{"allow":["GET"]}}],"collection":[{"href":"https:\/\/roveyayinevi.com.tr\/index.php\/wp-json\/wp\/v2\/product"}],"about":[{"href":"https:\/\/roveyayinevi.com.tr\/index.php\/wp-json\/wp\/v2\/types\/product"}],"wp:attachment":[{"href":"https:\/\/roveyayinevi.com.tr\/index.php\/wp-json\/wp\/v2\/media?parent=738340"}],"wp:term":[{"taxonomy":"product_brand","embeddable":true,"href":"https:\/\/roveyayinevi.com.tr\/index.php\/wp-json\/wp\/v2\/product_brand?post=738340"},{"taxonomy":"product_cat","embeddable":true,"href":"https:\/\/roveyayinevi.com.tr\/index.php\/wp-json\/wp\/v2\/product_cat?post=738340"},{"taxonomy":"product_tag","embeddable":true,"href":"https:\/\/roveyayinevi.com.tr\/index.php\/wp-json\/wp\/v2\/product_tag?post=738340"}],"curies":[{"name":"wp","href":"https:\/\/api.w.org\/{rel}","templated":true}]}}